{"id":1019,"date":"2024-09-10T07:54:50","date_gmt":"2024-09-10T07:54:50","guid":{"rendered":"https:\/\/keweicorten.com\/?post_type=product&#038;p=1019"},"modified":"2025-01-15T06:28:11","modified_gmt":"2025-01-15T06:28:11","slug":"pollare-av-corten","status":"publish","type":"product","link":"https:\/\/keweicorten.com\/sv\/pollare-av-corten\/","title":{"rendered":"pollare av corten"},"content":{"rendered":"<h2>F\u00f6rdelar med applikationer f\u00f6r cortenpollare:.<\/h2>\n<ol>\n<li>Stark korrosionsbest\u00e4ndighet: N\u00e4r vittringsst\u00e5l uts\u00e4tts f\u00f6r atmosf\u00e4risk milj\u00f6 bildas en kraftig oxidf\u00e4rg p\u00e5 ytan, som effektivt f\u00f6rhindrar korrosion och f\u00f6rl\u00e4nger materialets livsl\u00e4ngd. Vittringsst\u00e5l kr\u00e4ver mindre bel\u00e4ggning och underh\u00e5ll under drift j\u00e4mf\u00f6rt med vanligt st\u00e5l tack vare dess exceptionella korrosionsbest\u00e4ndighet, vilket resulterar i l\u00e4gre underh\u00e5llskostnader.<\/li>\n<li>Goda mekaniska egenskaper.<\/li>\n<li>Estetik : V\u00e4derst\u00e5l som anv\u00e4nds under en tidsperiod, ytan kommer att bilda en unik rostf\u00e4rg, har en bra estetisk effekt, l\u00e4mplig f\u00f6r byggnader, broar och andra tillf\u00e4llen som beh\u00f6ver visuella effekter.<\/li>\n<li>\u00a0Milj\u00f6v\u00e4nligt: Vittrande st\u00e5l kan \u00e5tervinnas, i linje med kraven p\u00e5 h\u00e5llbar utveckling, l\u00e4mpligt f\u00f6r moderna milj\u00f6skyddskoncept.<\/li>\n<li>Brett anv\u00e4ndningsomr\u00e5de: Anv\u00e4nds ofta i broar, byggnader, j\u00e4rnv\u00e4gsstationer, containrar, vindkraftstorn och andra omr\u00e5den, l\u00e4mpliga f\u00f6r alla typer av h\u00e5rda v\u00e4derf\u00f6rh\u00e5llanden.<\/li>\n<\/ol>\n<table border=\"1\">\n<tbody>\n<tr>\n<td><span data-spm-anchor-id=\"a2700.details.0.i39.110e3b73M5Suk8\">Produktens namn<\/span><\/td>\n<td>Bollard Lawn Garden Light Modern Bollard i cortenst\u00e5l Light<\/td>\n<\/tr>\n<tr>\n<td>Huvuddel R\u00e5material<\/td>\n<td>Cortenst\u00e5l<\/td>\n<\/tr>\n<tr>\n<td>Effekt av LED<\/td>\n<td>10W, 12W<\/td>\n<\/tr>\n<tr>\n<td>IP Grdae<\/td>\n<td>IP65, IP66<\/td>\n<\/tr>\n<tr>\n<td>F\u00e4rg p\u00e5 ytan<\/td>\n<td>Rostig eller anpassad<\/td>\n<\/tr>\n<\/tbody>\n<\/table>\n<h2>Till\u00e4mpningen av CORTEN-lampan i design:<\/h2>\n<p>1. Estetik och unikhet: Vittringsst\u00e5l kommer att bilda en unik rostf\u00e4rg efter oxidation, som kan integreras med den naturliga milj\u00f6n f\u00f6r att skapa ett harmoniskt stadslandskap, vilket ger en k\u00e4nsla av konst och historia.<\/p>\n<p>2. H\u00e5llbarhet och l\u00e5ga underh\u00e5llskostnader: V\u00e4derst\u00e5l har utm\u00e4rkt korrosionsbest\u00e4ndighet och \u00e4r l\u00e4mpligt f\u00f6r anv\u00e4ndning under olika klimatf\u00f6rh\u00e5llanden, vilket minskar behovet av underh\u00e5ll och utbyte orsakat av rost och korrosion, vilket \u00e4r en viktig ekonomisk f\u00f6rdel f\u00f6r stadsf\u00f6rvaltningen.<\/p>\n<p>3. Stark b\u00e4rf\u00f6rm\u00e5ga: Lampstolpar av v\u00e4derst\u00e5l har goda mekaniska egenskaper och kan st\u00f6dja olika typer av belysningsutrustning och anordningar f\u00f6r att tillgodose behoven hos olika funktioner i staden.<\/p>\n<p>4. Flexibel design: Vittringsst\u00e5let har god bearbetningsprestanda och kan anpassas efter de \u00f6vergripande stadsplanerings- och designbehoven i olika former och olika h\u00f6jder p\u00e5 lyktstolpar, vilket \u00f6kar designens m\u00e5ngfald och flexibilitet.<\/p>\n<p>5. Kompatibel med andra material: V\u00e4derbest\u00e4ndigt st\u00e5l kan kombineras med tr\u00e4, glas, betong och andra byggnadsmaterial f\u00f6r att skapa en m\u00e4ngd olika stilar av lyktstolpar som berikar skiktningen och m\u00e5ngfalden i stadslandskapet.<\/p>\n<p>6. nattbelysningseffekt: Lampstolpar i vittringsst\u00e5l kan samarbeta med LED-lampor f\u00f6r att ge energibesparande och ljusa belysningseffekter och f\u00f6rb\u00e4ttra s\u00e4kerheten och sk\u00f6nheten i det urbana nattlandskapet.<\/p>\n<p><img fetchpriority=\"high\" decoding=\"async\" class=\"\" src=\"https:\/\/sc04.alicdn.com\/kf\/H2b2d3df904e24b97815012213c5f0d04m\/268101461\/H2b2d3df904e24b97815012213c5f0d04m.jpg\" width=\"893\" height=\"670\" \/><\/p>\n<table class=\"all magic-14\" style=\"height: 253px;\" width=\"892\">\n<tbody>\n<tr>\n<td colspan=\"1\" rowspan=\"1\">\n<div class=\"magic-15\" data-spm-anchor-id=\"a2700.details.0.i40.46752983hcnmIO\"><b data-spm-anchor-id=\"a2700.pc-decorate.0.i12.a91e3333LxMsYh\">Produktens namn<\/b><\/div>\n<\/td>\n<td colspan=\"1\" rowspan=\"1\">\n<div class=\"magic-16\">Corten Steel Lampor Utomhus Tr\u00e4dg\u00e5rd G\u00e5rd Led Bollard Ljusl\u00e5dor<\/div>\n<\/td>\n<\/tr>\n<tr>\n<td colspan=\"1\" rowspan=\"1\">\n<div class=\"magic-15\"><b>Material<\/b><\/div>\n<\/td>\n<td colspan=\"1\" rowspan=\"1\">\n<div class=\"magic-16\">Cortenst\u00e5l \/ v\u00e4derbest\u00e4ndigt st\u00e5l, etc.<\/div>\n<\/td>\n<\/tr>\n<tr>\n<td colspan=\"1\" rowspan=\"1\">\n<div class=\"magic-15\"><b>Storlek<\/b><\/div>\n<\/td>\n<td colspan=\"1\" rowspan=\"1\">\n<div class=\"magic-16\">\n<p>H\u00f6jd (mm): 800 mm,600 mm;<\/p>\n<div data-spm-anchor-id=\"a2700.pc-decorate.0.i28.2edb3333TKEWqO\">Diameter \/ bredd (mm): 120 mm, 150 mm;<\/div>\n<div data-spm-anchor-id=\"a2700.pc-decorate.0.i28.2edb3333TKEWqO\">eller som krav<\/div>\n<\/div>\n<\/td>\n<\/tr>\n<tr>\n<td colspan=\"1\" rowspan=\"1\">\n<div class=\"magic-15\"><b>F\u00e4rg<\/b><\/div>\n<\/td>\n<td colspan=\"1\" rowspan=\"1\">\n<div class=\"magic-16\">Rostr\u00f6d eller enligt kundens \u00f6nskem\u00e5l<\/div>\n<\/td>\n<\/tr>\n<tr>\n<td colspan=\"1\" rowspan=\"1\">\n<div class=\"magic-17\"><b>Ing\u00e5ngssp\u00e4nning (V)<\/b><\/div>\n<\/td>\n<td colspan=\"1\" rowspan=\"1\">\n<div class=\"magic-18\">AC 220V( \u00b1 10%)<\/div>\n<\/td>\n<\/tr>\n<tr>\n<td colspan=\"1\" rowspan=\"1\">\n<div class=\"magic-19\"><b data-spm-anchor-id=\"a2700.pc-decorate.0.i6.2edb3333TKEWqO\">Ytbehandling<\/b><\/div>\n<\/td>\n<td colspan=\"1\" rowspan=\"1\">\n<div class=\"magic-20\">F\u00f6rrostade, anpassade<\/div>\n<\/td>\n<\/tr>\n<tr>\n<td colspan=\"1\" rowspan=\"1\">\n<div class=\"magic-15\"><b>Ytterligare tj\u00e4nster<\/b><\/div>\n<\/td>\n<td colspan=\"1\" rowspan=\"1\">\n<div class=\"magic-16\">Vi kan producera en m\u00e4ngd olika tr\u00e4dg\u00e5rdsledda pollarlampor enligt kundernas design, ritningar, prover och detaljerade krav. v\u00e5r tj\u00e4nst:<\/div>\n<\/td>\n<\/tr>\n<\/tbody>\n<\/table>\n<div class=\"J_module\">\n<div class=\"detail-decorate-json-renderer-container\">\n<div class=\"magic-10\">\n<div class=\"magic-11\">\n<div class=\"magic-12\">\n<div class=\"magic-13\"><b>Tillverkarens service:<br \/>\n<\/b>Enligt kundens ritning till prov, tillhandah\u00e5lla en m\u00e4ngd olika l\u00e4tta bollardprodukter design, bearbetning, ytbehandling och teknik.<br \/>\n<b>OEM-tj\u00e4nst: <\/b><\/p>\n<div>\n<p>SHKW CORTENs ingenj\u00f6rer kommer att g\u00f6ra CAD-ritningar eller 3D-filer f\u00f6r produktprojekt.<\/p>\n<p><b>Online-tj\u00e4nst:<br \/>\n<\/b>Tidigt svar online av Trademanager, e-post eller whatsapp \/echat. H\u00e5ll kontakten via e-post, telefon. 7 * 24 timmars online-support tillhandah\u00e5lls!<b><u><a href=\"https:\/\/keweicorten.com\/sv\/kontakta-oss\/\" target=\"_blank\" rel=\"noopener\">Pls kontakta oss om du har n\u00e5gra problem.<\/a><\/u><\/b><br \/>\n<b><br \/>\n<\/b><\/p>\n<div><b>F\u00f6rs\u00e4ljning Service:<br \/>\n<\/b>\u00a0Vi tillhandah\u00e5ller omt\u00e4nksam service f\u00f6re och efter f\u00f6rs\u00e4ljning.<\/div>\n<\/div>\n<\/div>\n<\/div>\n<\/div>\n<\/div>\n<\/div>\n<\/div>","protected":false},"excerpt":{"rendered":"<p>V\u00e4derbest\u00e4ndigt st\u00e5l blir alltmer popul\u00e4rt inom bygg- och infrastrukturomr\u00e5det p\u00e5 grund av dess \u00f6verl\u00e4gsna prestanda och ekonomi.<\/p>","protected":false},"featured_media":1011,"comment_status":"open","ping_status":"closed","template":"","meta":{"_eb_attr":"","_monsterinsights_skip_tracking":false,"_monsterinsights_sitenote_active":false,"_monsterinsights_sitenote_note":"","_monsterinsights_sitenote_category":0,"_uf_show_specific_survey":0,"_uf_disable_surveys":false},"product_brand":[],"product_cat":[61],"product_tag":[],"class_list":{"0":"post-1019","1":"product","2":"type-product","3":"status-publish","4":"has-post-thumbnail","6":"product_cat-light-post","8":"first","9":"instock","10":"shipping-taxable","11":"product-type-simple"},"_links":{"self":[{"href":"https:\/\/keweicorten.com\/sv\/wp-json\/wp\/v2\/product\/1019"}],"collection":[{"href":"https:\/\/keweicorten.com\/sv\/wp-json\/wp\/v2\/product"}],"about":[{"href":"https:\/\/keweicorten.com\/sv\/wp-json\/wp\/v2\/types\/product"}],"replies":[{"embeddable":true,"href":"https:\/\/keweicorten.com\/sv\/wp-json\/wp\/v2\/comments?post=1019"}],"version-history":[{"count":2,"href":"https:\/\/keweicorten.com\/sv\/wp-json\/wp\/v2\/product\/1019\/revisions"}],"predecessor-version":[{"id":1021,"href":"https:\/\/keweicorten.com\/sv\/wp-json\/wp\/v2\/product\/1019\/revisions\/1021"}],"wp:featuredmedia":[{"embeddable":true,"href":"https:\/\/keweicorten.com\/sv\/wp-json\/wp\/v2\/media\/1011"}],"wp:attachment":[{"href":"https:\/\/keweicorten.com\/sv\/wp-json\/wp\/v2\/media?parent=1019"}],"wp:term":[{"taxonomy":"product_brand","embeddable":true,"href":"https:\/\/keweicorten.com\/sv\/wp-json\/wp\/v2\/product_brand?post=1019"},{"taxonomy":"product_cat","embeddable":true,"href":"https:\/\/keweicorten.com\/sv\/wp-json\/wp\/v2\/product_cat?post=1019"},{"taxonomy":"product_tag","embeddable":true,"href":"https:\/\/keweicorten.com\/sv\/wp-json\/wp\/v2\/product_tag?post=1019"}],"curies":[{"name":"wp","href":"https:\/\/api.w.org\/{rel}","templated":true}]}}