{"id":1105,"date":"2024-09-11T06:42:20","date_gmt":"2024-09-11T06:42:20","guid":{"rendered":"https:\/\/keweicorten.com\/?post_type=product&#038;p=1105"},"modified":"2025-01-15T06:18:22","modified_gmt":"2025-01-15T06:18:22","slug":"tradgardsdekor","status":"publish","type":"product","link":"https:\/\/keweicorten.com\/sv\/tradgardsdekor\/","title":{"rendered":"tr\u00e4dg\u00e5rdsprydnader och statyer"},"content":{"rendered":"<h2>Hur v\u00e4ljer jag r\u00e4tt skulptur i v\u00e4derbest\u00e4ndigt st\u00e5l f\u00f6r din tr\u00e4dg\u00e5rd?<\/h2>\n<p>T\u00e4nk p\u00e5 tr\u00e4dg\u00e5rdens stil<\/p>\n<p>T\u00e4nk f\u00f6rst p\u00e5 vilken stil tr\u00e4dg\u00e5rden har. Olika tr\u00e4dg\u00e5rdsstilar beh\u00f6ver olika skulpturer f\u00f6r att dekorera dem. Till exempel \u00e4r europeiska tr\u00e4dg\u00e5rdar l\u00e4mpliga f\u00f6r stora och komplexa skulpturer, medan japanska tr\u00e4dg\u00e5rdar \u00e4r mer l\u00e4mpade f\u00f6r enkla och vanliga skulpturer. D\u00e4rf\u00f6r \u00e4r det n\u00f6dv\u00e4ndigt att v\u00e4lja enligt tr\u00e4dg\u00e5rdens stil n\u00e4r man v\u00e4ljer en v\u00e4derbest\u00e4ndig st\u00e5lskulptur.<\/p>\n<p>T\u00e4nk p\u00e5 formen och storleken p\u00e5 tr\u00e4dg\u00e5rdsornamenten och statyerna<\/p>\n<p>Det \u00e4r ocks\u00e5 mycket viktigt att v\u00e4lja form och storlek p\u00e5 skulpturen. Beroende p\u00e5 tr\u00e4dg\u00e5rdens storlek och m\u00f6nster v\u00e4ljs olika former och storlekar p\u00e5 skulpturerna. Till exempel \u00e4r sm\u00e5 tr\u00e4dg\u00e5rdar l\u00e4mpliga f\u00f6r att v\u00e4lja sm\u00e5 skulpturer, medan stora tr\u00e4dg\u00e5rdar kan v\u00e4lja st\u00f6rre skulpturer.<\/p>\n<p>T\u00e4nk p\u00e5 materialet i tr\u00e4dg\u00e5rdsornamenten och statyerna<\/p>\n<p>Skulpturer i vittrande st\u00e5l \u00e4r ett mycket h\u00e5llbart material och kan anv\u00e4ndas b\u00e5de inomhus och utomhus. Men n\u00e4r du v\u00e4ljer en skulptur \u00e4r det ocks\u00e5 n\u00f6dv\u00e4ndigt att \u00f6verv\u00e4ga den specifika anv\u00e4ndningen. Om skulpturen anv\u00e4nds utomhus \u00e4r det n\u00f6dv\u00e4ndigt att v\u00e4lja material med termisk expansions- och sammandragningsf\u00f6rm\u00e5ga, vindmotst\u00e5nd, god v\u00e4derbest\u00e4ndighet och god korrosionsbest\u00e4ndighet. Vittringsst\u00e5l \u00e4r det idealiska materialet med dessa egenskaper.<\/p>\n<p>T\u00e4nk p\u00e5 skulpturens f\u00e4rg<\/p>\n<p>Skulpturer i vittringsst\u00e5l \u00e4r vanligtvis gr\u00e5, men kan behandlas efter behov, till exempel genom m\u00e5lning, f\u00f6r att ge dem olika f\u00e4rger och effekter. N\u00e4r du v\u00e4ljer en skulptur b\u00f6r du \u00f6verv\u00e4ga om dess f\u00e4rg kan matcha tr\u00e4dg\u00e5rdens \u00f6vergripande f\u00e4rgstil.<\/p>\n<p>T\u00e4nk p\u00e5 temat f\u00f6r din skulptur<\/p>\n<p>Du m\u00e5ste ocks\u00e5 v\u00e4lja skulpturens tema enligt dina egna preferenser och behov. Till exempel kan de som \u00e4lskar naturen v\u00e4lja skulpturer av v\u00e4xter eller djur, medan de som gillar moderna stilar kan v\u00e4lja abstrakta skulpturer och s\u00e5 vidare.<\/p>\n<div style=\"width: 800px;\" class=\"wp-video\"><!--[if lt IE 9]><script>document.createElement('video');<\/script><![endif]-->\n<video class=\"wp-video-shortcode\" id=\"video-1105-1\" width=\"800\" height=\"450\" poster=\"https:\/\/keweicorten.com\/wp-content\/uploads\/2024\/09\/\u5fae\u4fe1\u56fe\u7247_20231019115916.jpg\" autoplay=\"1\" preload=\"metadata\" controls=\"controls\"><source type=\"video\/mp4\" src=\"https:\/\/keweicorten.com\/wp-content\/uploads\/2024\/09\/\u89c6\u989121min.mp4?_=1\" \/><a href=\"https:\/\/keweicorten.com\/wp-content\/uploads\/2024\/09\/\u89c6\u989121min.mp4\">https:\/\/keweicorten.com\/wp-content\/uploads\/2024\/09\/\u89c6\u989121min.mp4<\/a><\/video><\/div>\n<h2>Tr\u00e4dg\u00e5rdsskulptur i vittrande st\u00e5l har f\u00f6ljande egenskaper:<\/h2>\n<p>Stark h\u00e5llbarhet: v\u00e4derbest\u00e4ndigt st\u00e5l med specialbehandling kan motst\u00e5 erosionen av olika h\u00e5rda klimat under l\u00e5ng tid, uppr\u00e4tth\u00e5lla en l\u00e4ngre reflekterande effekt, s\u00e5 att tr\u00e4dg\u00e5rdsskulpturen inte \u00e4r l\u00e4tt att skadas i utomhusmilj\u00f6n och har en l\u00e5ng livsl\u00e4ngd.<\/p>\n<p>Stark korrosionsskyddande f\u00f6rm\u00e5ga: Tr\u00e4dg\u00e5rdsskulptur av v\u00e4derst\u00e5l \u00e4r tillverkad av speciella syntetiska material, som har stark korrosionsf\u00f6rm\u00e5ga och inte p\u00e5verkas av yttre faktorer som regn, solsken, sand och saltdimma f\u00f6r att s\u00e4kerst\u00e4lla dess effektiva skydd i utomhusmilj\u00f6n.<\/p>\n<p>H\u00f6g estetik: Tr\u00e4dg\u00e5rdsskulptur av v\u00e4derst\u00e5l anv\u00e4nder avancerad teknik, kan formas enligt olika kulturer och egenskaper hos The Times, har olika former, vackert utseende, unika egenskaper och har blivit ett vackert landskap i tr\u00e4dg\u00e5rdsmilj\u00f6n.<\/p>\n<p>Rika f\u00e4rger: Produktionsmaterial f\u00f6r tr\u00e4dg\u00e5rdsskulptur av vittrande st\u00e5l kan inte bara presentera naturliga f\u00e4rger utan ocks\u00e5 m\u00e5las f\u00f6r att g\u00f6ra f\u00e4rgglada former, berika bilden av stadstr\u00e4dg\u00e5rdar och vara fulla av vitalitet.<\/p>\n<figure style=\"width: 602px\" class=\"wp-caption aligncenter\"><a href=\"https:\/\/keweicorten.com\/sv\/kontakta-oss\/\"><img fetchpriority=\"high\" decoding=\"async\" title=\"Tr\u00e4dg\u00e5rdsprydnader och statyer\" src=\"https:\/\/www.keweistove.com\/uploads\/39684\/garden-ornaments-and-statues02482.jpg\" alt=\"Tr\u00e4dg\u00e5rdsprydnader och statyer\" width=\"602\" height=\"602\" \/><\/a><figcaption class=\"wp-caption-text\">Tr\u00e4dg\u00e5rdsprydnader och statyer<\/figcaption><\/figure>\n<p><img decoding=\"async\" class=\"aligncenter\" src=\"https:\/\/www.keweistove.com\/Content\/uploads\/2023970354\/202307121511574ab65c7ec9ae440c88788f735e2204f7.jpg\" alt=\"produkt-750-750\" width=\"626\" height=\"626\" \/><\/p>\n<div class=\"text\">Denna skulptur i cortenst\u00e5l kommer att bli ett attraktivt inslag i din tr\u00e4dg\u00e5rd. Detta konstverk i rostfritt st\u00e5l kan anpassas i olika storlekar. Det kommer att skapa en sl\u00e5ende kontaktpunkt n\u00e4r denna cortenst\u00e5lskulptur placeras utomhus.<\/div>\n<div class=\"text\">Tr\u00e4dg\u00e5rdsdekoration anpassad skulptur kan anpassas efter olika behov. Formgivare kan skapa och utveckla l\u00e4mpliga skulpturer baserat p\u00e5 kundernas och milj\u00f6ns behov, s\u00e5 att det \u00e4r mer i linje med moderna m\u00e4nniskors estetiska och levnadsvanor. Anpassade skulpturer kan helt \u00e5terspegla kundernas professionalism och regelbundenhet, vilket g\u00f6r kunderna mer unika och unika i rymden.<\/div>","protected":false},"excerpt":{"rendered":"<p>Bes\u00f6k v\u00e5r webbplats f\u00f6r att hitta uts\u00f6kta tr\u00e4dg\u00e5rdsdekorationer och statyer som perfekt f\u00f6rb\u00e4ttrar din utomhusmilj\u00f6. En m\u00e4ngd olika alternativ f\u00f6r att tillgodose behoven hos alla tr\u00e4dg\u00e5rdsentusiaster<\/p>","protected":false},"featured_media":1108,"comment_status":"open","ping_status":"closed","template":"","meta":{"_eb_attr":"","_monsterinsights_skip_tracking":false,"_monsterinsights_sitenote_active":false,"_monsterinsights_sitenote_note":"","_monsterinsights_sitenote_category":0,"_uf_show_specific_survey":0,"_uf_disable_surveys":false},"product_brand":[],"product_cat":[62],"product_tag":[],"class_list":{"0":"post-1105","1":"product","2":"type-product","3":"status-publish","4":"has-post-thumbnail","6":"product_cat-corten-sculpture","8":"first","9":"instock","10":"shipping-taxable","11":"product-type-simple"},"_links":{"self":[{"href":"https:\/\/keweicorten.com\/sv\/wp-json\/wp\/v2\/product\/1105"}],"collection":[{"href":"https:\/\/keweicorten.com\/sv\/wp-json\/wp\/v2\/product"}],"about":[{"href":"https:\/\/keweicorten.com\/sv\/wp-json\/wp\/v2\/types\/product"}],"replies":[{"embeddable":true,"href":"https:\/\/keweicorten.com\/sv\/wp-json\/wp\/v2\/comments?post=1105"}],"version-history":[{"count":1,"href":"https:\/\/keweicorten.com\/sv\/wp-json\/wp\/v2\/product\/1105\/revisions"}],"predecessor-version":[{"id":1109,"href":"https:\/\/keweicorten.com\/sv\/wp-json\/wp\/v2\/product\/1105\/revisions\/1109"}],"wp:featuredmedia":[{"embeddable":true,"href":"https:\/\/keweicorten.com\/sv\/wp-json\/wp\/v2\/media\/1108"}],"wp:attachment":[{"href":"https:\/\/keweicorten.com\/sv\/wp-json\/wp\/v2\/media?parent=1105"}],"wp:term":[{"taxonomy":"product_brand","embeddable":true,"href":"https:\/\/keweicorten.com\/sv\/wp-json\/wp\/v2\/product_brand?post=1105"},{"taxonomy":"product_cat","embeddable":true,"href":"https:\/\/keweicorten.com\/sv\/wp-json\/wp\/v2\/product_cat?post=1105"},{"taxonomy":"product_tag","embeddable":true,"href":"https:\/\/keweicorten.com\/sv\/wp-json\/wp\/v2\/product_tag?post=1105"}],"curies":[{"name":"wp","href":"https:\/\/api.w.org\/{rel}","templated":true}]}}