{"id":1143,"date":"2024-09-12T03:32:05","date_gmt":"2024-09-12T03:32:05","guid":{"rendered":"https:\/\/keweicorten.com\/?post_type=product&#038;p=1143"},"modified":"2025-01-15T06:15:15","modified_gmt":"2025-01-15T06:15:15","slug":"kantning-av-tradgard","status":"publish","type":"product","link":"https:\/\/keweicorten.com\/sv\/kantning-av-tradgard\/","title":{"rendered":"Kantst\u00f6d f\u00f6r landskap i corten"},"content":{"rendered":"<div class=\"text-title\">\n<figure style=\"width: 750px\" class=\"wp-caption alignnone\"><a href=\"https:\/\/keweicorten.com\/sv\/kontakta-oss\/\"><img fetchpriority=\"high\" decoding=\"async\" title=\"Kantst\u00f6d f\u00f6r landskap i corten\" src=\"https:\/\/sc04.alicdn.com\/kf\/A4a230982885047639f8ccbda507af4993\/276435419\/A4a230982885047639f8ccbda507af4993.jpg\" alt=\"Kantst\u00f6d f\u00f6r landskap i corten\" width=\"750\" height=\"454\" \/><\/a><figcaption class=\"wp-caption-text\">Kantst\u00f6d f\u00f6r landskap i corten<\/figcaption><\/figure>\n<h2 class=\"magic-9\"><b class=\"magic-22\"><span class=\"magic-10\" style=\"color: #000000;\" data-spm-anchor-id=\"a2700.details.0.i40.6227b6fedKS63A\">Cortenst\u00e5l Till\u00e4mpning:<\/span><\/b><\/h2>\n<\/div>\n<div class=\"text-content\">\n<p><span class=\"magic-15\" style=\"color: #000000;\" data-spm-anchor-id=\"a2700.details.0.i49.6227b6fedKS63A\">Cortenst\u00e5l \u00e4r ett v\u00e4derst\u00e5l, ett korrosionsbest\u00e4ndigt st\u00e5l som utan ytbel\u00e4ggning utvecklar en patina i det yttre skiktet.\u00a0<\/span><\/p>\n<div><span style=\"color: #000000;\"><br \/>\n<\/span><\/p>\n<div><span style=\"color: #000000;\">Denna patina skyddar st\u00e5let fr\u00e5n ytterligare korrosion. Det \u00e4r en h\u00f6gh\u00e5llfast st\u00e5llegering som anv\u00e4nds d\u00e4r man \u00f6nskar h\u00f6gre h\u00e5llfasthet och l\u00e4ngre livsl\u00e4ngd.<\/span><\/div>\n<div>\n<table style=\"height: 212px;\" width=\"746\">\n<tbody>\n<tr>\n<td colspan=\"1\" rowspan=\"1\">\n<div data-spm-anchor-id=\"a2700.details.0.i42.448a13b5E0l0Oz\">Produktens namn<\/div>\n<\/td>\n<td colspan=\"1\" rowspan=\"1\">\n<div>Galvaniserat &amp; Cort\u00e9n st\u00e5l Svart pulverlack St\u00e5l Landskapskantning<\/div>\n<\/td>\n<\/tr>\n<tr>\n<td colspan=\"1\" rowspan=\"1\">\n<div>Material<\/div>\n<\/td>\n<td colspan=\"1\" rowspan=\"1\">\n<div>Cortenst\u00e5l, galvaniserat st\u00e5l etc.<\/div>\n<\/td>\n<\/tr>\n<tr>\n<td colspan=\"1\" rowspan=\"1\">\n<div data-spm-anchor-id=\"a2700.details.0.i41.448a13b5E0l0Oz\">Storlek<\/div>\n<\/td>\n<td colspan=\"1\" rowspan=\"1\">\n<div>100mm, 150mm ansikte eller skr\u00e4ddarsydd<\/div>\n<\/td>\n<\/tr>\n<tr>\n<td colspan=\"1\" rowspan=\"1\">\n<div>Spikar<\/div>\n<\/td>\n<td colspan=\"1\" rowspan=\"1\">\n<div>Med eller utan<\/div>\n<\/td>\n<\/tr>\n<tr>\n<td colspan=\"1\" rowspan=\"1\">\n<div>F\u00e4rg<\/div>\n<\/td>\n<td colspan=\"1\" rowspan=\"1\">\n<div>Naturst\u00e5l, olika f\u00e4rger<\/div>\n<\/td>\n<\/tr>\n<tr>\n<td colspan=\"1\" rowspan=\"1\">\n<div>V\u00e4xter<\/div>\n<\/td>\n<td colspan=\"1\" rowspan=\"1\">\n<div>Gr\u00f6na v\u00e4xter,konstgjorda v\u00e4xter<\/div>\n<\/td>\n<\/tr>\n<\/tbody>\n<\/table>\n<\/div>\n<div>\n<figure style=\"width: 750px\" class=\"wp-caption alignnone\"><a href=\"https:\/\/keweicorten.com\/sv\/kontakta-oss\/\"><img decoding=\"async\" title=\"landskapskantning av cortenst\u00e5l\" src=\"https:\/\/sc02.alicdn.com\/kf\/H650f0e63dacb4e35bd6d646fd2d0975cK\/235950374\/H650f0e63dacb4e35bd6d646fd2d0975cK.jpg\" alt=\"landskapskantning av cortenst\u00e5l\" width=\"750\" height=\"404\" \/><\/a><figcaption class=\"wp-caption-text\">landskapskantning av cortenst\u00e5l<\/figcaption><\/figure>\n<\/div>\n<h2>HUR MAN INSTALLERAR<\/h2>\n<p>Spiken p\u00e5 corten landskapskantning sk\u00e4r genom smuts med l\u00e4tthet. Varje remsa kan installeras p\u00e5 under 1 minut och h\u00e5ller sig t\u00e4tt p\u00e5 plats, Det \u00e4r otroligt enkelt att installera - i sj\u00e4lva verket \u00e4r de enda verktygen du beh\u00f6ver ett block av 4 \u2033 x 2 \u2033 timmer och hammare.<\/p>\n<figure style=\"width: 635px\" class=\"wp-caption alignnone\"><a href=\"https:\/\/keweicorten.com\/sv\/kontakta-oss\/\"><img decoding=\"async\" title=\"kantning av gr\u00e4smatta i corten\" src=\"https:\/\/sc04.alicdn.com\/kf\/HTB1kC8LQFXXXXcTXFXXq6xXFXXX5\/223026859\/HTB1kC8LQFXXXXcTXFXXq6xXFXXX5.jpg\" alt=\"kantning av gr\u00e4smatta i corten\" width=\"635\" height=\"477\" \/><\/a><figcaption class=\"wp-caption-text\">kantning av gr\u00e4smatta i corten<\/figcaption><\/figure>\n<p>Setet med landskapskantlister i corten f\u00f6r utomhusbruk skapar en v\u00e4lkomnande fokuspunkt f\u00f6r ditt utomhusutrymme. Kantlisterna \u00e4r tillverkade av h\u00e5llbart st\u00e5l med rostoxiderad yta och har en enkel design med spikar. Kantlisterna ger en modern rustik k\u00e4nsla som kommer att f\u00f6rh\u00f6ja utseendet p\u00e5 din uteplats och terrass. Anv\u00e4nd kantlisterna och planteringsk\u00e4rlen f\u00f6r att plantera buskar eller blommor. Perfekta som set och \u00e4nnu b\u00e4ttre n\u00e4r de anv\u00e4nds i flera delar.<\/p>\n<h2>N\u00e5gra f\u00f6rdelar med <span class=\"keyword _ngcontent-dwf-109\" aria-hidden=\"false\">Kantlist av cortenst\u00e5l <\/span>inom tr\u00e4dg\u00e5rdsodling:<\/h2>\n<p>Korrosionsbest\u00e4ndighet<br \/>\nCortenst\u00e5l har god korrosionsbest\u00e4ndighet och bildar en skyddande korrosionsfilm p\u00e5 ytan, vilket effektivt kan f\u00f6rhindra ytterligare korrosion och s\u00e4kerst\u00e4lla dess l\u00e5ngsiktiga stabilitet, inklusive hantering av v\u00e5ta milj\u00f6er och kemikalier i jorden.<\/p>\n<p>Estetik<\/p>\n<p>Strukturell stabilitet<br \/>\nP\u00e5 grund av sin h\u00f6ga h\u00e5llfasthet och styvhet st\u00f6der Corten-h\u00e5llbr\u00e4dor effektivt jorden, f\u00f6rhindrar jorderosion och erosion och s\u00e4kerst\u00e4ller den l\u00e5ngsiktiga stabiliteten i tr\u00e4dg\u00e5rdsodlingsprojekt.<\/p>\n<p>L\u00e5g underh\u00e5llskostnad<br \/>\nCortenst\u00e5l har l\u00e4gre underh\u00e5llsbehov \u00e4n andra material.<\/p>\n<p>Milj\u00f6skydd<\/p>\n<p>m\u00e5ngsidighet<br \/>\nGr\u00e4nser och indelningar eller landskapsomr\u00e5den.<br \/>\nF\u00f6rb\u00e4ttrad avlastning<br \/>\nBlomsterrabatter eller k\u00f6kstr\u00e4dg\u00e5rdar<\/p>\n<p>L\u00e4tt att installera<br \/>\nCortenst\u00e5l kan sk\u00e4ras till olika former och storlekar efter behov<\/p>\n<\/div>\n<\/div>","protected":false},"excerpt":{"rendered":"<p>Utforska v\u00e5ra Corten kantprodukter f\u00f6r h\u00e5llbara och estetiskt tilltalande tr\u00e4dg\u00e5rdsl\u00f6sningar. F\u00f6rb\u00e4ttra ditt utomhusutrymme och njut av h\u00e5llbar kvalitet med unik design.<\/p>","protected":false},"featured_media":1144,"comment_status":"open","ping_status":"closed","template":"","meta":{"_eb_attr":"","_monsterinsights_skip_tracking":false,"_monsterinsights_sitenote_active":false,"_monsterinsights_sitenote_note":"","_monsterinsights_sitenote_category":0,"_uf_show_specific_survey":0,"_uf_disable_surveys":false},"product_brand":[],"product_cat":[58],"product_tag":[],"class_list":{"0":"post-1143","1":"product","2":"type-product","3":"status-publish","4":"has-post-thumbnail","6":"product_cat-garden-edging","8":"first","9":"instock","10":"shipping-taxable","11":"product-type-simple"},"_links":{"self":[{"href":"https:\/\/keweicorten.com\/sv\/wp-json\/wp\/v2\/product\/1143"}],"collection":[{"href":"https:\/\/keweicorten.com\/sv\/wp-json\/wp\/v2\/product"}],"about":[{"href":"https:\/\/keweicorten.com\/sv\/wp-json\/wp\/v2\/types\/product"}],"replies":[{"embeddable":true,"href":"https:\/\/keweicorten.com\/sv\/wp-json\/wp\/v2\/comments?post=1143"}],"version-history":[{"count":2,"href":"https:\/\/keweicorten.com\/sv\/wp-json\/wp\/v2\/product\/1143\/revisions"}],"predecessor-version":[{"id":1878,"href":"https:\/\/keweicorten.com\/sv\/wp-json\/wp\/v2\/product\/1143\/revisions\/1878"}],"wp:featuredmedia":[{"embeddable":true,"href":"https:\/\/keweicorten.com\/sv\/wp-json\/wp\/v2\/media\/1144"}],"wp:attachment":[{"href":"https:\/\/keweicorten.com\/sv\/wp-json\/wp\/v2\/media?parent=1143"}],"wp:term":[{"taxonomy":"product_brand","embeddable":true,"href":"https:\/\/keweicorten.com\/sv\/wp-json\/wp\/v2\/product_brand?post=1143"},{"taxonomy":"product_cat","embeddable":true,"href":"https:\/\/keweicorten.com\/sv\/wp-json\/wp\/v2\/product_cat?post=1143"},{"taxonomy":"product_tag","embeddable":true,"href":"https:\/\/keweicorten.com\/sv\/wp-json\/wp\/v2\/product_tag?post=1143"}],"curies":[{"name":"wp","href":"https:\/\/api.w.org\/{rel}","templated":true}]}}