{"id":1159,"date":"2024-09-12T08:59:48","date_gmt":"2024-09-12T08:59:48","guid":{"rendered":"https:\/\/keweicorten.com\/?post_type=product&#038;p=1159"},"modified":"2025-01-15T06:27:40","modified_gmt":"2025-01-15T06:27:40","slug":"eldskal-i-cortenstal","status":"publish","type":"product","link":"https:\/\/keweicorten.com\/sv\/eldskal-i-cortenstal\/","title":{"rendered":"Eldsk\u00e5l i cortenst\u00e5l"},"content":{"rendered":"<h2><strong>F\u00f6rdelar med en eldsk\u00e5l i cortenst\u00e5l<\/strong><\/h2>\n<ol>\n<li><strong>H\u00e5llbarhet<\/strong>: Cortenst\u00e5l \u00e4r mycket h\u00e5llbart och korrosionsbest\u00e4ndigt tack vare sin f\u00f6rm\u00e5ga att utveckla ett skyddande rostskikt. Denna patina skyddar st\u00e5let fr\u00e5n ytterligare v\u00e4derskador, vilket g\u00f6r att eldsk\u00e5len kan uth\u00e4rda h\u00e5rda v\u00e4derf\u00f6rh\u00e5llanden utan att f\u00f6rs\u00e4mras.<\/li>\n<li><strong>Estetisk tilltalande<\/strong>: De rika, jordn\u00e4ra tonerna i den rostiga ytan skapar ett varmt, rustikt utseende som sm\u00e4lter v\u00e4l in i naturliga omgivningar. Med tiden f\u00e5r eldsk\u00e5len ett mer moget och strukturerat utseende, vilket g\u00f6r den till en fokuspunkt i tr\u00e4dg\u00e5rdar, uteplatser eller terrasser.<\/li>\n<li><strong>L\u00e5gt underh\u00e5ll<\/strong>: Till skillnad fr\u00e5n vanliga eldst\u00e4der i st\u00e5l som ofta m\u00e5ste m\u00e5las om eller behandlas med korrosionsskydd \u00e4r eldst\u00e4der i Corten praktiskt taget underh\u00e5llsfria. Rostskiktet fungerar som skydd, vilket minskar behovet av underh\u00e5ll.<\/li>\n<li><strong>V\u00e4rmebest\u00e4ndighet<\/strong>: Cortenst\u00e5l har utm\u00e4rkt v\u00e4rmebest\u00e4ndighet, vilket g\u00f6r det idealiskt f\u00f6r eldst\u00e4der. Det t\u00e5l h\u00f6ga temperaturer utan att bli skevt eller spricka, vilket garanterar l\u00e5ngvarig anv\u00e4ndning.<\/li>\n<li><strong>H\u00e5llbarhet<\/strong>: Corten eldsk\u00e5lar \u00e4r milj\u00f6v\u00e4nliga eftersom de \u00e4r tillverkade av \u00e5tervinningsbart st\u00e5l och har en l\u00e5ng livsl\u00e4ngd, vilket minskar avfallet och behovet av utbyten.<\/li>\n<\/ol>\n<figure style=\"width: 750px\" class=\"wp-caption alignnone\"><a href=\"https:\/\/keweicorten.com\/sv\/kontakta-oss\/\"><img fetchpriority=\"high\" decoding=\"async\" title=\"eldstad i corten\" src=\"http:\/\/sc04.alicdn.com\/kf\/H77c1eb0f864d442bafb1efb104310746P\/252624420\/H77c1eb0f864d442bafb1efb104310746P.jpg\" alt=\"eldstad i corten\" width=\"750\" height=\"321\" \/><\/a><figcaption class=\"wp-caption-text\">eldstad i corten<\/figcaption><\/figure>\n<h2><strong>Anv\u00e4ndningsomr\u00e5den f\u00f6r en Corten-brandsk\u00e5l<\/strong><\/h2>\n<ol>\n<li><strong>Eldst\u00e4der f\u00f6r utomhusbruk<\/strong>: Eldsk\u00e5lar i Corten \u00e4r perfekta f\u00f6r utomhusmilj\u00f6er, d\u00e4r de ger v\u00e4rme och \u00e4r en samlingspunkt f\u00f6r v\u00e4nner och familj. Deras tidl\u00f6sa design kompletterar moderna, rustika och industriella landskap.<\/li>\n<li><strong>Tr\u00e4dg\u00e5rds- och uteplatsinredning<\/strong>: Dessa eldsk\u00e5lar kan anv\u00e4ndas som dekorativa f\u00f6rem\u00e5l \u00e4ven n\u00e4r de inte anv\u00e4nds. Deras naturligt rostiga utseende ger karakt\u00e4r till tr\u00e4dg\u00e5rdar, uteplatser eller innerg\u00e5rdar och fungerar som b\u00e5de funktionella och estetiska element.<\/li>\n<li><strong>Kommersiella utrymmen<\/strong>: Eldsk\u00e5lar i Corten anv\u00e4nds ocks\u00e5 i kommersiella utrymmen som restauranger, hotell och offentliga parker. Deras sl\u00e5ende visuella tilltal och h\u00e5llbarhet g\u00f6r dem l\u00e4mpliga f\u00f6r att skapa st\u00e4mningsfulla eldar i utomhusmilj\u00f6er.<\/li>\n<\/ol>\n<figure style=\"width: 743px\" class=\"wp-caption alignnone\"><a href=\"https:\/\/keweicorten.com\/sv\"><img decoding=\"async\" title=\"eldstadssk\u00e5l i cortenst\u00e5l\" src=\"https:\/\/sc04.alicdn.com\/kf\/H14ba7ae6c2fc4278a692757a35209734O\/268101461\/H14ba7ae6c2fc4278a692757a35209734O.jpg\" alt=\"eldstadssk\u00e5l i cortenst\u00e5l\" width=\"743\" height=\"507\" \/><\/a><figcaption class=\"wp-caption-text\">eldstadssk\u00e5l i cortenst\u00e5l<\/figcaption><\/figure>\n<h2><strong>Sk\u00f6tsel och underh\u00e5ll<\/strong><\/h2>\n<p>\u00c4ven om eldsk\u00e5lar av Corten \u00e4r l\u00e4ttsk\u00f6tta \u00e4r det viktigt att:<\/p>\n<ul>\n<li>Placera dem i ett v\u00e4lventilerat utrymme s\u00e5 att patinan kan utvecklas j\u00e4mnt.<\/li>\n<li>Undvik att anv\u00e4nda starka kemikalier f\u00f6r att reng\u00f6ra sk\u00e5len, eftersom det kan skada det skyddande rostlagret.<\/li>\n<li>Ta regelbundet bort aska och skr\u00e4p f\u00f6r att f\u00f6rhindra uppbyggnad och f\u00f6rb\u00e4ttra luftfl\u00f6det under anv\u00e4ndning.<\/li>\n<\/ul>","protected":false},"excerpt":{"rendered":"<p>En eldstad \u00e4r ett s\u00e4kert och bra s\u00e4tt att f\u00e5 den rustika k\u00e4nslan av en l\u00e4gereld till din tr\u00e4dg\u00e5rd, d\u00e4ck eller uteplats. Njutbar \u00e5ret runt, en eldstad ger en magisk kontaktpunkt runt vilken v\u00e4nner och familjemedlemmar kan samlas.<\/p>","protected":false},"featured_media":1160,"comment_status":"open","ping_status":"closed","template":"","meta":{"_eb_attr":"","_monsterinsights_skip_tracking":false,"_monsterinsights_sitenote_active":false,"_monsterinsights_sitenote_note":"","_monsterinsights_sitenote_category":0,"_uf_show_specific_survey":0,"_uf_disable_surveys":false},"product_brand":[],"product_cat":[54],"product_tag":[],"class_list":{"0":"post-1159","1":"product","2":"type-product","3":"status-publish","4":"has-post-thumbnail","6":"product_cat-wood-fire-pit","8":"first","9":"instock","10":"shipping-taxable","11":"product-type-simple"},"_links":{"self":[{"href":"https:\/\/keweicorten.com\/sv\/wp-json\/wp\/v2\/product\/1159"}],"collection":[{"href":"https:\/\/keweicorten.com\/sv\/wp-json\/wp\/v2\/product"}],"about":[{"href":"https:\/\/keweicorten.com\/sv\/wp-json\/wp\/v2\/types\/product"}],"replies":[{"embeddable":true,"href":"https:\/\/keweicorten.com\/sv\/wp-json\/wp\/v2\/comments?post=1159"}],"version-history":[{"count":1,"href":"https:\/\/keweicorten.com\/sv\/wp-json\/wp\/v2\/product\/1159\/revisions"}],"predecessor-version":[{"id":1161,"href":"https:\/\/keweicorten.com\/sv\/wp-json\/wp\/v2\/product\/1159\/revisions\/1161"}],"wp:featuredmedia":[{"embeddable":true,"href":"https:\/\/keweicorten.com\/sv\/wp-json\/wp\/v2\/media\/1160"}],"wp:attachment":[{"href":"https:\/\/keweicorten.com\/sv\/wp-json\/wp\/v2\/media?parent=1159"}],"wp:term":[{"taxonomy":"product_brand","embeddable":true,"href":"https:\/\/keweicorten.com\/sv\/wp-json\/wp\/v2\/product_brand?post=1159"},{"taxonomy":"product_cat","embeddable":true,"href":"https:\/\/keweicorten.com\/sv\/wp-json\/wp\/v2\/product_cat?post=1159"},{"taxonomy":"product_tag","embeddable":true,"href":"https:\/\/keweicorten.com\/sv\/wp-json\/wp\/v2\/product_tag?post=1159"}],"curies":[{"name":"wp","href":"https:\/\/api.w.org\/{rel}","templated":true}]}}