{"id":1241,"date":"2024-09-18T07:36:57","date_gmt":"2024-09-18T07:36:57","guid":{"rendered":"https:\/\/keweicorten.com\/?post_type=product&#038;p=1241"},"modified":"2024-09-18T07:36:57","modified_gmt":"2024-09-18T07:36:57","slug":"cortenstalplat-q345nh","status":"publish","type":"product","link":"https:\/\/keweicorten.com\/sv\/cortenstalplat-q345nh\/","title":{"rendered":"cortenst\u00e5lpl\u00e5t Q345NH"},"content":{"rendered":"<p>Cortenst\u00e5l, \u00e4ven k\u00e4nt som v\u00e4derst\u00e5l, \u00e4r en typ av st\u00e5llegering som \u00e4r utformad f\u00f6r att motst\u00e5 korrosion och n\u00f6tning. Q345NH \u00e4r en specifik typ av v\u00e4derst\u00e5l som vanligen anv\u00e4nds i atmosf\u00e4riska milj\u00f6er. H\u00e4r \u00e4r n\u00e5gra viktiga punkter ang\u00e5ende Q345NH:<\/p>\n<h2>Egenskaper hos Q345NH:<\/h2>\n<p>1. Sammans\u00e4ttning: cortenst\u00e5lpl\u00e5t Q345NH har vanligtvis ytterligare element som krom, nickel och koppar, vilket f\u00f6rb\u00e4ttrar dess motst\u00e5ndskraft mot atmosf\u00e4risk korrosion.<br \/>\n2. Motst\u00e5ndskraft mot korrosion: St\u00e5let bildar ett skyddande patinaskikt n\u00e4r det uts\u00e4tts f\u00f6r v\u00e4der och vind, vilket f\u00f6rhindrar ytterligare korrosion.<br \/>\n3. Mekaniska egenskaper:<br \/>\n- Utbytesh\u00e5llfasthet: Cirka 345 MPa<br \/>\n- Dragh\u00e5llfasthet: Vanligtvis mellan 470-630 MPa<br \/>\n4. Anv\u00e4ndningsomr\u00e5den: Anv\u00e4nds ofta i utomhuskonstruktioner, broar, skulpturer och arkitektoniska konstruktioner d\u00e4r v\u00e4derbest\u00e4ndighet \u00e4r viktigt.<\/p>\n<h2>Corten st\u00e5lpl\u00e5t Q345NH F\u00f6rdelar:<\/h2>\n<p>H\u00e5llbarhet: L\u00e5ng livsl\u00e4ngd tack vare motst\u00e5ndskraft mot korrosion.<br \/>\nL\u00e5gt underh\u00e5llsbehov: Den skyddande patinan minskar behovet av regelbundet underh\u00e5ll.<br \/>\nEstetiskt tilltalande: Ger ett unikt rustikt utseende som \u00e4r \u00f6nskv\u00e4rt i m\u00e5nga arkitektoniska till\u00e4mpningar.<\/p>\n<p>\u00d6verv\u00e4ganden:<br \/>\nKorrekt design \u00e4r n\u00f6dv\u00e4ndig f\u00f6r att s\u00e4kerst\u00e4lla patinans effektivitet.<br \/>\n- Kan kr\u00e4va s\u00e4rskild hantering och svetsteknik p\u00e5 grund av sin legeringssammans\u00e4ttning.<\/p>\n<figure style=\"width: 606px\" class=\"wp-caption alignnone\"><a href=\"https:\/\/keweicorten.com\/sv\/kontakta-oss\/\"><img fetchpriority=\"high\" decoding=\"async\" title=\"cortenmetall\" src=\"https:\/\/sc04.alicdn.com\/kf\/H1bfd17afb11542dd95c1e18de852bb2cJ\/234518937\/H1bfd17afb11542dd95c1e18de852bb2cJ.jpg\" alt=\"\" width=\"606\" height=\"545\" \/><\/a><figcaption class=\"wp-caption-text\">cortenmetall<\/figcaption><\/figure>\n<table class=\"has-title all magic-9\" style=\"height: 175px;\" width=\"890\">\n<tbody>\n<tr>\n<td colspan=\"1\" rowspan=\"1\">\n<div class=\"magic-10\" data-spm-anchor-id=\"a2700.details.0.i34.6d627765emMXnq\">Produktens namn<\/div>\n<\/td>\n<td colspan=\"4\" rowspan=\"1\">\n<div class=\"magic-11\">V\u00e4derbest\u00e4ndig st\u00e5lpl\u00e5t<\/div>\n<\/td>\n<\/tr>\n<tr>\n<td colspan=\"1\" rowspan=\"1\">\n<div class=\"magic-10\">Standard<\/div>\n<\/td>\n<td colspan=\"4\" rowspan=\"1\">\n<div class=\"magic-11\">DIN GB JIS BA AISI ASTM<\/div>\n<\/td>\n<\/tr>\n<tr>\n<td colspan=\"1\" rowspan=\"1\">\n<div class=\"magic-10\">L\u00e4ngd<\/div>\n<\/td>\n<td colspan=\"4\" rowspan=\"1\">\n<div class=\"magic-11\">Kan anpassas efter kundens \u00f6nskem\u00e5l<\/div>\n<\/td>\n<\/tr>\n<tr>\n<td colspan=\"1\" rowspan=\"1\">\n<div class=\"magic-10\">Bredd<\/div>\n<\/td>\n<td colspan=\"4\" rowspan=\"1\">\n<div class=\"magic-11\">Kan anpassas efter kundens \u00f6nskem\u00e5l<\/div>\n<\/td>\n<\/tr>\n<tr>\n<td colspan=\"1\" rowspan=\"1\">\n<div class=\"magic-10\">Tjocklek<\/div>\n<\/td>\n<td colspan=\"4\" rowspan=\"1\">\n<div class=\"magic-11\">2-100mm eller kan anpassas<\/div>\n<\/td>\n<\/tr>\n<tr>\n<td colspan=\"1\" rowspan=\"1\">\n<div class=\"magic-10\">Material<\/div>\n<\/td>\n<td colspan=\"4\" rowspan=\"1\">\n<div class=\"magic-11\">Q345NH<\/div>\n<\/td>\n<\/tr>\n<tr>\n<td colspan=\"1\" rowspan=\"1\">Proviantering<\/td>\n<td colspan=\"4\" rowspan=\"1\">Henan,anyang<\/td>\n<\/tr>\n<tr>\n<td colspan=\"1\" rowspan=\"1\">\n<div class=\"magic-10\">Till\u00e4mpning<\/div>\n<\/td>\n<td colspan=\"4\" rowspan=\"1\">\n<div class=\"magic-11\" data-spm-anchor-id=\"a2700.details.0.i41.6d627765emMXnq\">V\u00e4derbest\u00e4ndigt st\u00e5l anv\u00e4nds fr\u00e4mst inom j\u00e4rnv\u00e4g, fordon, broar, torn, solceller, h\u00f6ghastighetsteknik och andra l\u00e5ngsiktiga<br \/>\nexponering f\u00f6r atmosf\u00e4ren vid anv\u00e4ndning av st\u00e5lkonstruktioner. Det kan ocks\u00e5 anv\u00e4ndas vid tillverkning av containrar, j\u00e4rnv\u00e4gs- och<br \/>\nfordon, oljeborrtorn, hamnbyggnader, oljeplattformar och beh\u00e5llare f\u00f6r svavelhaltiga fr\u00e4tande medier i kemiska och<br \/>\nPetroleumutrustning. Dessutom, p\u00e5 grund av det unika utseendet p\u00e5 v\u00e4derst\u00e5l, anv\u00e4nds det ocks\u00e5 ofta i offentlig konst, utomhus<br \/>\nskulptur och byggnad exteri\u00f6r v\u00e4ggdekoration.<\/div>\n<\/td>\n<\/tr>\n<tr>\n<td colspan=\"1\" rowspan=\"1\">\n<div class=\"magic-10\">Exportf\u00f6rpackning<\/div>\n<\/td>\n<td colspan=\"4\" rowspan=\"1\">\n<div class=\"magic-11\">Vattent\u00e4tt papper och st\u00e5lband f\u00f6rpackade.<br \/>\nStandard Export Seaworthy Package.Suit f\u00f6r alla typer av transporter, eller enligt \u00f6nskem\u00e5l<\/div>\n<\/td>\n<\/tr>\n<tr>\n<td colspan=\"1\" rowspan=\"1\">\n<div class=\"magic-10\">Yta<\/div>\n<\/td>\n<td colspan=\"4\" rowspan=\"1\">\n<div class=\"magic-14\">Svart, bel\u00e4ggning, f\u00e4rgbel\u00e4ggning, rostskyddslack, rostskyddsolja, galler etc.<\/div>\n<\/td>\n<\/tr>\n<\/tbody>\n<\/table>\n<figure style=\"width: 808px\" class=\"wp-caption alignnone\"><a href=\"https:\/\/keweicorten.com\/sv\"><img decoding=\"async\" title=\"cor ten v\u00e4derbest\u00e4ndigt st\u00e5l\" src=\"https:\/\/sc04.alicdn.com\/kf\/Hd90ee00edc574f218534265cd9014001r\/244098142\/Hd90ee00edc574f218534265cd9014001r.jpg\" alt=\"\" width=\"808\" height=\"606\" \/><\/a><figcaption class=\"wp-caption-text\">cor ten v\u00e4derbest\u00e4ndigt st\u00e5l<\/dd>\n<dd><\/figcaption><\/figure>\n<div class=\"magic-25\">\n<h3 class=\"magic-28\"><span class=\"magic-22\" data-spm-anchor-id=\"a2700.details.0.i44.6d627765emMXnq\">V\u00e4derbest\u00e4ndig fasad<\/span><\/h3>\n<\/div>\n<div class=\"magic-6\">\n<div class=\"magic-7\"><span class=\"magic-8\">Ytan p\u00e5 den v\u00e4derbest\u00e4ndiga st\u00e5lpl\u00e5ten kan bilda ett t\u00e4tt oxidskikt med en stabil och enhetlig naturlig rostr\u00f6d f\u00e4rg, vilket \u00e4r ett attraktivt byggnadsmaterial f\u00f6r ytterv\u00e4ggar.<\/span><\/div>\n<\/div>\n<div><\/div>\n<div>\n<div class=\"J_module\">\n<h2 id=\"ali-anchor-AliMagic-59mjkc\" class=\"magic-0\" data-section=\"AliMagic-59mjkc\" data-section-title=\"Packing and shipping\" data-spm-anchor-id=\"a2700.details.0.i47.6d627765emMXnq\">Packning och frakt<\/h2>\n<p>F\u00f6r att b\u00e4ttre s\u00e4kerst\u00e4lla s\u00e4kerheten f\u00f6r dina varor kommer professionella, milj\u00f6v\u00e4nliga, bekv\u00e4ma och effektiva f\u00f6rpackningstj\u00e4nster att tillhandah\u00e5llas.<\/p>\n<\/div>\n<\/div>\n<div class=\"magic-6\">\n<div>\n<figure style=\"width: 702px\" class=\"wp-caption alignnone\"><a href=\"https:\/\/keweicorten.com\/sv\"><img decoding=\"async\" title=\"cor ten\" src=\"https:\/\/sc04.alicdn.com\/kf\/H7797fd55b837482089a07478ece1cdc1U\/244098142\/H7797fd55b837482089a07478ece1cdc1U.jpg\" alt=\"\" width=\"702\" height=\"437\" \/><\/a><figcaption class=\"wp-caption-text\">cor ten<\/figcaption><\/figure>\n<figure style=\"width: 700px\" class=\"wp-caption alignnone\"><a href=\"https:\/\/keweicorten.com\/sv\"><img loading=\"lazy\" decoding=\"async\" title=\"Bekl\u00e4dnad av cortenst\u00e5l\" src=\"https:\/\/sc04.alicdn.com\/kf\/H8a0f8c737f5141c4a353d7772f3f6b566\/244098142\/H8a0f8c737f5141c4a353d7772f3f6b566.jpg\" alt=\"\" width=\"700\" height=\"525\" \/><\/a><figcaption class=\"wp-caption-text\">Bekl\u00e4dnad av cortenst\u00e5l<\/figcaption><\/figure>\n<div class=\"J_module\">\n<h2 id=\"ali-anchor-AliMagic-hdaj54\" class=\"magic-0\" data-section=\"AliMagic-hdaj54\" data-section-title=\"FAQ\">VANLIGA FR\u00c5GOR<\/h2>\n<\/div>\n<div class=\"J_module\">\n<div class=\"detail-decorate-json-renderer-container\">\n<div class=\"magic-4\">\n<div class=\"magic-5\">\n<div class=\"magic-6\">\n<div class=\"magic-7\"><b><span class=\"magic-23\">1. KAN JAG F\u00c5 N\u00c5GRA PROVER? <\/span><\/b><\/p>\n<div><span class=\"magic-23\">Ja, vi kan tillhandah\u00e5lla prover. Vi kan tillhandah\u00e5lla prover, du m\u00e5ste betala provavgiften och fraktkostnaden i f\u00f6rv\u00e4g. Vi kommer att \u00e5terbetala provavgiften efter att du har gjort din best\u00e4llning. V\u00e4nligen meddela oss ditt kurirkonto eller skicka oss dina avgifter s\u00e5 ordnar vi att skicka ett prov till dig.<br \/>\n<b class=\"magic-57\">2. KAN DU PRODUCERA ENLIGT PROVERNA? <\/b><br \/>\nJa, vi kan producera dina prover eller tekniska ritningar. Vi kan bygga formar och fixturer.<br \/>\n<b class=\"magic-57\">3. VILKA \u00c4R ERA BETALNINGSVILLKOR? <\/b><br \/>\nBetalning = 1000USD, 30% T \/ T i f\u00f6rv\u00e4g, balans f\u00f6re leverans. Om du har en annan fr\u00e5ga \u00e4r du v\u00e4lkommen att kontakta oss.<br \/>\n<b class=\"magic-57\">4. VILKA \u00c4R ERA LEVERANSVILLKOR? <\/b><br \/>\nEXW, FOB, CFR, CIF, DDU.<br \/>\n<b class=\"magic-57\">5. KAN VI BES\u00d6KA DIN FABRIK?<\/b><br \/>\nVarmt v\u00e4lkommen till oss. N\u00e4r vi har ditt schema kommer vi att ordna s\u00e5 att det professionella s\u00e4ljteamet f\u00f6ljer upp ditt \u00e4rende.<br \/>\n<b class=\"magic-57\">6. HUR \u00c4R DET MED ER LEVERANSTID? <\/b><br \/>\nGenerellt sett 10 till 25 dagar efter mottagandet av din f\u00f6rskottsbetalning. Den exakta leveranstiden beror p\u00e5 de varor och den kvantitet du best\u00e4llde.<br \/>\n<b class=\"magic-57\">7. F\u00d6RDELAR EFTER F\u00d6RS\u00c4LJNING<\/b>.<br \/>\n\u00c5rsgaranti f\u00f6r produkter; Om du hittar n\u00e5gra defekta delar f\u00f6r f\u00f6rsta g\u00e5ngen kommer vi att f\u00f6rse dig med nya delar gratis i n\u00e4sta best\u00e4llning. Som en erfaren tillverkare kan du vara s\u00e4ker p\u00e5 kvalitet och service efter f\u00f6rs\u00e4ljning.<\/span><\/div>\n<\/div>\n<\/div>\n<\/div>\n<\/div>\n<\/div>\n<\/div>\n<\/div>\n<\/div>","protected":false},"excerpt":{"rendered":"<p>Q345NH anv\u00e4nds ofta inom konstruktion och konst p\u00e5 grund av dess unika egenskaper och estetiska tilltal. Om du har mer specifika f\u00f6rfr\u00e5gningar eller beh\u00f6ver ytterligare information \u00e4r du v\u00e4lkommen att fr\u00e5ga!<\/p>","protected":false},"featured_media":1242,"comment_status":"open","ping_status":"closed","template":"","meta":{"_eb_attr":"","_monsterinsights_skip_tracking":false,"_monsterinsights_sitenote_active":false,"_monsterinsights_sitenote_note":"","_monsterinsights_sitenote_category":0,"_uf_show_specific_survey":0,"_uf_disable_surveys":false},"product_brand":[],"product_cat":[21],"product_tag":[],"class_list":{"0":"post-1241","1":"product","2":"type-product","3":"status-publish","4":"has-post-thumbnail","6":"product_cat-weather-resistant-steel-plate","8":"first","9":"instock","10":"shipping-taxable","11":"product-type-simple"},"_links":{"self":[{"href":"https:\/\/keweicorten.com\/sv\/wp-json\/wp\/v2\/product\/1241"}],"collection":[{"href":"https:\/\/keweicorten.com\/sv\/wp-json\/wp\/v2\/product"}],"about":[{"href":"https:\/\/keweicorten.com\/sv\/wp-json\/wp\/v2\/types\/product"}],"replies":[{"embeddable":true,"href":"https:\/\/keweicorten.com\/sv\/wp-json\/wp\/v2\/comments?post=1241"}],"version-history":[{"count":1,"href":"https:\/\/keweicorten.com\/sv\/wp-json\/wp\/v2\/product\/1241\/revisions"}],"predecessor-version":[{"id":1243,"href":"https:\/\/keweicorten.com\/sv\/wp-json\/wp\/v2\/product\/1241\/revisions\/1243"}],"wp:featuredmedia":[{"embeddable":true,"href":"https:\/\/keweicorten.com\/sv\/wp-json\/wp\/v2\/media\/1242"}],"wp:attachment":[{"href":"https:\/\/keweicorten.com\/sv\/wp-json\/wp\/v2\/media?parent=1241"}],"wp:term":[{"taxonomy":"product_brand","embeddable":true,"href":"https:\/\/keweicorten.com\/sv\/wp-json\/wp\/v2\/product_brand?post=1241"},{"taxonomy":"product_cat","embeddable":true,"href":"https:\/\/keweicorten.com\/sv\/wp-json\/wp\/v2\/product_cat?post=1241"},{"taxonomy":"product_tag","embeddable":true,"href":"https:\/\/keweicorten.com\/sv\/wp-json\/wp\/v2\/product_tag?post=1241"}],"curies":[{"name":"wp","href":"https:\/\/api.w.org\/{rel}","templated":true}]}}