{"id":1246,"date":"2024-09-18T08:03:36","date_gmt":"2024-09-18T08:03:36","guid":{"rendered":"https:\/\/keweicorten.com\/?post_type=product&#038;p=1246"},"modified":"2025-08-14T02:07:48","modified_gmt":"2025-08-14T02:07:48","slug":"10mm-cortenstalplat","status":"publish","type":"product","link":"https:\/\/keweicorten.com\/sv\/10mm-cortenstalplat\/","title":{"rendered":"10mm cortenst\u00e5l Pl\u00e5t"},"content":{"rendered":"<h2>Egenskaper och anv\u00e4ndningsomr\u00e5den f\u00f6r 10 mm Corten st\u00e5lpl\u00e5t:<\/h2>\n<p>V\u00e4derbest\u00e4ndighet: Cortenst\u00e5l \u00e4r konstruerat f\u00f6r att st\u00e5 emot v\u00e4der och vind, vilket g\u00f6r det idealiskt f\u00f6r utomhusapplikationer. Det kan motst\u00e5 atmosf\u00e4risk korrosion och kr\u00e4ver d\u00e4rf\u00f6r mindre underh\u00e5ll j\u00e4mf\u00f6rt med traditionellt st\u00e5l.<\/p>\n<p>Estetiskt tilltalande: Den unika rostade ytan hos cortenst\u00e5l \u00e4r ofta eftertraktad f\u00f6r sina estetiska kvaliteter inom arkitektur och landskapsarkitektur.<\/p>\n<p>Ans\u00f6kan:<br \/>\nArkitektoniska s\u00e4rdrag: Anv\u00e4nds i byggnader och fasader f\u00f6r att ge ett rustikt utseende.<br \/>\nLandskapsdesign: Anv\u00e4nds ofta f\u00f6r skulpturer, st\u00e4ngsel och tr\u00e4dg\u00e5rdsdetaljer.<br \/>\nIndustriella till\u00e4mpningar: L\u00e4mplig f\u00f6r konstruktioner som uts\u00e4tts f\u00f6r tuffa milj\u00f6er, t.ex. broar och byggnader.<br \/>\nKonst och skulpturer: F\u00f6redras av m\u00e5nga konstn\u00e4rer f\u00f6r sin struktur och f\u00e4rg.<\/p>\n<p>Tillverkning: 10mm cortenst\u00e5lpl\u00e5t kan sk\u00e4ras, svetsas och formas till olika former och storlekar, vilket m\u00f6jligg\u00f6r flexibilitet i design.<\/p>\n<p>Availability: 10mm <a href=\"https:\/\/keweicorten.com\/sv\/a588-corten-weathering-steel-plate\/\">Corten steel plate comes in various thicknesses; 10mm is a common thickness for both structural and decorative uses.<\/a><\/p>\n<p>Maintenance: Although Corten steel is low-maintenance due to its protective patina, it may require occasional cleaning to maintain its appearance.<\/p>\n<p>\u00d6verv\u00e4ganden:<\/p>\n<p>Vikt: En 10 mm cortenst\u00e5lplatta kan vara ganska tung, s\u00e5 ta h\u00e4nsyn till vikten n\u00e4r du planerar transport och installation.<br \/>\nSvetsning och sk\u00e4rning: Kan kr\u00e4va specialiserad utrustning och teknik f\u00f6r att hanteras effektivt.<br \/>\nTemperaturfluktuationer: F\u00f6rsiktighet b\u00f6r iakttas i milj\u00f6er med extrema temperaturv\u00e4xlingar, eftersom det kan p\u00e5verka st\u00e5lets integritet \u00f6ver tiden.<\/p>\n<table class=\"has-title is-zebra hight-light-first-column all magic-2\">\n<tbody>\n<tr>\n<td colspan=\"1\" rowspan=\"1\">\n<div class=\"magic-19\">\n<div class=\"magic-17\" data-spm-anchor-id=\"0.0.0.i0.313f4f05QybF0h\">Material<\/div>\n<\/div>\n<\/td>\n<td colspan=\"1\" rowspan=\"1\">\n<div class=\"magic-20\">\n<div class=\"magic-17\" data-spm-anchor-id=\"0.0.0.i5.313f4f05QybF0h\">L\u00e4ngd \uff08mm\uff09<\/div>\n<\/div>\n<\/td>\n<td colspan=\"1\" rowspan=\"1\">\n<div class=\"magic-21\">\n<div class=\"magic-17\" data-spm-anchor-id=\"0.0.0.i4.313f4f05QybF0h\">Bredd \uff08mm\uff09<\/div>\n<\/div>\n<\/td>\n<td colspan=\"1\" rowspan=\"1\">\n<div class=\"magic-22\">\n<div class=\"magic-17\" data-spm-anchor-id=\"0.0.0.i3.313f4f05QybF0h\">Tjocklek \uff08mm\uff09<\/div>\n<\/div>\n<\/td>\n<td colspan=\"1\" rowspan=\"1\">\n<div class=\"magic-22\">\n<div class=\"magic-17\" data-spm-anchor-id=\"a2700.custom-template.0.i165.48333333coqoEF\">MOQ \uff08Ton\uff09<\/div>\n<\/div>\n<\/td>\n<\/tr>\n<tr>\n<td colspan=\"1\" rowspan=\"1\">\n<div class=\"magic-19\">\n<div class=\"magic-17\" data-spm-anchor-id=\"0.0.0.i6.313f4f05QybF0h\">A588\/SPA-H\/S355J0WP<\/div>\n<\/div>\n<\/td>\n<td colspan=\"1\" rowspan=\"1\">\n<div class=\"magic-20\">\n<div class=\"magic-17\" data-spm-anchor-id=\"0.0.0.i10.313f4f05QybF0h\">anpassad\/6000<\/div>\n<\/div>\n<\/td>\n<td colspan=\"1\" rowspan=\"1\">\n<div class=\"magic-21\">\n<div class=\"magic-17\" data-spm-anchor-id=\"0.0.0.i9.313f4f05QybF0h\">anpassad\/1250<\/div>\n<\/div>\n<\/td>\n<td colspan=\"1\" rowspan=\"1\">\n<div class=\"magic-22\">\n<div class=\"magic-17\" data-spm-anchor-id=\"0.0.0.i11.313f4f05QybF0h\">1.5<\/div>\n<\/div>\n<\/td>\n<td colspan=\"1\" rowspan=\"1\">\n<div class=\"magic-22\">\n<div class=\"magic-17\" data-spm-anchor-id=\"a2700.pc-decorate.0.i77.78c43333yaLfjh\">1<\/div>\n<\/div>\n<\/td>\n<\/tr>\n<tr>\n<td colspan=\"1\" rowspan=\"1\">\n<div class=\"magic-19\">\n<div class=\"magic-17\" data-spm-anchor-id=\"0.0.0.i8.313f4f05QybF0h\">A588\/SPA-H\/S355J0WP<\/div>\n<\/div>\n<\/td>\n<td colspan=\"1\" rowspan=\"1\">\n<div class=\"magic-20\">\n<div class=\"magic-17\" data-spm-anchor-id=\"0.0.0.i1.313f4f05QybF0h\">anpassad\/6000<\/div>\n<\/div>\n<\/td>\n<td colspan=\"1\" rowspan=\"1\">\n<div class=\"magic-21\">\n<div class=\"magic-17\" data-spm-anchor-id=\"a2700.custom-template.0.i4.529f3333czw0IR\">anpassad\/1250<\/div>\n<\/div>\n<\/td>\n<td colspan=\"1\" rowspan=\"1\">\n<div class=\"magic-22\">\u00a0 \u00a0 \u00a0 \u00a0 \u00a0 \u00a0 \u00a0 \u00a0 \u00a02.0<\/div>\n<\/td>\n<td colspan=\"1\" rowspan=\"1\">\n<div class=\"magic-22\">\n<div class=\"magic-17\" data-spm-anchor-id=\"a2700.pc-decorate.0.i78.78c43333yaLfjh\">1<\/div>\n<\/div>\n<\/td>\n<\/tr>\n<tr>\n<td colspan=\"1\" rowspan=\"1\">\n<div class=\"magic-19\">\n<div class=\"magic-17\" data-spm-anchor-id=\"a2700.pc-decorate.0.i54.78c43333yaLfjh\">A588\/SPA-H\/S355J0WP<\/div>\n<\/div>\n<\/td>\n<td colspan=\"1\" rowspan=\"1\">\n<div class=\"magic-20\">\n<div class=\"magic-17\" data-spm-anchor-id=\"a2700.pc-decorate.0.i60.78c43333yaLfjh\">anpassad\/6000<\/div>\n<\/div>\n<\/td>\n<td colspan=\"1\" rowspan=\"1\">\n<div class=\"magic-21\">\n<div class=\"magic-17\" data-spm-anchor-id=\"a2700.pc-decorate.0.i66.78c43333yaLfjh\">anpassad\/1500<\/div>\n<\/div>\n<\/td>\n<td colspan=\"1\" rowspan=\"1\">\n<div class=\"magic-22\">\n<div class=\"magic-17\" data-spm-anchor-id=\"a2700.pc-decorate.0.i70.78c43333yaLfjh\">3<\/div>\n<\/div>\n<\/td>\n<td colspan=\"1\" rowspan=\"1\">\n<div class=\"magic-22\">\n<div class=\"magic-17\" data-spm-anchor-id=\"a2700.custom-template.0.i163.48333333coqoEF\">1<\/div>\n<\/div>\n<\/td>\n<\/tr>\n<tr>\n<td colspan=\"1\" rowspan=\"1\">\n<div class=\"magic-19\">\n<div class=\"magic-17\" data-spm-anchor-id=\"a2700.pc-decorate.0.i55.78c43333yaLfjh\">A588\/SPA-H\/S355J0WP<\/div>\n<\/div>\n<\/td>\n<td colspan=\"1\" rowspan=\"1\">\n<div class=\"magic-20\">\n<div class=\"magic-17\" data-spm-anchor-id=\"a2700.pc-decorate.0.i61.78c43333yaLfjh\">anpassad\/6000<\/div>\n<\/div>\n<\/td>\n<td colspan=\"1\" rowspan=\"1\">\n<div class=\"magic-21\">\n<div class=\"magic-17\" data-spm-anchor-id=\"a2700.pc-decorate.0.i67.78c43333yaLfjh\">anpassad\/1500<\/div>\n<\/div>\n<\/td>\n<td colspan=\"1\" rowspan=\"1\">\n<div class=\"magic-22\">\n<div class=\"magic-17\" data-spm-anchor-id=\"a2700.pc-decorate.0.i72.78c43333yaLfjh\">4<\/div>\n<\/div>\n<\/td>\n<td colspan=\"1\" rowspan=\"1\">\n<div class=\"magic-22\">\n<div class=\"magic-17\" data-spm-anchor-id=\"a2700.pc-decorate.0.i75.78c43333yaLfjh\">1<\/div>\n<\/div>\n<\/td>\n<\/tr>\n<tr>\n<td colspan=\"1\" rowspan=\"1\">\n<div class=\"magic-19\">\n<div class=\"magic-17\" data-spm-anchor-id=\"a2700.pc-decorate.0.i56.78c43333yaLfjh\">A588\/SPA-H\/S355J0WP<\/div>\n<\/div>\n<\/td>\n<td colspan=\"1\" rowspan=\"1\">\n<div class=\"magic-20\">\n<div class=\"magic-17\" data-spm-anchor-id=\"a2700.pc-decorate.0.i63.78c43333yaLfjh\">anpassad\/6000<\/div>\n<\/div>\n<\/td>\n<td colspan=\"1\" rowspan=\"1\">\n<div class=\"magic-21\">\n<div class=\"magic-17\" data-spm-anchor-id=\"a2700.pc-decorate.0.i68.78c43333yaLfjh\">anpassad\/1500<\/div>\n<\/div>\n<\/td>\n<td colspan=\"1\" rowspan=\"1\">\n<div class=\"magic-22\">\n<div class=\"magic-17\" data-spm-anchor-id=\"a2700.pc-decorate.0.i73.78c43333yaLfjh\">5-16<\/div>\n<\/div>\n<\/td>\n<td colspan=\"1\" rowspan=\"1\">\n<div class=\"magic-22\">\n<div class=\"magic-17\" data-spm-anchor-id=\"a2700.pc-decorate.0.i76.78c43333yaLfjh\">1<\/div>\n<\/div>\n<\/td>\n<\/tr>\n<tr>\n<td colspan=\"1\" rowspan=\"1\">\n<div class=\"magic-19\">\n<div class=\"magic-17\" data-spm-anchor-id=\"a2700.pc-decorate.0.i57.78c43333yaLfjh\">A588\/SPA-H\/S355J0WP<\/div>\n<\/div>\n<\/td>\n<td colspan=\"1\" rowspan=\"1\">\n<div class=\"magic-20\">\n<div class=\"magic-17\" data-spm-anchor-id=\"a2700.pc-decorate.0.i64.78c43333yaLfjh\">anpassad\/6000<\/div>\n<\/div>\n<\/td>\n<td colspan=\"1\" rowspan=\"1\">\n<div class=\"magic-21\">\n<div class=\"magic-17\" data-spm-anchor-id=\"a2700.pc-decorate.0.i69.78c43333yaLfjh\">anpassad\/2200<\/div>\n<\/div>\n<\/td>\n<td colspan=\"1\" rowspan=\"1\">\n<div class=\"magic-22\">\n<div class=\"magic-17\" data-spm-anchor-id=\"a2700.pc-decorate.0.i74.78c43333yaLfjh\">20-30<\/div>\n<\/div>\n<\/td>\n<td colspan=\"1\" rowspan=\"1\">\n<div class=\"magic-22\">\n<div class=\"magic-17\" data-spm-anchor-id=\"a2700.custom-template.0.i166.48333333coqoEF\">1<\/div>\n<\/div>\n<\/td>\n<\/tr>\n<tr>\n<td colspan=\"5\" rowspan=\"1\">\n<div class=\"magic-23\">\n<div class=\"magic-17\" data-spm-anchor-id=\"a2700.custom-template.0.i18.778e3333f1eekh\">Alla produkter kan anpassas efter den storlek du anger<\/div>\n<\/div>\n<\/td>\n<\/tr>\n<\/tbody>\n<\/table>\n<figure style=\"width: 579px\" class=\"wp-caption alignnone\"><a href=\"https:\/\/keweicorten.com\/sv\/kontakta-oss\/\"><img fetchpriority=\"high\" decoding=\"async\" title=\"10mm cortenst\u00e5l Pl\u00e5t\" src=\"https:\/\/sc04.alicdn.com\/kf\/Hd729c4f03030426381342ad18e2683b6f\/255568936\/Hd729c4f03030426381342ad18e2683b6f.jpg\" alt=\"\" width=\"579\" height=\"434\" \/><\/a><figcaption class=\"wp-caption-text\">10mm cortenst\u00e5l Pl\u00e5t<\/figcaption><\/figure>\n<figure style=\"width: 582px\" class=\"wp-caption alignnone\"><a href=\"https:\/\/keweicorten.com\/sv\/kontakta-oss\/\"><img decoding=\"async\" title=\"pris p\u00e5 cortenst\u00e5l\" src=\"https:\/\/sc04.alicdn.com\/kf\/H9c47b2003c4c443c985e7541f40ce4b0A\/255568936\/H9c47b2003c4c443c985e7541f40ce4b0A.jpg\" alt=\"\" width=\"582\" height=\"582\" \/><\/a><figcaption class=\"wp-caption-text\">pris p\u00e5 cortenst\u00e5l<\/figcaption><\/figure>\n<figure style=\"width: 582px\" class=\"wp-caption alignnone\"><a href=\"https:\/\/keweicorten.com\/sv\/a588-corten-weathering-steel-plate\/\"><img decoding=\"async\" title=\"cortenpl\u00e5t\" src=\"https:\/\/sc04.alicdn.com\/kf\/Ha244cf4bffd5462e9c1b59d18300734fg\/255568936\/Ha244cf4bffd5462e9c1b59d18300734fg.jpg\" alt=\"\" width=\"582\" height=\"436\" \/><\/a><figcaption class=\"wp-caption-text\">cortenpl\u00e5t<\/figcaption><\/figure>","protected":false},"excerpt":{"rendered":"<p>Cortenst\u00e5l, \u00e4ven kallat vittringsst\u00e5l, \u00e4r en typ av st\u00e5llegering som utvecklar ett rostliknande utseende n\u00e4r den uts\u00e4tts f\u00f6r v\u00e4der och vind. Detta ytskikt av rost skyddar det underliggande materialet fr\u00e5n ytterligare korrosion. En 10 mm cortenst\u00e5lplatta avser en pl\u00e5t eller pl\u00e5t av detta material som \u00e4r 10 millimeter tjock.<\/p>","protected":false},"featured_media":1247,"comment_status":"open","ping_status":"closed","template":"","meta":{"_eb_attr":"","_monsterinsights_skip_tracking":false,"_monsterinsights_sitenote_active":false,"_monsterinsights_sitenote_note":"","_monsterinsights_sitenote_category":0,"_uf_show_specific_survey":0,"_uf_disable_surveys":false},"product_brand":[],"product_cat":[21],"product_tag":[],"class_list":{"0":"post-1246","1":"product","2":"type-product","3":"status-publish","4":"has-post-thumbnail","6":"product_cat-weather-resistant-steel-plate","8":"first","9":"instock","10":"shipping-taxable","11":"product-type-simple"},"_links":{"self":[{"href":"https:\/\/keweicorten.com\/sv\/wp-json\/wp\/v2\/product\/1246"}],"collection":[{"href":"https:\/\/keweicorten.com\/sv\/wp-json\/wp\/v2\/product"}],"about":[{"href":"https:\/\/keweicorten.com\/sv\/wp-json\/wp\/v2\/types\/product"}],"replies":[{"embeddable":true,"href":"https:\/\/keweicorten.com\/sv\/wp-json\/wp\/v2\/comments?post=1246"}],"version-history":[{"count":3,"href":"https:\/\/keweicorten.com\/sv\/wp-json\/wp\/v2\/product\/1246\/revisions"}],"predecessor-version":[{"id":5379,"href":"https:\/\/keweicorten.com\/sv\/wp-json\/wp\/v2\/product\/1246\/revisions\/5379"}],"wp:featuredmedia":[{"embeddable":true,"href":"https:\/\/keweicorten.com\/sv\/wp-json\/wp\/v2\/media\/1247"}],"wp:attachment":[{"href":"https:\/\/keweicorten.com\/sv\/wp-json\/wp\/v2\/media?parent=1246"}],"wp:term":[{"taxonomy":"product_brand","embeddable":true,"href":"https:\/\/keweicorten.com\/sv\/wp-json\/wp\/v2\/product_brand?post=1246"},{"taxonomy":"product_cat","embeddable":true,"href":"https:\/\/keweicorten.com\/sv\/wp-json\/wp\/v2\/product_cat?post=1246"},{"taxonomy":"product_tag","embeddable":true,"href":"https:\/\/keweicorten.com\/sv\/wp-json\/wp\/v2\/product_tag?post=1246"}],"curies":[{"name":"wp","href":"https:\/\/api.w.org\/{rel}","templated":true}]}}