{"id":1269,"date":"2024-09-19T07:26:56","date_gmt":"2024-09-19T07:26:56","guid":{"rendered":"https:\/\/keweicorten.com\/?post_type=product&#038;p=1269"},"modified":"2025-01-15T06:26:37","modified_gmt":"2025-01-15T06:26:37","slug":"bord-for-eldstad-med-gasol-utomhus","status":"publish","type":"product","link":"https:\/\/keweicorten.com\/sv\/bord-for-eldstad-med-gasol-utomhus\/","title":{"rendered":"bord f\u00f6r eldstad med gasol utomhus"},"content":{"rendered":"<p>Ett gaseldstads-bord \u00e4r en multifunktionell utem\u00f6bel som kombinerar v\u00e4rmen och st\u00e4mningen fr\u00e5n en eldstad med det praktiska med ett bord. Den drivs med antingen propan eller naturgas, vilket g\u00f6r den renare och bekv\u00e4mare \u00e4n vedeldade eldst\u00e4der. Dessa bord har ofta en eldstad i mitten, omgiven av en plan yta d\u00e4r drycker, snacks eller dekorativa f\u00f6rem\u00e5l kan placeras.<\/p>\n<h2>Naturgaseldbord Viktiga funktioner:<\/h2>\n<p>1. Material: Vanliga material \u00e4r aluminium, st\u00e5l, rotting, betong och sten, alla med olika estetik och h\u00e5llbarhet f\u00f6r utomhusf\u00f6rh\u00e5llanden.<br \/>\n2. Eldmedia: Eldplatsen \u00e4r ofta dekorerad med eldglas, lavastenar eller keramikstockar f\u00f6r att f\u00f6rb\u00e4ttra det visuella intrycket.<br \/>\n3. Typ av br\u00e4nsle:<br \/>\nPropangas: Kr\u00e4ver en propantank, som ofta f\u00f6rvaras under bordet.<br \/>\nNaturgas: Inneb\u00e4r vanligtvis en direkt anslutning till gasledningen, s\u00e5 den \u00e4r mer permanent.<br \/>\n4. Utrymme p\u00e5 bordsskivan: Den yttre kanten av eldstadsbordet fungerar som en funktionell bordsyta och ger plats f\u00f6r att st\u00e4lla f\u00f6rem\u00e5l medan du njuter av elden.<br \/>\n5. T\u00e4ndning: De flesta modeller har ett l\u00e4ttanv\u00e4nt t\u00e4ndningssystem (tryckknapp eller elektroniskt).<br \/>\n6. V\u00e4rmeeffekt (BTU): V\u00e4rmeeffekten varierar, med h\u00f6gre BTU-v\u00e4rden som ger mer v\u00e4rme i st\u00f6rre utrymmen.<\/p>\n<p>F\u00f6rdelar:<br \/>\nMultifunktionell: Kan anv\u00e4ndas som b\u00e5de eldstad och bord f\u00f6r underh\u00e5llning.<br \/>\nEnkel att starta och kontrollera: S\u00e4tt p\u00e5 och st\u00e4ng av elden direkt med en str\u00f6mbrytare eller ett vred.<br \/>\nMindre underh\u00e5ll: Till skillnad fr\u00e5n traditionella eldst\u00e4der beh\u00f6ver du inte st\u00e4da upp aska eller tr\u00e4rester.<br \/>\nSnygg design: M\u00e5nga modeller har en modern design som f\u00f6rh\u00f6jer estetiken i utomhusmilj\u00f6er.<\/p>\n<p>\u00d6verv\u00e4ganden:<br \/>\nStorlek: Se till att bordet passar bekv\u00e4mt i ditt utomhusutrymme utan att bli f\u00f6r tr\u00e5ngt.<br \/>\nV\u00e4derbest\u00e4ndighet: Leta efter material som t\u00e5l att exponeras utomhus eller investera i ett \u00f6verdrag f\u00f6r skydd.<br \/>\nV\u00e4rmeradius: Beroende p\u00e5 storlek och BTU-v\u00e4rde kommer eldstaden att v\u00e4rma upp ett visst omr\u00e5de. Fundera p\u00e5 om det \u00e4r tillr\u00e4ckligt f\u00f6r dina behov.<\/p>\n<table class=\"has-title all magic-6\">\n<tbody>\n<tr>\n<td colspan=\"1\" rowspan=\"1\">\n<div class=\"magic-7\" data-spm-anchor-id=\"a2700.details.0.i38.476a7509rg8LcG\">Produktens namn<\/div>\n<\/td>\n<td colspan=\"1\" rowspan=\"1\">\n<div class=\"magic-8\">H\u00e5llbar utomhusv\u00e4rmare eld kol metall natur gas i utomhus eldstad<\/div>\n<\/td>\n<\/tr>\n<tr>\n<td colspan=\"1\" rowspan=\"1\">\n<div class=\"magic-7\">Material<\/div>\n<\/td>\n<td colspan=\"1\" rowspan=\"1\">\n<div class=\"magic-8\">Cortenst\u00e5l, rostfritt st\u00e5l<\/div>\n<\/td>\n<\/tr>\n<tr>\n<td colspan=\"1\" rowspan=\"1\">\n<div class=\"magic-7\">Storlek<\/div>\n<\/td>\n<td colspan=\"1\" rowspan=\"1\">\n<div class=\"magic-8\">800 * 800 * 400 eller anpassad<\/div>\n<\/td>\n<\/tr>\n<tr>\n<td colspan=\"1\" rowspan=\"1\">\n<div class=\"magic-7\">Yta<\/div>\n<\/td>\n<td colspan=\"1\" rowspan=\"1\">\n<div class=\"magic-8\">pulverlackering svart<\/div>\n<\/td>\n<\/tr>\n<tr>\n<td colspan=\"1\" rowspan=\"1\">\n<div class=\"magic-7\">Teknik<\/div>\n<\/td>\n<td colspan=\"1\" rowspan=\"1\">\n<div class=\"magic-8\">\u00a0Lasersk\u00e4rning, bockning, stansning, svetsning, v\u00e4derp\u00e5verkan<\/div>\n<\/td>\n<\/tr>\n<tr>\n<td colspan=\"1\" rowspan=\"1\">\n<div class=\"magic-7\">Till\u00e4mpning<\/div>\n<\/td>\n<td colspan=\"1\" rowspan=\"1\">\n<div class=\"magic-8\">Inredning f\u00f6r utomhusbruk eller innerg\u00e5rd<\/div>\n<\/td>\n<\/tr>\n<\/tbody>\n<\/table>\n<figure style=\"width: 700px\" class=\"wp-caption alignnone\"><a href=\"https:\/\/keweicorten.com\/sv\"><img fetchpriority=\"high\" decoding=\"async\" title=\"eldstad p\u00e5 bord\" src=\"https:\/\/sc04.alicdn.com\/kf\/H2922166013fd43e4ae1450eaa5391c06A\/252624420\/H2922166013fd43e4ae1450eaa5391c06A.jpg\" alt=\"\" width=\"700\" height=\"700\" \/><\/a><figcaption class=\"wp-caption-text\">eldstad p\u00e5 bord<\/figcaption><\/figure>","protected":false},"excerpt":{"rendered":"<p>An outdoor gas fire pit table is a multifunctional piece of outdoor furniture that combines the warmth and ambiance of a fire pit with the practicality of a table. It runs on either propane or natural gas, making it cleaner and more convenient than wood-burning fire pits. These tables often feature a fire pit in [&hellip;]<\/p>","protected":false},"featured_media":1271,"comment_status":"open","ping_status":"closed","template":"","meta":{"_eb_attr":"","_monsterinsights_skip_tracking":false,"_monsterinsights_sitenote_active":false,"_monsterinsights_sitenote_note":"","_monsterinsights_sitenote_category":0,"_uf_show_specific_survey":0,"_uf_disable_surveys":false},"product_brand":[],"product_cat":[55],"product_tag":[],"class_list":{"0":"post-1269","1":"product","2":"type-product","3":"status-publish","4":"has-post-thumbnail","6":"product_cat-gas-fire-pit","8":"first","9":"instock","10":"shipping-taxable","11":"product-type-simple"},"_links":{"self":[{"href":"https:\/\/keweicorten.com\/sv\/wp-json\/wp\/v2\/product\/1269"}],"collection":[{"href":"https:\/\/keweicorten.com\/sv\/wp-json\/wp\/v2\/product"}],"about":[{"href":"https:\/\/keweicorten.com\/sv\/wp-json\/wp\/v2\/types\/product"}],"replies":[{"embeddable":true,"href":"https:\/\/keweicorten.com\/sv\/wp-json\/wp\/v2\/comments?post=1269"}],"version-history":[{"count":1,"href":"https:\/\/keweicorten.com\/sv\/wp-json\/wp\/v2\/product\/1269\/revisions"}],"predecessor-version":[{"id":1272,"href":"https:\/\/keweicorten.com\/sv\/wp-json\/wp\/v2\/product\/1269\/revisions\/1272"}],"wp:featuredmedia":[{"embeddable":true,"href":"https:\/\/keweicorten.com\/sv\/wp-json\/wp\/v2\/media\/1271"}],"wp:attachment":[{"href":"https:\/\/keweicorten.com\/sv\/wp-json\/wp\/v2\/media?parent=1269"}],"wp:term":[{"taxonomy":"product_brand","embeddable":true,"href":"https:\/\/keweicorten.com\/sv\/wp-json\/wp\/v2\/product_brand?post=1269"},{"taxonomy":"product_cat","embeddable":true,"href":"https:\/\/keweicorten.com\/sv\/wp-json\/wp\/v2\/product_cat?post=1269"},{"taxonomy":"product_tag","embeddable":true,"href":"https:\/\/keweicorten.com\/sv\/wp-json\/wp\/v2\/product_tag?post=1269"}],"curies":[{"name":"wp","href":"https:\/\/api.w.org\/{rel}","templated":true}]}}