{"id":1277,"date":"2024-09-19T08:11:50","date_gmt":"2024-09-19T08:11:50","guid":{"rendered":"https:\/\/keweicorten.com\/?post_type=product&#038;p=1277"},"modified":"2025-01-15T06:26:18","modified_gmt":"2025-01-15T06:26:18","slug":"eldstad-skal-3","status":"publish","type":"product","link":"https:\/\/keweicorten.com\/sv\/eldstad-skal-3\/","title":{"rendered":"eldsk\u00e5l i corten"},"content":{"rendered":"<h2><b data-spm-anchor-id=\"a2700.details.0.i38.54803c56Fst1G1\">\u00a0Utomhus eldstad i cortenst\u00e5l Design <\/b><\/h2>\n<div>Garden Corten Steel Wood Burning Fire Pit Bowl \u00e4r ett utm\u00e4rkt val f\u00f6r att skapa v\u00e4rme och atmosf\u00e4r i utomhusutrymmen samtidigt som den ger ett sofistikerat, rustikt utseende som ger karakt\u00e4r \u00e5t det omgivande landskapet.Garden Fire Pit Bowl \u00e4r mer \u00e4n bara en typisk eldstad; den fungerar ocks\u00e5 som ett konstverk.<\/div>\n<div>Dessa eldstadssk\u00e5lar finns i en rad olika former och storlekar f\u00f6r att passa olika utomhusutrymmen, och de \u00e4r l\u00e4tta att underh\u00e5lla, vilket g\u00f6r dem till ett popul\u00e4rt val f\u00f6r utomhusentusiaster.<\/div>\n<div>\n<table class=\"all magic-16\" style=\"height: 216px;\" width=\"816\">\n<tbody>\n<tr>\n<td colspan=\"1\" rowspan=\"1\">\n<div class=\"magic-17\" data-spm-anchor-id=\"a2700.details.0.i44.54803c56Fst1G1\">Produktens namn<\/div>\n<\/td>\n<td colspan=\"4\" rowspan=\"1\">\n<div class=\"magic-18\">Tr\u00e4dg\u00e5rdsdekoration B\u00e4rbar r\u00f6kfri \u00f6ppen spis st\u00e5l eldsk\u00e5l utomhus Corten st\u00e5l eldstad design<\/div>\n<\/td>\n<\/tr>\n<tr>\n<td colspan=\"1\" rowspan=\"1\">\n<div class=\"magic-17\">Material<\/div>\n<\/td>\n<td colspan=\"4\" rowspan=\"1\">\n<div class=\"magic-18\">Corten\/v\u00e4derbest\u00e4ndigt st\u00e5l<\/div>\n<\/td>\n<\/tr>\n<tr>\n<td colspan=\"1\" rowspan=\"1\">\n<div class=\"magic-17\">Ytfinish<\/div>\n<\/td>\n<td colspan=\"4\" rowspan=\"1\">\n<div class=\"magic-18\">F\u00f6rrostning, enligt krav<\/div>\n<\/td>\n<\/tr>\n<tr>\n<td colspan=\"1\" rowspan=\"1\">\n<div class=\"magic-17\">Storlek<\/div>\n<\/td>\n<td colspan=\"4\" rowspan=\"1\">\n<div class=\"magic-21\">\n<p>Diameter: 800 mm-1200 mm<\/p>\n<div data-spm-anchor-id=\"a2700.pc-decorate.0.i14.1ac93333diqBDj\">Tjocklek: 3mm, anpassad<\/div>\n<\/div>\n<\/td>\n<\/tr>\n<tr>\n<td colspan=\"1\" rowspan=\"1\">\n<div class=\"magic-22\">Funktion<\/div>\n<\/td>\n<td colspan=\"4\" rowspan=\"1\">\n<div class=\"magic-21\">Stabil design, l\u00e4ttmonterad, h\u00f6g temperaturbest\u00e4ndighet<\/div>\n<\/td>\n<\/tr>\n<tr>\n<td colspan=\"1\" rowspan=\"1\">\n<div class=\"magic-22\">Ytterligare tj\u00e4nster<\/div>\n<\/td>\n<td colspan=\"1\" rowspan=\"1\">\n<div class=\"magic-21\">Varje Fire Pits Bowl kan tillverkas baserat p\u00e5 kundernas design, ritning, prov och detaljerade krav.<\/div>\n<\/td>\n<\/tr>\n<\/tbody>\n<\/table>\n<\/div>\n<div><a href=\"https:\/\/keweicorten.com\/sv\"><img fetchpriority=\"high\" decoding=\"async\" class=\"alignnone\" title=\"eldstad\" src=\"https:\/\/sc04.alicdn.com\/kf\/H98c98f834b0941fe86f09cf240438fe2D\/252583075\/H98c98f834b0941fe86f09cf240438fe2D.jpg\" alt=\"\" width=\"676\" height=\"676\" \/><\/a><\/div>\n<div>\n<h2>Egenskaper f\u00f6r eldsk\u00e5lar av Corten:<\/h2>\n<ol>\n<li><strong>Material<\/strong>: Cortenst\u00e5l utvecklar en rostliknande patina med tiden, vilket ger det ett unikt, strukturerat utseende som sm\u00e4lter v\u00e4l in i naturliga omgivningar.<\/li>\n<li><strong>H\u00e5llbarhet<\/strong>: St\u00e5let \u00e4r motst\u00e5ndskraftigt mot korrosion och v\u00e4der och vind, vilket g\u00f6r det l\u00e4mpligt f\u00f6r utomhusbruk \u00e5ret runt.<\/li>\n<li><strong>Design<\/strong>: Corten eldsk\u00e5lar finns i olika former och storlekar, ofta med minimalistisk design som f\u00f6rb\u00e4ttrar estetiken i alla utomhusutrymmen.<\/li>\n<li><strong>Funktionalitet<\/strong>: De kan anv\u00e4ndas f\u00f6r b\u00e5de matlagning och uppv\u00e4rmning, ger v\u00e4rme och en central samlingspunkt f\u00f6r utomhusaktiviteter.<\/li>\n<\/ol>\n<\/div>\n<div><\/div>\n<div>\n<figure style=\"width: 675px\" class=\"wp-caption alignnone\"><a href=\"https:\/\/keweicorten.com\/sv\/kontakta-oss\/\"><img decoding=\"async\" title=\"eldstad\" src=\"https:\/\/sc04.alicdn.com\/kf\/Hc05888b8a84f48d7891b9c11c4d261b9Q\/252583075\/Hc05888b8a84f48d7891b9c11c4d261b9Q.jpg\" alt=\"\" width=\"675\" height=\"675\" \/><\/a><figcaption class=\"wp-caption-text\">eldstad<\/figcaption><\/figure>\n<\/div>\n<div>\n<h2>F\u00f6rdelar med eldsk\u00e5lar av Corten:<\/h2>\n<ul>\n<li><strong>Unik estetik<\/strong>: Det rustika utseendet p\u00e5 cortenst\u00e5l ger karakt\u00e4r och elegans till din tr\u00e4dg\u00e5rd eller uteplats.<\/li>\n<li><strong>L\u00e5gt underh\u00e5ll<\/strong>: Till skillnad fr\u00e5n eldst\u00e4der i tr\u00e4 kr\u00e4ver eldsk\u00e5lar i corten minimal underh\u00e5ll.<\/li>\n<li><strong>M\u00e5ngsidighet<\/strong>: M\u00e5nga modeller kan anv\u00e4ndas som bord n\u00e4r de inte anv\u00e4nds f\u00f6r att elda.<\/li>\n<\/ul>\n<\/div>\n<div>\n<figure style=\"width: 673px\" class=\"wp-caption alignnone\"><a href=\"https:\/\/keweicorten.com\/sv\"><img decoding=\"async\" title=\"eldstad i corten\" src=\"https:\/\/sc04.alicdn.com\/kf\/H98c98f834b0941fe86f09cf240438fe2D\/252583075\/H98c98f834b0941fe86f09cf240438fe2D.jpg\" alt=\"\" width=\"673\" height=\"673\" \/><\/a><figcaption class=\"wp-caption-text\">eldstad i corten<\/figcaption><\/figure>\n<\/div>\n<div>\n<div class=\"J_module\">\n<div class=\"detail-decorate-json-renderer-container\">\n<div class=\"magic-4\">\n<div class=\"magic-5\">\n<div class=\"magic-6\">\n<div class=\"magic-7\">\n<p><b data-spm-anchor-id=\"a2700.details.0.i45.54803c56Fst1G1\">Vedeldad eldstad f\u00f6r utomhusbruk i cortenst\u00e5l, sk\u00e5l<\/b><\/p>\n<div>\n<p>Wood Burning Fire Pit \u00e4r ett brett, grunt k\u00e4rl spunnet av 3\/16\" (5 mm) Corten-st\u00e5l, allm\u00e4nt k\u00e4nt som vittringsst\u00e5l, vilket inte bara g\u00f6r denna eldstad extremt h\u00e5llbar utan ocks\u00e5 ger den en mycket unik stil som skiljer den fr\u00e5n alla andra eldst\u00e4der.<\/p>\n<div><\/div>\n<div><span data-spm-anchor-id=\"a2700.details.0.i46.54803c56Fst1G1\">Den h\u00e4r typen av st\u00e5l f\u00f6r\u00e4ndras ocks\u00e5 en aning med \u00e5ren, vilket ger det ett \u00e4nnu mer unikt v\u00e4derbitet utseende som \u00e4r mycket eftertraktat. St\u00e5let n\u00e5r sin b\u00e4sta patina efter 2 till 4 \u00e5r och f\u00f6rblir sedan i det tillst\u00e5ndet med mycket sm\u00e5 f\u00f6r\u00e4ndringar.<\/span><\/div>\n<\/div>\n<\/div>\n<\/div>\n<\/div>\n<\/div>\n<\/div>\n<\/div>\n<div class=\"J_module\">\n<div class=\"icbu-pc-images magic-1\">\n<div>\n<div class=\"flex-layout-v\">\n<div class=\"flex-layout-h magic-1\">\n<div class=\"magic-26\"><a href=\"https:\/\/kwijbl.en.alibaba.com\/\" target=\"_blank\" rel=\"noopener nofollow\"><img decoding=\"async\" class=\"magic-27\" src=\"https:\/\/sc04.alicdn.com\/kf\/Hd5663bf2cbbf4b99aabdba5721ae9d7bL\/252583075\/Hd5663bf2cbbf4b99aabdba5721ae9d7bL.jpg\" data-src=\"\/\/sc04.alicdn.com\/kf\/Hd5663bf2cbbf4b99aabdba5721ae9d7bL\/252583075\/Hd5663bf2cbbf4b99aabdba5721ae9d7bL.jpg\" \/><\/a><\/div>\n<\/div>\n<\/div>\n<\/div>\n<\/div>\n<\/div>\n<\/div>","protected":false},"excerpt":{"rendered":"<p>Material: V\u00e4derbest\u00e4ndigt st\u00e5l bildar ett skyddande oxidskikt n\u00e4r det uts\u00e4tts f\u00f6r v\u00e4der och vind f\u00f6r att f\u00f6rhindra ytterligare korrosion.<br \/>\nDesign: Eldstadssk\u00e5lar av vittrande st\u00e5l har vanligtvis en enkel design och olika former, som kan anv\u00e4ndas antingen som eldst\u00e4der eller som dekorativa m\u00f6bler.<br \/>\nH\u00e5llbarhet: Vittringsst\u00e5l har en stark korrosionsbest\u00e4ndighet och l\u00e4mpar sig f\u00f6r utomhusbruk utan att man beh\u00f6ver oroa sig f\u00f6r v\u00e4der och vind.<br \/>\nM\u00e5ngsidighet: Inte bara f\u00f6r uppv\u00e4rmning och fest, utan \u00e4ven f\u00f6r matlagning utomhus<\/p>","protected":false},"featured_media":1278,"comment_status":"open","ping_status":"closed","template":"","meta":{"_eb_attr":"","_monsterinsights_skip_tracking":false,"_monsterinsights_sitenote_active":false,"_monsterinsights_sitenote_note":"","_monsterinsights_sitenote_category":0,"_uf_show_specific_survey":0,"_uf_disable_surveys":false},"product_brand":[],"product_cat":[54],"product_tag":[],"class_list":{"0":"post-1277","1":"product","2":"type-product","3":"status-publish","4":"has-post-thumbnail","6":"product_cat-wood-fire-pit","8":"first","9":"instock","10":"shipping-taxable","11":"product-type-simple"},"_links":{"self":[{"href":"https:\/\/keweicorten.com\/sv\/wp-json\/wp\/v2\/product\/1277"}],"collection":[{"href":"https:\/\/keweicorten.com\/sv\/wp-json\/wp\/v2\/product"}],"about":[{"href":"https:\/\/keweicorten.com\/sv\/wp-json\/wp\/v2\/types\/product"}],"replies":[{"embeddable":true,"href":"https:\/\/keweicorten.com\/sv\/wp-json\/wp\/v2\/comments?post=1277"}],"version-history":[{"count":2,"href":"https:\/\/keweicorten.com\/sv\/wp-json\/wp\/v2\/product\/1277\/revisions"}],"predecessor-version":[{"id":1280,"href":"https:\/\/keweicorten.com\/sv\/wp-json\/wp\/v2\/product\/1277\/revisions\/1280"}],"wp:featuredmedia":[{"embeddable":true,"href":"https:\/\/keweicorten.com\/sv\/wp-json\/wp\/v2\/media\/1278"}],"wp:attachment":[{"href":"https:\/\/keweicorten.com\/sv\/wp-json\/wp\/v2\/media?parent=1277"}],"wp:term":[{"taxonomy":"product_brand","embeddable":true,"href":"https:\/\/keweicorten.com\/sv\/wp-json\/wp\/v2\/product_brand?post=1277"},{"taxonomy":"product_cat","embeddable":true,"href":"https:\/\/keweicorten.com\/sv\/wp-json\/wp\/v2\/product_cat?post=1277"},{"taxonomy":"product_tag","embeddable":true,"href":"https:\/\/keweicorten.com\/sv\/wp-json\/wp\/v2\/product_tag?post=1277"}],"curies":[{"name":"wp","href":"https:\/\/api.w.org\/{rel}","templated":true}]}}