{"id":1344,"date":"2024-09-24T07:04:01","date_gmt":"2024-09-24T07:04:01","guid":{"rendered":"https:\/\/keweicorten.com\/?post_type=product&#038;p=1344"},"modified":"2025-01-15T06:23:15","modified_gmt":"2025-01-15T06:23:15","slug":"utomhusmatlagning-bbq","status":"publish","type":"product","link":"https:\/\/keweicorten.com\/sv\/utomhusmatlagning-bbq\/","title":{"rendered":"Matlagning utomhus BBQ"},"content":{"rendered":"<p>Det verkar som om du letar efter grillalternativ f\u00f6r utomhusmatlagning! Med tanke p\u00e5 ditt intresse f\u00f6r cortenst\u00e5l, rostgrillar och eldst\u00e4der kan jag t\u00e4nka mig att du vill ha ett h\u00e5llbart och snyggt alternativ f\u00f6r utomhusgrillning.<\/p>\n<h2>Olika typer av utomhusmatlagning BBQ:<\/h2>\n<ol>\n<li><strong>Cortenst\u00e5l BBQ<\/strong>:\n<ul>\n<li><strong>Material<\/strong>: Cortenst\u00e5l (vittringsst\u00e5l) utvecklar med tiden ett skyddande rostskikt som f\u00f6rhindrar ytterligare korrosion, vilket g\u00f6r det perfekt f\u00f6r utomhusbruk.<\/li>\n<li><strong>Funktioner<\/strong>: Ofta multifunktionell, dubblerar som en grill, eldstad eller till och med en matlagningsyta. Den rostiga finishen ger ocks\u00e5 en rustik estetik till ditt utomhusutrymme.<\/li>\n<li><strong>Popul\u00e4ra modeller<\/strong>: Inkluderar grillbord, eldstadgrillar eller frist\u00e5ende grillar i cortenst\u00e5l.<\/li>\n<\/ul>\n<\/li>\n<li><strong>Grill med tr\u00e4kol<\/strong>:\n<ul>\n<li>K\u00e4nd f\u00f6r att ge maten en r\u00f6kig smak, och den ses ofta som mer traditionell.<\/li>\n<li>Finns i b\u00e4rbart eller inbyggt utf\u00f6rande.<\/li>\n<\/ul>\n<\/li>\n<\/ol>\n<table class=\"all magic-8\" style=\"height: 193px;\" width=\"610\">\n<tbody>\n<tr>\n<td colspan=\"1\" rowspan=\"1\">\n<div class=\"magic-9\"><b><span style=\"font-size: medium;\" data-spm-anchor-id=\"a2700.details.0.i40.29453909VZqwlj\">Produktens namn<\/span><\/b><\/div>\n<\/td>\n<td colspan=\"1\" rowspan=\"1\">\n<div class=\"magic-10\"><span style=\"font-size: medium;\">utomhus BBQ GRILLAR<\/span><\/div>\n<\/td>\n<\/tr>\n<tr>\n<td colspan=\"1\" rowspan=\"1\">\n<div class=\"magic-9\"><b><span style=\"font-size: medium;\">Material<\/span><\/b><\/div>\n<\/td>\n<td colspan=\"1\" rowspan=\"1\">\n<div class=\"magic-10\"><span style=\"font-size: medium;\">cortenst\u00e5l, mjukt st\u00e5l.<\/span><\/div>\n<\/td>\n<\/tr>\n<tr>\n<td colspan=\"1\" rowspan=\"1\">\n<div class=\"magic-9\"><b><span style=\"font-size: medium;\">F\u00e4rg<\/span><\/b><\/div>\n<\/td>\n<td colspan=\"1\" rowspan=\"1\">\n<div class=\"magic-10\"><span style=\"font-size: medium;\">rostig<\/span><\/div>\n<\/td>\n<\/tr>\n<tr>\n<td colspan=\"1\" rowspan=\"1\">\n<div class=\"magic-9\"><b><span style=\"font-size: medium;\">Brade<\/span><\/b><\/div>\n<\/td>\n<td colspan=\"1\" rowspan=\"1\">\n<div class=\"magic-10\"><span style=\"font-size: medium;\">SHKW tr\u00e4dg\u00e5rd<\/span><\/div>\n<\/td>\n<\/tr>\n<tr>\n<td colspan=\"1\" rowspan=\"1\">\n<div class=\"magic-9\"><b><span style=\"font-size: medium;\">Storlek&amp;Form<\/span><\/b><\/div>\n<\/td>\n<td colspan=\"1\" rowspan=\"1\">\n<div class=\"magic-10\"><span style=\"font-size: medium;\">800mm,1000mm,Standard eller anpassad<\/span><\/div>\n<\/td>\n<\/tr>\n<tr>\n<td colspan=\"1\" rowspan=\"1\">\n<div class=\"magic-9\"><b><span style=\"font-size: medium;\">Tjocklek:<\/span><\/b><\/div>\n<\/td>\n<td colspan=\"1\" rowspan=\"1\">\n<div class=\"magic-10\"><span style=\"font-size: medium;\">Bas och sk\u00e5l: 2mm. kokplatta: 10 mm<\/span><\/div>\n<\/td>\n<\/tr>\n<\/tbody>\n<\/table>\n<p>BBQ-grill i cortenst\u00e5l f\u00f6r utomhusbruk<br \/>\nMaterial: Vittringsst\u00e5l bildar ett lager av oxidationsskydd p\u00e5 ytan, med naturlig rostskyddsfunktion.<br \/>\nEgenskaper: Unikt utseende med en rostig r\u00f6d f\u00e4rg, perfekt f\u00f6r dekorationsstil i tr\u00e4dg\u00e5rden eller p\u00e5 terrassen. Det \u00e4r inte bara en grill, utan kan ocks\u00e5 anv\u00e4ndas som en brazier.<br \/>\nF\u00f6rdelar: Bra v\u00e4derbest\u00e4ndighet, l\u00e4mplig f\u00f6r en m\u00e4ngd olika utomhusmilj\u00f6er och mer attraktivt utseende med tiden.<\/p>\n<figure style=\"width: 700px\" class=\"wp-caption alignnone\"><a href=\"https:\/\/keweicorten.com\/sv\/produkter\/\"><img fetchpriority=\"high\" decoding=\"async\" title=\"grill  \" src=\"https:\/\/sc04.alicdn.com\/kf\/H43619cdf90fc42779f3408553b38ed204\/227652262\/H43619cdf90fc42779f3408553b38ed204.jpg\" alt=\"\" width=\"700\" height=\"700\" \/><\/a><figcaption class=\"wp-caption-text\">GRILLNING<\/figcaption><\/figure>\n<figure style=\"width: 699px\" class=\"wp-caption alignnone\"><a href=\"https:\/\/keweicorten.com\/sv\/produkter\/\"><img decoding=\"async\" title=\"grill\" src=\"https:\/\/sc04.alicdn.com\/kf\/H655353c891944ef4b128f7c84bc70d7b2\/227652262\/H655353c891944ef4b128f7c84bc70d7b2.jpg\" alt=\"\" width=\"699\" height=\"699\" \/><\/a><figcaption class=\"wp-caption-text\">grill<\/figcaption><\/figure>","protected":false},"excerpt":{"rendered":"<p>Material: cortenst\u00e5l<\/p>\n<div><span class=\"magic-16\">Cortenst\u00e5l kallas ibland f\u00f6r vittringsst\u00e5l. Anledningen till att det h\u00e5ller s\u00e5 l\u00e4nge \u00e4r att det f\u00f6rsta korrosionsskiktet f\u00f6rhindrar<br \/>\nytterligare f\u00f6rs\u00e4mring orsakad av rost.<br \/>\n<\/span><\/div>\n<div><span class=\"magic-16\">Ju mer du anv\u00e4nder det, desto b\u00e4ttre ser det ut. Efter ett tag bildar st\u00e5let ett vackert och naturligt patinaskikt.<br \/>\n<\/span><\/div>\n<div><span class=\"magic-16\">Grillbord med eldstad och grill i cortenst\u00e5l kan st\u00e5 ute \u00e5ret runt utan att beh\u00f6va t\u00e4ckas \u00f6ver.<\/span><\/div>","protected":false},"featured_media":1345,"comment_status":"open","ping_status":"closed","template":"","meta":{"_eb_attr":"","_monsterinsights_skip_tracking":false,"_monsterinsights_sitenote_active":false,"_monsterinsights_sitenote_note":"","_monsterinsights_sitenote_category":0,"_uf_show_specific_survey":0,"_uf_disable_surveys":false},"product_brand":[],"product_cat":[63],"product_tag":[],"class_list":{"0":"post-1344","1":"product","2":"type-product","3":"status-publish","4":"has-post-thumbnail","6":"product_cat-steel-bbq-grill","8":"first","9":"instock","10":"shipping-taxable","11":"product-type-simple"},"_links":{"self":[{"href":"https:\/\/keweicorten.com\/sv\/wp-json\/wp\/v2\/product\/1344"}],"collection":[{"href":"https:\/\/keweicorten.com\/sv\/wp-json\/wp\/v2\/product"}],"about":[{"href":"https:\/\/keweicorten.com\/sv\/wp-json\/wp\/v2\/types\/product"}],"replies":[{"embeddable":true,"href":"https:\/\/keweicorten.com\/sv\/wp-json\/wp\/v2\/comments?post=1344"}],"version-history":[{"count":1,"href":"https:\/\/keweicorten.com\/sv\/wp-json\/wp\/v2\/product\/1344\/revisions"}],"predecessor-version":[{"id":1346,"href":"https:\/\/keweicorten.com\/sv\/wp-json\/wp\/v2\/product\/1344\/revisions\/1346"}],"wp:featuredmedia":[{"embeddable":true,"href":"https:\/\/keweicorten.com\/sv\/wp-json\/wp\/v2\/media\/1345"}],"wp:attachment":[{"href":"https:\/\/keweicorten.com\/sv\/wp-json\/wp\/v2\/media?parent=1344"}],"wp:term":[{"taxonomy":"product_brand","embeddable":true,"href":"https:\/\/keweicorten.com\/sv\/wp-json\/wp\/v2\/product_brand?post=1344"},{"taxonomy":"product_cat","embeddable":true,"href":"https:\/\/keweicorten.com\/sv\/wp-json\/wp\/v2\/product_cat?post=1344"},{"taxonomy":"product_tag","embeddable":true,"href":"https:\/\/keweicorten.com\/sv\/wp-json\/wp\/v2\/product_tag?post=1344"}],"curies":[{"name":"wp","href":"https:\/\/api.w.org\/{rel}","templated":true}]}}