{"id":1365,"date":"2024-09-24T08:26:42","date_gmt":"2024-09-24T08:26:42","guid":{"rendered":"https:\/\/keweicorten.com\/?post_type=product&#038;p=1365"},"modified":"2024-09-24T08:49:31","modified_gmt":"2024-09-24T08:49:31","slug":"wtst52-3-ror-av-cortenstal","status":"publish","type":"product","link":"https:\/\/keweicorten.com\/sv\/wtst52-3-ror-av-cortenstal\/","title":{"rendered":"WTSt52-3 Corten st\u00e5lr\u00f6r"},"content":{"rendered":"<p>WTSt52-3 Corten Steel Pipe \u00e4r en v\u00e4derbest\u00e4ndig st\u00e5lsort som tillh\u00f6r familjen Corten-st\u00e5l. I likhet med andra Corten-st\u00e5l som A242 och A588 \u00e4r WTSt52-3 utformat f\u00f6r att ha \u00f6verl\u00e4gsen korrosionsbest\u00e4ndighet genom att bilda en skyddande patina p\u00e5 ytan n\u00e4r den uts\u00e4tts f\u00f6r v\u00e4derf\u00f6rh\u00e5llanden. Patinan fungerar som en barri\u00e4r som f\u00f6rhindrar djupare korrosion och g\u00f6r att st\u00e5let kan anv\u00e4ndas i tuffa milj\u00f6er utan behov av skyddsbel\u00e4ggningar.<\/p>\n<p>Liksom andra vittringsst\u00e5l inneh\u00e5ller WTSt52-3 Corten Steel Pipe sm\u00e5 m\u00e4ngder legeringselement som t.ex:<\/p>\n<ul>\n<li><strong>Koppar<\/strong><\/li>\n<li><strong>Krom<\/strong><\/li>\n<li><strong>Nickel<\/strong><\/li>\n<li><strong>Fosfor<\/strong> Dessa element \u00f6kar korrosionsbest\u00e4ndigheten och g\u00f6r att den kan bilda en stabil patina n\u00e4r den uts\u00e4tts f\u00f6r milj\u00f6n.<\/li>\n<\/ul>\n<h3>F\u00f6rdelar:<\/h3>\n<ul>\n<li><strong>Estetisk tilltalande<\/strong>: Patinan ger ett industriellt, rustikt utseende som ofta anv\u00e4nds i modern arkitektonisk design.<\/li>\n<li><strong>H\u00e5llbarhet<\/strong>: Ger l\u00e5ngsiktig prestanda i utomhusapplikationer utan behov av frekvent omm\u00e5lning eller reparationer.<\/li>\n<li><strong>Kostnadseffektivt<\/strong>: Minskar behovet av skyddande ytbel\u00e4ggningar och regelbundet underh\u00e5ll, vilket s\u00e4nker de totala livscykelkostnaderna.<\/li>\n<\/ul>\n<table style=\"height: 91px;\" width=\"772\">\n<tbody>\n<tr>\n<th>OD-intervall<\/th>\n<td>12-150 mm<\/td>\n<\/tr>\n<tr>\n<th>Thk-intervall<\/th>\n<td>1,5-8 mm<\/td>\n<\/tr>\n<tr>\n<th>L\u00e4ngd<\/th>\n<td>Enkel slumpm\u00e4ssig, dubbel slumpm\u00e4ssig och kapad l\u00e4ngd<\/td>\n<\/tr>\n<tr>\n<th>Typ<\/th>\n<td>Rund, fyrkantig, rektangel<\/td>\n<\/tr>\n<tr>\n<th>Standard<\/th>\n<td>GB, ASTM, EU<\/td>\n<\/tr>\n<tr>\n<th>Betyg<\/th>\n<td>Q235NH,Q295NH,Q355NH,09CUPGENI-A,09CUPGENI-B,CORTEN A, CORTEN B, ASTM A423 GRADE 1,<br \/>\nASTM A847, ASTM A588, ASTM A242, ASTM A606, S355JOW, S355JOWP, S355J2W, S355J2WP<\/td>\n<\/tr>\n<\/tbody>\n<\/table>\n<figure style=\"width: 559px\" class=\"wp-caption alignnone\"><a href=\"https:\/\/keweicorten.com\/sv\/kontakta-oss\/\"><img fetchpriority=\"high\" decoding=\"async\" title=\"cortenst\u00e5lpl\u00e5t\" src=\"https:\/\/www.offersteels.com\/uploads\/allimg\/corten-steel-pipe.jpg\" alt=\"Leverant\u00f6rer av Corten-st\u00e5lr\u00f6r, korrosionsbest\u00e4ndighet f\u00f6r v\u00e4derleksr\u00f6r\" width=\"559\" height=\"419\" \/><\/a><figcaption class=\"wp-caption-text\">cortenst\u00e5lpl\u00e5t<\/figcaption><\/figure>\n<figure style=\"width: 560px\" class=\"wp-caption alignnone\"><a href=\"https:\/\/keweicorten.com\/sv\/produkter\/\"><img decoding=\"async\" title=\"cortenst\u00e5lpl\u00e5t\" src=\"https:\/\/www.offersteels.com\/uploads\/allimg\/Corten-steel-pipe-productive-process.jpg\" alt=\"Produktionsprocess f\u00f6r r\u00f6r av cortenst\u00e5l\" width=\"560\" height=\"441\" \/><\/a><figcaption class=\"wp-caption-text\">cortenst\u00e5lpl\u00e5t<\/figcaption><\/figure>\n<figure style=\"width: 559px\" class=\"wp-caption alignnone\"><a href=\"https:\/\/keweicorten.com\/sv\/produkter\/\"><img decoding=\"async\" title=\"R\u00f6r av cortenst\u00e5l\" src=\"https:\/\/www.offersteels.com\/uploads\/allimg\/What-is-Corten-Steel-Pipe.jpg\" alt=\"Leverant\u00f6rer av Corten-st\u00e5lr\u00f6r, korrosionsbest\u00e4ndighet f\u00f6r v\u00e4derleksr\u00f6r\" width=\"559\" height=\"419\" \/><\/a><figcaption class=\"wp-caption-text\">R\u00f6r av cortenst\u00e5l<\/figcaption><\/figure>","protected":false},"excerpt":{"rendered":"<p>Cortenst\u00e5l anv\u00e4nds fr\u00e4mst i j\u00e4rnv\u00e4gar, fordon, broar, pyloner, solceller, h\u00f6ghastighetsteknik och andra st\u00e5lkonstruktioner som uts\u00e4tts f\u00f6r atmosf\u00e4ren under l\u00e5ng tid.<\/p>","protected":false},"featured_media":1366,"comment_status":"open","ping_status":"closed","template":"","meta":{"_eb_attr":"","_monsterinsights_skip_tracking":false,"_monsterinsights_sitenote_active":false,"_monsterinsights_sitenote_note":"","_monsterinsights_sitenote_category":0,"_uf_show_specific_survey":0,"_uf_disable_surveys":false},"product_brand":[],"product_cat":[21],"product_tag":[],"class_list":{"0":"post-1365","1":"product","2":"type-product","3":"status-publish","4":"has-post-thumbnail","6":"product_cat-weather-resistant-steel-plate","8":"first","9":"instock","10":"shipping-taxable","11":"product-type-simple"},"_links":{"self":[{"href":"https:\/\/keweicorten.com\/sv\/wp-json\/wp\/v2\/product\/1365"}],"collection":[{"href":"https:\/\/keweicorten.com\/sv\/wp-json\/wp\/v2\/product"}],"about":[{"href":"https:\/\/keweicorten.com\/sv\/wp-json\/wp\/v2\/types\/product"}],"replies":[{"embeddable":true,"href":"https:\/\/keweicorten.com\/sv\/wp-json\/wp\/v2\/comments?post=1365"}],"version-history":[{"count":1,"href":"https:\/\/keweicorten.com\/sv\/wp-json\/wp\/v2\/product\/1365\/revisions"}],"predecessor-version":[{"id":1367,"href":"https:\/\/keweicorten.com\/sv\/wp-json\/wp\/v2\/product\/1365\/revisions\/1367"}],"wp:featuredmedia":[{"embeddable":true,"href":"https:\/\/keweicorten.com\/sv\/wp-json\/wp\/v2\/media\/1366"}],"wp:attachment":[{"href":"https:\/\/keweicorten.com\/sv\/wp-json\/wp\/v2\/media?parent=1365"}],"wp:term":[{"taxonomy":"product_brand","embeddable":true,"href":"https:\/\/keweicorten.com\/sv\/wp-json\/wp\/v2\/product_brand?post=1365"},{"taxonomy":"product_cat","embeddable":true,"href":"https:\/\/keweicorten.com\/sv\/wp-json\/wp\/v2\/product_cat?post=1365"},{"taxonomy":"product_tag","embeddable":true,"href":"https:\/\/keweicorten.com\/sv\/wp-json\/wp\/v2\/product_tag?post=1365"}],"curies":[{"name":"wp","href":"https:\/\/api.w.org\/{rel}","templated":true}]}}