{"id":1382,"date":"2024-09-25T02:12:26","date_gmt":"2024-09-25T02:12:26","guid":{"rendered":"https:\/\/keweicorten.com\/?post_type=product&#038;p=1382"},"modified":"2024-09-25T02:12:26","modified_gmt":"2024-09-25T02:12:26","slug":"q355nh-ror-av-cortenstal","status":"publish","type":"product","link":"https:\/\/keweicorten.com\/sv\/q355nh-ror-av-cortenstal\/","title":{"rendered":"Q355NH r\u00f6r av cortenst\u00e5l"},"content":{"rendered":"<p>Q355NH cortenst\u00e5lr\u00f6r \u00e4r ett h\u00f6gh\u00e5llfast l\u00e5glegerat v\u00e4derst\u00e5l som huvudsakligen anv\u00e4nds i bygg- och anl\u00e4ggningskonstruktioner, s\u00e4rskilt i applikationer i tuffa milj\u00f6er. Dess huvudfunktioner inkluderar:<\/p>\n<p>V\u00e4derbest\u00e4ndighet: Q355NH cortenst\u00e5lr\u00f6r har god korrosionsbest\u00e4ndighet och ytan kommer att bilda en skyddande oxidfilm som kan motst\u00e5 erosionen av naturliga faktorer som regn och vind.<\/p>\n<p>H\u00f6g h\u00e5llfasthet: st\u00e5lr\u00f6ret har h\u00f6g dragh\u00e5llfasthet och str\u00e4ckgr\u00e4ns, l\u00e4mplig f\u00f6r att b\u00e4ra stora belastningar och anv\u00e4nds ofta i broar, byggnader och andra strukturer.<\/p>\n<p>Bearbetningsegenskaper: Q355NH cortenst\u00e5lr\u00f6r kan svetsas, sk\u00e4ras och formas, l\u00e4mpligt f\u00f6r olika tekniska behov.<\/p>\n<p>Skydd av milj\u00f6n: Tack vare korrosionsbest\u00e4ndigheten beh\u00f6ver konstruktioner som anv\u00e4nder detta st\u00e5l inte underh\u00e5llas och bytas ut lika ofta i slutet av sin livsl\u00e4ngd, vilket minskar sl\u00f6seriet med resurser.<\/p>\n<p>Till\u00e4mpning: Anv\u00e4nds ofta inom bygg- och anl\u00e4ggningsindustrin, broar, vindkraftverk, gruvutrustning och andra omr\u00e5den.<\/p>\n<p><strong>Q355NH kemisk sammans\u00e4ttning(%)<\/strong><\/p>\n<table style=\"height: 182px;\" border=\"1\" width=\"739\">\n<tbody>\n<tr>\n<td rowspan=\"2\">Betyg<\/td>\n<td colspan=\"5\">Q355NH kemisk sammans\u00e4ttning(%)<\/td>\n<\/tr>\n<tr>\n<td>C Max<\/td>\n<td>Si Max<\/td>\n<td>Mn<\/td>\n<td>P<\/td>\n<td>S Max<\/td>\n<\/tr>\n<tr>\n<td>Kina GB\/T 4171 Q355NH<\/td>\n<td>0.16<\/td>\n<td>0.5<\/td>\n<td>0.5-1.5<\/td>\n<td>0.030<\/td>\n<td>0.030<\/td>\n<\/tr>\n<\/tbody>\n<\/table>\n<p><strong>Q355NH mekanisk egenskap<\/strong><\/p>\n<div class=\"pro_page_table\">\n<table style=\"height: 126px;\" border=\"1\" width=\"741\">\n<tbody>\n<tr>\n<td rowspan=\"2\">Betyg<\/td>\n<td colspan=\"3\">\u00a0Q355NH mekanisk egenskap<\/td>\n<td><\/td>\n<\/tr>\n<tr>\n<td>Utbytesh\u00e5llfasthet(MPa)<\/td>\n<td>Dragh\u00e5llfasthet (MPa)<\/td>\n<td colspan=\"2\">% F\u00f6rl\u00e4ngning min<\/td>\n<\/tr>\n<tr>\n<td>Kina GB\/T 4171 Q355NH<\/td>\n<td>325-355<\/td>\n<td>490-630<\/td>\n<td colspan=\"2\">20<\/td>\n<\/tr>\n<\/tbody>\n<\/table>\n<figure style=\"width: 700px\" class=\"wp-caption alignnone\"><a href=\"https:\/\/keweicorten.com\/sv\/produkter\/\"><img fetchpriority=\"high\" decoding=\"async\" title=\"q355nh st\u00e5l\" src=\"https:\/\/www.cortensteels.com\/Content\/uploads\/2021703620\/2021120314394427325a6d6acd48e599d3b44088f95067.jpg\" alt=\"Kina Q355NH corten st\u00e5lpl\u00e5t Tillverkare, leverant\u00f6rer - Fabriksdirekt pris \" width=\"700\" height=\"700\" \/><\/a><figcaption class=\"wp-caption-text\">q355nh st\u00e5l<\/figcaption><\/figure>\n<p><a href=\"https:\/\/keweicorten.com\/sv\/kontakta-oss\/\"><img decoding=\"async\" class=\"alignnone\" title=\"Q355NH corten\" src=\"https:\/\/www.cortensteels.com\/uploads\/202030314\/q355nh-weather-resistant-steel-plate29522879022.jpg\" alt=\"Kina Q355NH corten st\u00e5lpl\u00e5t Tillverkare, leverant\u00f6rer - Fabriksdirekt pris ...\" width=\"700\" height=\"700\" \/><\/a><\/p>\n<\/div>","protected":false},"excerpt":{"rendered":"<p>Specifikationerna:<br \/>\nTjocklek: 3 mm-150 mm<br \/>\nBredd: 30mm-4000mm<br \/>\nL\u00e4ngd: 1000 mm-12000 mm<br \/>\nStandard: ASTM EN10025 JIS GB<\/p>","protected":false},"featured_media":1383,"comment_status":"open","ping_status":"closed","template":"","meta":{"_eb_attr":"","_monsterinsights_skip_tracking":false,"_monsterinsights_sitenote_active":false,"_monsterinsights_sitenote_note":"","_monsterinsights_sitenote_category":0,"_uf_show_specific_survey":0,"_uf_disable_surveys":false},"product_brand":[],"product_cat":[21],"product_tag":[],"class_list":{"0":"post-1382","1":"product","2":"type-product","3":"status-publish","4":"has-post-thumbnail","6":"product_cat-weather-resistant-steel-plate","8":"first","9":"instock","10":"shipping-taxable","11":"product-type-simple"},"_links":{"self":[{"href":"https:\/\/keweicorten.com\/sv\/wp-json\/wp\/v2\/product\/1382"}],"collection":[{"href":"https:\/\/keweicorten.com\/sv\/wp-json\/wp\/v2\/product"}],"about":[{"href":"https:\/\/keweicorten.com\/sv\/wp-json\/wp\/v2\/types\/product"}],"replies":[{"embeddable":true,"href":"https:\/\/keweicorten.com\/sv\/wp-json\/wp\/v2\/comments?post=1382"}],"version-history":[{"count":1,"href":"https:\/\/keweicorten.com\/sv\/wp-json\/wp\/v2\/product\/1382\/revisions"}],"predecessor-version":[{"id":1384,"href":"https:\/\/keweicorten.com\/sv\/wp-json\/wp\/v2\/product\/1382\/revisions\/1384"}],"wp:featuredmedia":[{"embeddable":true,"href":"https:\/\/keweicorten.com\/sv\/wp-json\/wp\/v2\/media\/1383"}],"wp:attachment":[{"href":"https:\/\/keweicorten.com\/sv\/wp-json\/wp\/v2\/media?parent=1382"}],"wp:term":[{"taxonomy":"product_brand","embeddable":true,"href":"https:\/\/keweicorten.com\/sv\/wp-json\/wp\/v2\/product_brand?post=1382"},{"taxonomy":"product_cat","embeddable":true,"href":"https:\/\/keweicorten.com\/sv\/wp-json\/wp\/v2\/product_cat?post=1382"},{"taxonomy":"product_tag","embeddable":true,"href":"https:\/\/keweicorten.com\/sv\/wp-json\/wp\/v2\/product_tag?post=1382"}],"curies":[{"name":"wp","href":"https:\/\/api.w.org\/{rel}","templated":true}]}}