{"id":1392,"date":"2024-09-25T07:11:51","date_gmt":"2024-09-25T07:11:51","guid":{"rendered":"https:\/\/keweicorten.com\/?post_type=product&#038;p=1392"},"modified":"2024-09-25T08:52:00","modified_gmt":"2024-09-25T08:52:00","slug":"spa-i-vaderbestandigt-stal-h","status":"publish","type":"product","link":"https:\/\/keweicorten.com\/sv\/spa-i-vaderbestandigt-stal-h\/","title":{"rendered":"V\u00e4derbest\u00e4ndigt st\u00e5l SPA-H"},"content":{"rendered":"<div>\n<p>V\u00e4derbest\u00e4ndigt st\u00e5l SPA-H \u00e4r en typ av v\u00e4derbest\u00e4ndigt st\u00e5l som \u00e4r k\u00e4nt f\u00f6r sin h\u00e5llbarhet och korrosionsbest\u00e4ndighet. Det utvecklar ett skyddande rostskikt n\u00e4r det uts\u00e4tts f\u00f6r v\u00e4der och vind, vilket bidrar till att f\u00f6rhindra ytterligare korrosion och bibeh\u00e5lla den strukturella integriteten. Detta g\u00f6r det idealiskt f\u00f6r utomhusapplikationer, t.ex. m\u00f6bler, skulpturer och arkitektoniska element. Dess estetiska tilltal, med det distinkta rostliknande utseendet, g\u00f6r det ocks\u00e5 popul\u00e4rt i modern design.detta v\u00e4derbest\u00e4ndiga st\u00e5l SPA-H har utm\u00e4rkt korrosionsbest\u00e4ndighet, kan bibeh\u00e5lla ett stabilt utseende och styrka under l\u00e5ng tid i utomhusmilj\u00f6n och \u00e4r mycket l\u00e4mpligt f\u00f6r utem\u00f6bler, eldst\u00e4der och andra produkter<\/p>\n<\/div>\n<div class=\"pro_det_b_tabs_item_tt\">Tekniska data<\/div>\n<div class=\"pro_det_b_tabs_item_con\">\n<p><strong>SPA-H Vittringsst\u00e5l kemisk sammans\u00e4ttning<\/strong><\/p>\n<div class=\"pro_page_table\">\n<table>\n<tbody>\n<tr>\n<td>Betyg<\/td>\n<td>C \u2264<\/td>\n<td>Si<\/td>\n<td>Mn<\/td>\n<td>P<\/td>\n<td>S \u2264<\/td>\n<td>Cu<\/td>\n<td>Cr<\/td>\n<td>Ni \u2264<\/td>\n<\/tr>\n<tr>\n<td>SPA-H<\/td>\n<td>0.12<\/td>\n<td>0.25~0.75<\/td>\n<td>0.20~0.50<\/td>\n<td>0.070~0.150<\/td>\n<td>0.040<\/td>\n<td>0.25~0.60<\/td>\n<td>0.30~1.25<\/td>\n<td>0.65<\/td>\n<\/tr>\n<\/tbody>\n<\/table>\n<\/div>\n<p><strong>SPA-H F\u00f6rfr\u00e5gan om dragh\u00e5llfasthet f\u00f6r v\u00e4derbest\u00e4ndigt st\u00e5l<\/strong><\/p>\n<div class=\"pro_page_table\">\n<table>\n<tbody>\n<tr>\n<td>Betyg<\/td>\n<td>Plattans tjocklek<\/td>\n<td>Str\u00e4ckgr\u00e4ns<\/td>\n<td>Dragh\u00e5llfasthet<\/td>\n<td>F\u00f6rl\u00e4ngning<\/td>\n<\/tr>\n<tr>\n<td>SPA-H<\/td>\n<td>\u2264 6,0 mm<\/td>\n<td>\u2265 345 MPa<\/td>\n<td>\u2265 480 MPa<\/td>\n<td>\u2265 22<\/td>\n<\/tr>\n<tr>\n<td><\/td>\n<td>&gt; 6,0 mm<\/td>\n<td>\u2265 335 MPa<\/td>\n<td>\u2265 490 MPa<\/td>\n<td>\u2265 15<\/td>\n<\/tr>\n<\/tbody>\n<\/table>\n<\/div>\n<p>Leveransvillkor f\u00f6r SPA-H-st\u00e5l kan vara varmvalsat, kallvalsat, AR\/CR\/N\/TMCP\/T\/QT enligt kundens \u00f6nskem\u00e5l<\/p>\n<p><strong>Relat st\u00e5ltyp<\/strong><\/p>\n<div class=\"pro_page_table\">\n<table>\n<tbody>\n<tr>\n<td>St\u00e5ltyp<\/td>\n<td>Standard<\/td>\n<td>Landskod<\/td>\n<td>C(%)<\/td>\n<td>Si(%)<\/td>\n<td>Mn(%)<\/td>\n<td>P(%)<\/td>\n<td>S(%)<\/td>\n<td>Cr(%)<\/td>\n<td>Cu(%)<\/td>\n<\/tr>\n<tr>\n<td>SPA-H<\/td>\n<td>4620<\/td>\n<td>CNS<\/td>\n<td>\u22660.12<\/td>\n<td>0.25-0.75<\/td>\n<td>0.20-0.50<\/td>\n<td>0.07-0.15<\/td>\n<td>\u22660.04<\/td>\n<td>0.30-1.25<\/td>\n<td>0.25-0.60<\/td>\n<\/tr>\n<tr>\n<td>SPA-H<\/td>\n<td>G3125<\/td>\n<td>JIS<\/td>\n<td>\u22660.12<\/td>\n<td>0.25-0.75<\/td>\n<td>0.20-0.50<\/td>\n<td>0.07-0.15<\/td>\n<td>\u22660.04<\/td>\n<td>0.30-1.25<\/td>\n<td>0.25-0.60<\/td>\n<\/tr>\n<tr>\n<td>Typ 1<\/td>\n<td>A242<\/td>\n<td>ASTM<\/td>\n<td>\u22660.15<\/td>\n<td><\/td>\n<td>\u22661.00<\/td>\n<td>\u22660.15<\/td>\n<td>\u22660.05<\/td>\n<td><\/td>\n<td>\u22670.20<\/td>\n<\/tr>\n<\/tbody>\n<\/table>\n<\/div>\n<div class=\"pro_page_table\">\n<table>\n<tbody>\n<tr>\n<td>St\u00e5ltyp<\/td>\n<td>Avkastningssp\u00e4nning (Mpa)<\/td>\n<td>Dragsp\u00e4nning (Mpa)<\/td>\n<td>F\u00f6rl\u00e4ngning (%)<\/td>\n<td>Tjocklek (mm)<\/td>\n<\/tr>\n<tr>\n<td>SPA-H<\/td>\n<td>\u2267345<\/td>\n<td>\u2267480<\/td>\n<td>\u226722<\/td>\n<td>\u22666.0<\/td>\n<\/tr>\n<tr>\n<td>SPA-H<\/td>\n<td>\u2267345<\/td>\n<td>\u2267480<\/td>\n<td>\u226722<\/td>\n<td>\u22666.0<\/td>\n<\/tr>\n<tr>\n<td>Typ 1<\/td>\n<td>\u2267345<\/td>\n<td>\u2267480<\/td>\n<td>\u226721<\/td>\n<td>\u226620.0<\/td>\n<\/tr>\n<\/tbody>\n<\/table>\n<p><a href=\"https:\/\/keweicorten.com\/sv\"><img fetchpriority=\"high\" decoding=\"async\" class=\"alignnone\" title=\"V\u00e4derbest\u00e4ndigt st\u00e5l SPA-H \" src=\"https:\/\/www.gneesteels.com\/uploads\/201914713\/spa-h-hot-rolled-weather-resistant-steel26300479860.jpg\" alt=\"V\u00e4derbest\u00e4ndigt st\u00e5l SPA-H Leverant\u00f6rer och tillverkare - China Factory -shkw\" width=\"660\" height=\"660\" \/><\/a><\/p>\n<p><a href=\"https:\/\/keweicorten.com\/sv\/produkter\/\"><img decoding=\"async\" class=\"alignnone\" title=\"V\u00e4derbest\u00e4ndigt st\u00e5l SPA-H\" src=\"https:\/\/image.made-in-china.com\/2f0j00pefWQnNhnOrc\/SPA-H-S355j2wp-Weather-Resistant-Metal-Sheet-Corten-Hot-Rolled-Steel-Plate.jpg\" alt=\"V\u00e4derbest\u00e4ndigt st\u00e5l SPA-H Leverant\u00f6rer och tillverkare - China Factory\" width=\"660\" height=\"767\" \/><\/a><\/p>\n<\/div>\n<\/div>","protected":false},"excerpt":{"rendered":"<p>JIS G3125 SPA-H Cortenst\u00e5l, SPA-H st\u00e5lpl\u00e5t\/ark. SPA-H l\u00e5glegerat h\u00f6gh\u00e5llfast atmosf\u00e4riskt korrosionsbest\u00e4ndigt st\u00e5l.<\/p>","protected":false},"featured_media":1393,"comment_status":"open","ping_status":"closed","template":"","meta":{"_eb_attr":"","_monsterinsights_skip_tracking":false,"_monsterinsights_sitenote_active":false,"_monsterinsights_sitenote_note":"","_monsterinsights_sitenote_category":0,"_uf_show_specific_survey":0,"_uf_disable_surveys":false},"product_brand":[],"product_cat":[21],"product_tag":[],"class_list":{"0":"post-1392","1":"product","2":"type-product","3":"status-publish","4":"has-post-thumbnail","6":"product_cat-weather-resistant-steel-plate","8":"first","9":"instock","10":"shipping-taxable","11":"product-type-simple"},"_links":{"self":[{"href":"https:\/\/keweicorten.com\/sv\/wp-json\/wp\/v2\/product\/1392"}],"collection":[{"href":"https:\/\/keweicorten.com\/sv\/wp-json\/wp\/v2\/product"}],"about":[{"href":"https:\/\/keweicorten.com\/sv\/wp-json\/wp\/v2\/types\/product"}],"replies":[{"embeddable":true,"href":"https:\/\/keweicorten.com\/sv\/wp-json\/wp\/v2\/comments?post=1392"}],"version-history":[{"count":2,"href":"https:\/\/keweicorten.com\/sv\/wp-json\/wp\/v2\/product\/1392\/revisions"}],"predecessor-version":[{"id":1395,"href":"https:\/\/keweicorten.com\/sv\/wp-json\/wp\/v2\/product\/1392\/revisions\/1395"}],"wp:featuredmedia":[{"embeddable":true,"href":"https:\/\/keweicorten.com\/sv\/wp-json\/wp\/v2\/media\/1393"}],"wp:attachment":[{"href":"https:\/\/keweicorten.com\/sv\/wp-json\/wp\/v2\/media?parent=1392"}],"wp:term":[{"taxonomy":"product_brand","embeddable":true,"href":"https:\/\/keweicorten.com\/sv\/wp-json\/wp\/v2\/product_brand?post=1392"},{"taxonomy":"product_cat","embeddable":true,"href":"https:\/\/keweicorten.com\/sv\/wp-json\/wp\/v2\/product_cat?post=1392"},{"taxonomy":"product_tag","embeddable":true,"href":"https:\/\/keweicorten.com\/sv\/wp-json\/wp\/v2\/product_tag?post=1392"}],"curies":[{"name":"wp","href":"https:\/\/api.w.org\/{rel}","templated":true}]}}