{"id":1396,"date":"2024-09-25T08:14:45","date_gmt":"2024-09-25T08:14:45","guid":{"rendered":"https:\/\/keweicorten.com\/?post_type=product&#038;p=1396"},"modified":"2024-09-25T08:51:21","modified_gmt":"2024-09-25T08:51:21","slug":"hog-q450nqr1-stal","status":"publish","type":"product","link":"https:\/\/keweicorten.com\/sv\/hog-q450nqr1-stal\/","title":{"rendered":"h\u00f6g q450nqr1 st\u00e5l"},"content":{"rendered":"<p>High q450nqr1-st\u00e5l \u00e4r en typ av v\u00e4derbest\u00e4ndigt st\u00e5l som \u00e4r avsett f\u00f6r anv\u00e4ndning i utomhuskonstruktioner. Det har god korrosionsbest\u00e4ndighet tack vare sin f\u00f6rm\u00e5ga att bilda ett skyddande rostskikt n\u00e4r det uts\u00e4tts f\u00f6r atmosf\u00e4riska f\u00f6rh\u00e5llanden, vilket bidrar till att f\u00f6rl\u00e4nga dess livsl\u00e4ngd. Det h\u00e4r st\u00e5let anv\u00e4nds ofta i applikationer som broar, byggnader och utomhusskulpturer.<\/p>\n<p style=\"font-weight: 400;\">Teknisk egenskap f\u00f6r TB\/T 1979 Q450NQR1 ST\u00c5LPL\u00c5T<\/p>\n<table style=\"font-weight: 400;\">\n<tbody>\n<tr>\n<td colspan=\"4\">Mekaniska egenskaper f\u00f6r Q450NQR1 st\u00e5lpl\u00e5t<\/td>\n<\/tr>\n<tr>\n<td>Tjocklek (mm)<\/td>\n<td>Str\u00e4ckgr\u00e4ns (\u2265Mpa)<\/td>\n<td>Dragh\u00e5llfasthet (Mpa)<\/td>\n<td>F\u00f6rl\u00e4ngning % \u2265<\/td>\n<\/tr>\n<tr>\n<td>T\u22646<\/td>\n<td rowspan=\"3\">450<\/td>\n<td rowspan=\"3\">550<\/td>\n<td>22<\/td>\n<\/tr>\n<tr>\n<td>6&lt;T\u226414<\/td>\n<td>20<\/td>\n<\/tr>\n<tr>\n<td>14&lt;T\u226420<\/td>\n<td>19<\/td>\n<\/tr>\n<\/tbody>\n<\/table>\n<p>till\u00e4mpa<br \/>\n1) Termiskt kraftverk<br \/>\n2) Kolg\u00e5rd.<br \/>\n3) Cementfabrik<br \/>\n4) Lastningsmaskiner<br \/>\n5) Gruvmaskiner<br \/>\n6) Entreprenadmaskiner<br \/>\n7) Metallurgiska maskiner<\/p>\n<table>\n<tbody>\n<tr>\n<td><b>St\u00e5lkvalitet:<\/b><\/td>\n<td>09CuPCrNi-A, Q450NQR1, SPA-H B480GNQR, Q345NQR2, Q355GNHD, Q355NH , 09CuP,S355J2WP<br \/>\nMonel 600\/625\/718\/725<\/td>\n<\/tr>\n<tr>\n<td><b>Standard:<\/b><\/td>\n<td>GB,ASME,ASTM,JIS,BS<\/td>\n<\/tr>\n<tr>\n<td><b>Tjocklek:<\/b><\/td>\n<td>1,0-300 mm<\/td>\n<\/tr>\n<tr>\n<td><b>Bredd:<\/b><\/td>\n<td>100-4500mm, eller enligt kundens speciella beg\u00e4ran<\/td>\n<\/tr>\n<tr>\n<td><b>L\u00e4ngd:<\/b><\/td>\n<td>1-20 meter, eller enligt kundens speciella beg\u00e4ran<\/td>\n<\/tr>\n<tr>\n<td><b>Paket:<\/b><\/td>\n<td>Export Standardpaket<\/td>\n<\/tr>\n<tr>\n<td><b>Ans\u00f6kan:<\/b><\/td>\n<td>1. maskin- och tryckk\u00e4rlsindustri.<br \/>\n2. Fartygsbyggnad, teknisk konstruktion.<br \/>\n3. bilar, broar, byggnader.<br \/>\n4. mekanisk tillverkning, bel\u00e4ggningsplattor, etc.<\/td>\n<\/tr>\n<tr>\n<td><b>Kvarn MTC:<\/b><\/td>\n<td>Levereras f\u00f6re leverans<\/td>\n<\/tr>\n<tr>\n<td><b>Inspektion:<\/b><\/td>\n<td>Tredje parts inspektion kan accepteras, SGS, BV, TUV<\/td>\n<\/tr>\n<tr>\n<td><b>Mount Port:<\/b><\/td>\n<td>Alla hamnar i Kina<\/td>\n<\/tr>\n<tr>\n<td><b>Handelsvillkor:<\/b><\/td>\n<td>FOB,CIF,CFR,EXW,etc.<\/td>\n<\/tr>\n<tr>\n<td><b>Prisperiod:<\/b><\/td>\n<td>TT eller LC vid anblick<\/td>\n<\/tr>\n<tr>\n<td><b>V\u00e5ra tj\u00e4nster:<\/b><\/td>\n<td>Vi kan klippa och b\u00f6ja st\u00e5lpl\u00e5t enligt kundens beg\u00e4ran eller ritning, f\u00f6rpackning enligt kundernas beg\u00e4ran<\/td>\n<\/tr>\n<\/tbody>\n<\/table>\n<p><img fetchpriority=\"high\" decoding=\"async\" class=\"\" src=\"https:\/\/th.bing.com\/th\/id\/OIP.cuuVN_PKBjrQa4SYwoQCpwHaHa?rs=1&amp;pid=ImgDetMain\" alt=\"Q450NQR1 Weathering Steel Plate Produkttillverkare - Shandong Kuaima Steel Co, Ltd.\" width=\"522\" height=\"522\" \/><\/p>\n<p><img decoding=\"async\" src=\"https:\/\/www.researchgate.net\/publication\/378755215\/figure\/tbl1\/AS:11431281227659895@1709733620825\/Chemical-composition-of-Q450NQR1-high-strength-weathering-steel-and-HTW-55.png\" alt=\"Kemisk sammans\u00e4ttning av Q450NQR1 h\u00f6gh\u00e5llfast vittringsst\u00e5l och HTW-55.\" \/><\/p>\n<div class=\"nova-legacy-o-stack nova-legacy-o-stack--gutter-s nova-legacy-o-stack--spacing-none nova-legacy-o-stack--no-gutter-outside figure-details-image\">\n<div class=\"nova-legacy-o-stack__item\">\n<p class=\"nova-legacy-e-text nova-legacy-e-text--size-m nova-legacy-e-text--family-display nova-legacy-e-text--spacing-none nova-legacy-e-text--color-inherit\">Kemisk sammans\u00e4ttning av Q450NQR1 h\u00f6gh\u00e5llfast vittringsst\u00e5l och HTW-55.<\/p>\n<p><img decoding=\"async\" class=\"\" src=\"https:\/\/sc02.alicdn.com\/kf\/Hb877ac80a07643c090166781b8ac95cbB\/228156491\/Hb877ac80a07643c090166781b8ac95cbB.jpg\" width=\"522\" height=\"522\" \/><\/p>\n<\/div>\n<\/div>","protected":false},"excerpt":{"rendered":"<p>Den slitstarka st\u00e5lplattan best\u00e5r av tv\u00e5 delar: st\u00e5lplattan med l\u00e5g kolhalt och det slitstarka skiktet av legering. Det slitstarka skiktet av legering \u00e4r i allm\u00e4nhet 1 \/ 3 ~ 1 \/ 2 av den totala tjockleken. Vid arbete ger matrisen den omfattande prestandan som styrka, seghet och plasticitet, och det legerade slitstarka skiktet ger slitstyrkan f\u00f6r att uppfylla kraven i de angivna arbetsf\u00f6rh\u00e5llandena.<\/p>","protected":false},"featured_media":1397,"comment_status":"open","ping_status":"closed","template":"","meta":{"_eb_attr":"","_monsterinsights_skip_tracking":false,"_monsterinsights_sitenote_active":false,"_monsterinsights_sitenote_note":"","_monsterinsights_sitenote_category":0,"_uf_show_specific_survey":0,"_uf_disable_surveys":false},"product_brand":[],"product_cat":[21],"product_tag":[],"class_list":{"0":"post-1396","1":"product","2":"type-product","3":"status-publish","4":"has-post-thumbnail","6":"product_cat-weather-resistant-steel-plate","8":"first","9":"instock","10":"shipping-taxable","11":"product-type-simple"},"_links":{"self":[{"href":"https:\/\/keweicorten.com\/sv\/wp-json\/wp\/v2\/product\/1396"}],"collection":[{"href":"https:\/\/keweicorten.com\/sv\/wp-json\/wp\/v2\/product"}],"about":[{"href":"https:\/\/keweicorten.com\/sv\/wp-json\/wp\/v2\/types\/product"}],"replies":[{"embeddable":true,"href":"https:\/\/keweicorten.com\/sv\/wp-json\/wp\/v2\/comments?post=1396"}],"version-history":[{"count":1,"href":"https:\/\/keweicorten.com\/sv\/wp-json\/wp\/v2\/product\/1396\/revisions"}],"predecessor-version":[{"id":1398,"href":"https:\/\/keweicorten.com\/sv\/wp-json\/wp\/v2\/product\/1396\/revisions\/1398"}],"wp:featuredmedia":[{"embeddable":true,"href":"https:\/\/keweicorten.com\/sv\/wp-json\/wp\/v2\/media\/1397"}],"wp:attachment":[{"href":"https:\/\/keweicorten.com\/sv\/wp-json\/wp\/v2\/media?parent=1396"}],"wp:term":[{"taxonomy":"product_brand","embeddable":true,"href":"https:\/\/keweicorten.com\/sv\/wp-json\/wp\/v2\/product_brand?post=1396"},{"taxonomy":"product_cat","embeddable":true,"href":"https:\/\/keweicorten.com\/sv\/wp-json\/wp\/v2\/product_cat?post=1396"},{"taxonomy":"product_tag","embeddable":true,"href":"https:\/\/keweicorten.com\/sv\/wp-json\/wp\/v2\/product_tag?post=1396"}],"curies":[{"name":"wp","href":"https:\/\/api.w.org\/{rel}","templated":true}]}}