{"id":1430,"date":"2024-09-25T09:03:21","date_gmt":"2024-09-25T09:03:21","guid":{"rendered":"https:\/\/keweicorten.com\/?post_type=product&#038;p=1430"},"modified":"2024-09-25T09:03:21","modified_gmt":"2024-09-25T09:03:21","slug":"kallvalsad-cortenstalplat-3mm-astm-a242-a588","status":"publish","type":"product","link":"https:\/\/keweicorten.com\/sv\/kallvalsad-cortenstalplat-3mm-astm-a242-a588\/","title":{"rendered":"Kallvalsad Corten st\u00e5lpl\u00e5t 3mm ASTM A242 A588"},"content":{"rendered":"<p>Kallvalsad Corten st\u00e5lpl\u00e5t 3mm ASTM A242 A588, som de som tillverkas av ASTM A242 eller A588, \u00e4r k\u00e4nda f\u00f6r sina v\u00e4deregenskaper, vilket g\u00f6r att de kan utveckla en skyddande rostpatina \u00f6ver tiden. Detta g\u00f6r dem l\u00e4mpliga f\u00f6r utomhusapplikationer, s\u00e5som arkitektoniska fasader, skulpturer och tr\u00e4dg\u00e5rdsfunktioner.<\/p>\n<p>N\u00e4r du letar efter 3mm kallvalsad Corten st\u00e5lpl\u00e5t 3mm ASTM A242 A588, \u00f6verv\u00e4ga f\u00f6ljande:<\/p>\n<ol>\n<li><strong>Tjocklek<\/strong>: Se till att tjockleken p\u00e5 3 mm uppfyller dina projektkrav.<\/li>\n<li><strong>Avsluta<\/strong>: Kallvalsad pl\u00e5t har normalt en sl\u00e4t yta, men kontrollera om du beh\u00f6ver en specifik ytbehandling.<\/li>\n<li><strong>Leverant\u00f6r<\/strong>: K\u00f6p fr\u00e5n v\u00e4lrenommerade leverant\u00f6rer som kan tillhandah\u00e5lla certifiering f\u00f6r materialkvaliteten.<\/li>\n<li><strong>Tillverkning<\/strong>: Om du beh\u00f6ver anpassade former eller storlekar, bekr\u00e4fta att leverant\u00f6ren kan tillgodose dina tillverkningsbehov.<\/li>\n<\/ol>\n<div class=\"list-item\"><span class=\"column\">Betyg::<\/span>\u00a0<span class=\"value\">A588, Q235NH,Q335GNH,SPA-H,09CuPCrNi-A<\/span><\/div>\n<div class=\"list-item\"><span class=\"column\">Typ::<\/span>\u00a0<span class=\"value\">St\u00e5lpl\u00e5t<\/span><\/div>\n<div class=\"list-item\"><span class=\"column\">Bearbetningstj\u00e4nst::<\/span>\u00a0<span class=\"value\">Bockning, svetsning, avspolning, kapning, stansning<\/span><\/div>\n<div class=\"list-item\"><span class=\"column\">F\u00e4rg::<\/span>\u00a0<span class=\"value\">Kunder Prover F\u00e4rg<\/span><\/div>\n<div class=\"list-item\"><span class=\"column\">Namn::<\/span>\u00a0<span class=\"value\">V\u00e4derbest\u00e4ndig st\u00e5lpl\u00e5t<\/span><\/div>\n<div>\n<table border=\"1\" cellspacing=\"0\" cellpadding=\"0\">\n<tbody>\n<tr>\n<td colspan=\"2\"><strong>Specifikation f\u00f6r Corten st\u00e5lpl\u00e5t<\/strong><\/td>\n<\/tr>\n<tr>\n<td>\n<p>Standard<\/p>\n<p>Betyg<\/td>\n<td>ASTM: Corten A; Corten B; A588Gr.A\/Gr.B\/Gr.C\/ Gr.K; A242; A606 Typ 4; A709 Gr 50W;<br \/>\nEN10025: S235J0W; S235J2W; S355J0W; S355J2W; S355K2W; S355J0WP; S355J2WP; S355J2G1W; S355J2G2W; S355K2G1W, S355K2G2W;<br \/>\nJIS G3114: SMA400AW; SMA400BW; SMA400CW; SMA490AW; SMA490BW; SMA490CW; SMA570W; SMA570P;<br \/>\nJIS G3125: SPA-H; SPA-C;<br \/>\nGB\/T 4171: Q235NH; Q265GNH; Q310GNH; Q295NH; Q295GNH; Q355NH; Q355GNH; Q415NH; Q460NH; 1500NH; Q550NH;<br \/>\nTB\/T 1979: 09CuPCrNi-A; 09CuCrNi-B; 05CuPCrNi;<br \/>\nQ\/BQB 340: B460NQR; B490NQR; B480GNQR; B600GNQR;<\/td>\n<\/tr>\n<tr>\n<td>Tjocklek<\/td>\n<td>Kallvalsad 0,5-2mm Varmvalsad 2-300mm (2-100mm anv\u00e4nds vanligtvis)<\/td>\n<\/tr>\n<tr>\n<td>Bredd<\/td>\n<td>1000-3000 mm (1000-2200 mm anv\u00e4nds vanligtvis)<\/td>\n<\/tr>\n<tr>\n<td>L\u00e4ngd<\/td>\n<td>1000-12000mm eller som din beg\u00e4ran<\/td>\n<\/tr>\n<tr>\n<td>Yta<\/td>\n<td>Reng\u00f6ring, efterbehandling, bl\u00e4string och m\u00e5lning enligt kundens krav<\/td>\n<\/tr>\n<tr>\n<td>Leverans<br \/>\nDelstater<\/td>\n<td>Varmvalsad, kontrollerad valsning, normalisering, gl\u00f6dgning, anl\u00f6pning,<br \/>\nQuenching, N+T, Q+T och andra leveranstillst\u00e5nd finns tillg\u00e4ngliga efter behov<\/td>\n<\/tr>\n<tr>\n<td>Certifikat<\/td>\n<td>API,ISO,SGS,BV,CE etc<\/td>\n<\/tr>\n<tr>\n<td>Kvalitet<\/td>\n<td>MTC kommer att f\u00f6rses med varor, tredje parts inspektion \u00e4r acceptabel, till exempel: BV, SGS.<\/td>\n<\/tr>\n<tr>\n<td>Paket<\/td>\n<td>Standard export sj\u00f6v\u00e4rdig f\u00f6rpackning, passar f\u00f6r alla typer av transporter, eller enligt \u00f6nskem\u00e5l.<\/td>\n<\/tr>\n<tr>\n<td rowspan=\"2\">Beh\u00e5llare<br \/>\nStorlek<\/td>\n<td>20ft GP:5898mm(Length)x2352mm(Width)x2393mm(High)<\/td>\n<\/tr>\n<tr>\n<td>40ft GP:12032mm(Length)x2352mm(Width)x2393mm(High)<\/td>\n<\/tr>\n<tr>\n<td>Handelsvillkor<\/td>\n<td>Ex-Work,FOB,CNF,CFR,CIF,etc<\/td>\n<\/tr>\n<\/tbody>\n<\/table>\n<figure style=\"width: 700px\" class=\"wp-caption alignnone\"><a href=\"https:\/\/keweicorten.com\/sv\/kontakta-oss\/\"><img fetchpriority=\"high\" decoding=\"async\" title=\"anpassad, grossist, billig, till salu\" src=\"https:\/\/image.made-in-china.com\/2f0j00NtIbWYrKqUzp\/Hot-Rolling-Cold-Rolling-A588-JIS-ASTM-Weathering-Steel-Corten-High-Carbon-Wear-Steel-Plate-Sheet-Garden-Screen-Art-Corten-Steel-M2-Weather-Resistant.jpg\" alt=\"Kallvalsad Corten st\u00e5lpl\u00e5t 3mm ASTM A242 A588\/anpassad, grossist, billig, till salu\" width=\"700\" height=\"700\" \/><\/a><figcaption class=\"wp-caption-text\">anpassad, grossist, billig, till salu<\/figcaption><\/figure>\n<p><a href=\"https:\/\/keweicorten.com\/sv\"><img decoding=\"async\" class=\"alignnone\" title=\"Kallvalsad v\u00e4derbest\u00e4ndig Corten st\u00e5lpl\u00e5t 3mm ASTM A242 A588\" src=\"https:\/\/img.diytrade.com\/smimg\/2946788\/49611397-11931654-0\/astm_a242_a588_alloy_steel_sheet_astm_a242_corten_steel_plate\/e1e0.jpg\" alt=\"Kallvalsad v\u00e4derbest\u00e4ndig Corten st\u00e5lpl\u00e5t 3mm ASTM A242 A588 anpassad, grossist, billig, till salu\" width=\"699\" height=\"699\" \/><\/a><\/p>\n<\/div>","protected":false},"excerpt":{"rendered":"<div class=\"list-item\"><span class=\"column\">Teknik::<\/span>\u00a0<span class=\"value\">Varmvalsad<\/span><\/div>\n<div class=\"list-item\"><span class=\"column\">Ytbehandling::<\/span>\u00a0<span class=\"value\">Reng\u00f6r eller efter behov<\/span><\/div>\n<div class=\"list-item\"><span class=\"column\">Ans\u00f6kan::<\/span>\u00a0<span class=\"value\">Utomhusdekoration, j\u00e4rnv\u00e4g, torn<\/span><\/div>\n<div class=\"list-item\"><span class=\"column\">Bredd::<\/span>\u00a0<span class=\"value\">0,6-3m eller efter behov<\/span><\/div>\n<div class=\"list-item\"><span class=\"column\">L\u00e4ngd::<\/span>\u00a0<span class=\"value\">1-12m eller enligt \u00f6nskem\u00e5l<\/span><\/div>\n<div class=\"list-item\"><span class=\"column\">Tolerans::<\/span>\u00a0<span class=\"value\">\u00b11%<\/span><\/div>\n<div>\n<div class=\"list-item\"><span class=\"column\">Plats f\u00f6r ursprung::<\/span>\u00a0<span class=\"value\">Kina<\/span><\/div>\n<div class=\"list-item\"><\/div>\n<\/div>","protected":false},"featured_media":1431,"comment_status":"open","ping_status":"closed","template":"","meta":{"_eb_attr":"","_monsterinsights_skip_tracking":false,"_monsterinsights_sitenote_active":false,"_monsterinsights_sitenote_note":"","_monsterinsights_sitenote_category":0,"_uf_show_specific_survey":0,"_uf_disable_surveys":false},"product_brand":[],"product_cat":[21],"product_tag":[],"class_list":{"0":"post-1430","1":"product","2":"type-product","3":"status-publish","4":"has-post-thumbnail","6":"product_cat-weather-resistant-steel-plate","8":"first","9":"instock","10":"shipping-taxable","11":"product-type-simple"},"_links":{"self":[{"href":"https:\/\/keweicorten.com\/sv\/wp-json\/wp\/v2\/product\/1430"}],"collection":[{"href":"https:\/\/keweicorten.com\/sv\/wp-json\/wp\/v2\/product"}],"about":[{"href":"https:\/\/keweicorten.com\/sv\/wp-json\/wp\/v2\/types\/product"}],"replies":[{"embeddable":true,"href":"https:\/\/keweicorten.com\/sv\/wp-json\/wp\/v2\/comments?post=1430"}],"version-history":[{"count":1,"href":"https:\/\/keweicorten.com\/sv\/wp-json\/wp\/v2\/product\/1430\/revisions"}],"predecessor-version":[{"id":1432,"href":"https:\/\/keweicorten.com\/sv\/wp-json\/wp\/v2\/product\/1430\/revisions\/1432"}],"wp:featuredmedia":[{"embeddable":true,"href":"https:\/\/keweicorten.com\/sv\/wp-json\/wp\/v2\/media\/1431"}],"wp:attachment":[{"href":"https:\/\/keweicorten.com\/sv\/wp-json\/wp\/v2\/media?parent=1430"}],"wp:term":[{"taxonomy":"product_brand","embeddable":true,"href":"https:\/\/keweicorten.com\/sv\/wp-json\/wp\/v2\/product_brand?post=1430"},{"taxonomy":"product_cat","embeddable":true,"href":"https:\/\/keweicorten.com\/sv\/wp-json\/wp\/v2\/product_cat?post=1430"},{"taxonomy":"product_tag","embeddable":true,"href":"https:\/\/keweicorten.com\/sv\/wp-json\/wp\/v2\/product_tag?post=1430"}],"curies":[{"name":"wp","href":"https:\/\/api.w.org\/{rel}","templated":true}]}}