{"id":1444,"date":"2024-09-26T02:26:55","date_gmt":"2024-09-26T02:26:55","guid":{"rendered":"https:\/\/keweicorten.com\/?post_type=product&#038;p=1444"},"modified":"2024-09-26T02:26:55","modified_gmt":"2024-09-26T02:26:55","slug":"utomhus-sopsortering-papperskorgar","status":"publish","type":"product","link":"https:\/\/keweicorten.com\/sv\/utomhus-sopsortering-papperskorgar\/","title":{"rendered":"Utomhus Sopsortering Papperskorgar"},"content":{"rendered":"<p>Outdoors Garbage Sorting Trash Can \u00e4r en avfallshanteringsutrustning speciellt utformad f\u00f6r utomhusmilj\u00f6, som syftar till att fr\u00e4mja sopsortering och \u00e5tervinning, minska milj\u00f6f\u00f6roreningar och f\u00f6rb\u00e4ttra den urbana ekologiska milj\u00f6n. F\u00f6ljande \u00e4r n\u00e5gra till\u00e4mpningar och f\u00f6rdelar med sorteringsk\u00e4rl f\u00f6r utomhusskr\u00e4p:<\/p>\n<h2>\u00a0Ans\u00f6kningsf\u00e4lt:<\/h2>\n<ul>\n<li>Parker och natursk\u00f6na platser: Sopsorteringshinkar s\u00e4tts upp p\u00e5 offentliga platser som parker och natursk\u00f6na platser f\u00f6r att underl\u00e4tta f\u00f6r turister att sl\u00e4nga sopor och f\u00f6rb\u00e4ttra medvetenheten om sopklassificering.<\/li>\n<li>Stadsgator : Placeras i t\u00e4tbefolkade omr\u00e5den som huvudgator och kommersiella distrikt i staden, f\u00f6r att underl\u00e4tta f\u00f6r medborgarna att utf\u00f6ra skr\u00e4pklassificering och h\u00e5lla staden ren.<\/li>\n<li>Campus : S\u00e4tt upp soptunnor i skolan f\u00f6r att l\u00e4ra eleverna att sortera sopor redan fr\u00e5n barnsben.<\/li>\n<li>Community: Uppr\u00e4ttas i bostadsomr\u00e5den f\u00f6r att uppmuntra inv\u00e5narna att delta i sopklassificeringen och f\u00f6rb\u00e4ttra milj\u00f6h\u00e4lsan i samh\u00e4llet.<\/li>\n<li>Stationer f\u00f6r kollektivtrafik: Upps\u00e4ttning p\u00e5 busstationer, tunnelbanestationer och andra transportknutpunkter f\u00f6r att underl\u00e4tta f\u00f6r passagerare att utf\u00f6ra klassificering och bortskaffande av sopor.<\/li>\n<\/ul>\n<h2>F\u00f6rdelar med sopsortering utomhus Papperskorgar<\/h2>\n<ul>\n<li>Milj\u00f6skydd och h\u00e5llbar utveckling : Fr\u00e4mja \u00e5tervinning och \u00e5teranv\u00e4ndning av \u00e5tervinningsbara f\u00f6rem\u00e5l genom att klassificera dem f\u00f6r att minska milj\u00f6belastningen.<\/li>\n<li>\u00a0\u00d6ka allm\u00e4nhetens medvetenhet: Informera och utbilda allm\u00e4nheten om vikten av att klassificera sopor och \u00f6ka allm\u00e4nhetens medvetenhet om milj\u00f6skydd.<\/li>\n<li>F\u00f6rsk\u00f6na milj\u00f6n: Klassificerade soptunnor \u00e4r vanligtvis vackra i design, vilket kan f\u00f6rb\u00e4ttra stadens utseende och minska sopans inverkan p\u00e5 milj\u00f6n.<\/li>\n<li>Minska f\u00f6rvaltningskostnaderna: Effektiv skr\u00e4pklassificering kan minska kostnaderna f\u00f6r avfallshantering och f\u00f6rb\u00e4ttra effektiviteten i skr\u00e4pklassificering och avfallshantering.<\/li>\n<li>Diversifierad design: Moderna sopsorteringshinkar har ofta en m\u00e4ngd olika f\u00e4rger och logotyper f\u00f6r att underl\u00e4tta f\u00f6r allm\u00e4nheten att identifiera olika kategorier av sopor.<\/li>\n<\/ul>\n<table class=\"table\" border=\"1\" cellspacing=\"1\" cellpadding=\"1\">\n<tbody>\n<tr>\n<td colspan=\"1\" rowspan=\"1\">\n<div class=\"magic-5\"><strong>Produktens namn<\/strong><\/div>\n<\/td>\n<td colspan=\"1\" rowspan=\"1\">\n<div class=\"magic-7\">Utomhus Offentlig Kommersiell Corten St\u00e5l Skr\u00e4p Stor Metall Sortering Sopor \u00c5tervinning Litter Soptunna<\/div>\n<\/td>\n<\/tr>\n<tr>\n<td colspan=\"1\" rowspan=\"1\">\n<div class=\"magic-5\"><strong>Material<\/strong><\/div>\n<\/td>\n<td colspan=\"1\" rowspan=\"1\">\n<div class=\"magic-7\">Cortenst\u00e5l<\/div>\n<\/td>\n<\/tr>\n<tr>\n<td colspan=\"1\" rowspan=\"1\">\n<div class=\"magic-5\"><strong>Storlek<\/strong><\/div>\n<\/td>\n<td colspan=\"1\" rowspan=\"1\">\n<div class=\"magic-7\">Support Anpassad<\/div>\n<\/td>\n<\/tr>\n<tr>\n<td colspan=\"1\" rowspan=\"1\">\n<div class=\"magic-5\"><strong>Tjocklek<\/strong><\/div>\n<\/td>\n<td colspan=\"1\" rowspan=\"1\">\n<div class=\"magic-7\">2-10 mm<\/div>\n<\/td>\n<\/tr>\n<tr>\n<td colspan=\"1\" rowspan=\"1\">\n<div class=\"magic-5\"><strong>Efterbehandling<\/strong><\/div>\n<\/td>\n<td colspan=\"1\" rowspan=\"1\">\n<div class=\"magic-7\">Korrosionsbehandling ,h\u00e4rdningsbehandling<\/div>\n<\/td>\n<\/tr>\n<tr>\n<td colspan=\"1\" rowspan=\"1\">\n<div class=\"magic-5\"><strong>Funktioner<\/strong><\/div>\n<\/td>\n<td colspan=\"1\" rowspan=\"1\">\n<div class=\"magic-7\">Rostskyddad, vattent\u00e4t<\/div>\n<\/td>\n<\/tr>\n<tr>\n<td colspan=\"1\" rowspan=\"1\">\n<div class=\"magic-5\"><strong>Anv\u00e4ndning<\/strong><\/div>\n<\/td>\n<td colspan=\"1\" rowspan=\"1\">\n<div class=\"magic-7\">Gata\/park\/tr\u00e4dg\u00e5rd\/utomhus\/Kommersiellt\/offentligt omr\u00e5de<\/div>\n<\/td>\n<\/tr>\n<tr>\n<td colspan=\"1\" rowspan=\"1\">\n<div class=\"magic-5\"><strong>Betalningsvillkor<\/strong><\/div>\n<\/td>\n<td colspan=\"1\" rowspan=\"1\">\n<div class=\"magic-7\">T \/ T, L \/ C, Western Union, Money gram<\/div>\n<\/td>\n<\/tr>\n<\/tbody>\n<\/table>\n<figure style=\"width: 579px\" class=\"wp-caption alignnone\"><a href=\"https:\/\/keweicorten.com\/sv\"><img fetchpriority=\"high\" decoding=\"async\" title=\"Utomhus Sopsortering Papperskorgar\" src=\"https:\/\/www.keweistove.com\/uploads\/39684\/products\/20240412101431acc66.png?size=523x0\" alt=\"Utomhus Sopor Sortering Trash Cans-Factory, Kina, pris, tillverkare, leverant\u00f6rer, anpassade, grossist, billiga, till salu, i lager.\" width=\"579\" height=\"581\" \/><\/a><figcaption class=\"wp-caption-text\">Utomhus Sopsortering Papperskorgar<\/figcaption><\/figure>","protected":false},"excerpt":{"rendered":"<p>Sopsorteringsk\u00e4rl utomhus spelar en viktig roll i stadsf\u00f6rvaltning, milj\u00f6skydd och allm\u00e4n utbildning. Genom rimlig inst\u00e4llning och anv\u00e4ndning f\u00f6rb\u00e4ttrar det inte bara effektiviteten i sopklassificeringen utan blir ocks\u00e5 en viktig symbol f\u00f6r stadscivilisation och milj\u00f6skydd.<\/p>","protected":false},"featured_media":1445,"comment_status":"open","ping_status":"closed","template":"","meta":{"_eb_attr":"","_monsterinsights_skip_tracking":false,"_monsterinsights_sitenote_active":false,"_monsterinsights_sitenote_note":"","_monsterinsights_sitenote_category":0,"_uf_show_specific_survey":0,"_uf_disable_surveys":false},"product_brand":[],"product_cat":[23],"product_tag":[],"class_list":{"0":"post-1444","1":"product","2":"type-product","3":"status-publish","4":"has-post-thumbnail","6":"product_cat-patio-furniture","8":"first","9":"instock","10":"shipping-taxable","11":"product-type-simple"},"_links":{"self":[{"href":"https:\/\/keweicorten.com\/sv\/wp-json\/wp\/v2\/product\/1444"}],"collection":[{"href":"https:\/\/keweicorten.com\/sv\/wp-json\/wp\/v2\/product"}],"about":[{"href":"https:\/\/keweicorten.com\/sv\/wp-json\/wp\/v2\/types\/product"}],"replies":[{"embeddable":true,"href":"https:\/\/keweicorten.com\/sv\/wp-json\/wp\/v2\/comments?post=1444"}],"version-history":[{"count":1,"href":"https:\/\/keweicorten.com\/sv\/wp-json\/wp\/v2\/product\/1444\/revisions"}],"predecessor-version":[{"id":1449,"href":"https:\/\/keweicorten.com\/sv\/wp-json\/wp\/v2\/product\/1444\/revisions\/1449"}],"wp:featuredmedia":[{"embeddable":true,"href":"https:\/\/keweicorten.com\/sv\/wp-json\/wp\/v2\/media\/1445"}],"wp:attachment":[{"href":"https:\/\/keweicorten.com\/sv\/wp-json\/wp\/v2\/media?parent=1444"}],"wp:term":[{"taxonomy":"product_brand","embeddable":true,"href":"https:\/\/keweicorten.com\/sv\/wp-json\/wp\/v2\/product_brand?post=1444"},{"taxonomy":"product_cat","embeddable":true,"href":"https:\/\/keweicorten.com\/sv\/wp-json\/wp\/v2\/product_cat?post=1444"},{"taxonomy":"product_tag","embeddable":true,"href":"https:\/\/keweicorten.com\/sv\/wp-json\/wp\/v2\/product_tag?post=1444"}],"curies":[{"name":"wp","href":"https:\/\/api.w.org\/{rel}","templated":true}]}}