{"id":1450,"date":"2024-09-26T02:48:17","date_gmt":"2024-09-26T02:48:17","guid":{"rendered":"https:\/\/keweicorten.com\/?post_type=product&#038;p=1450"},"modified":"2025-01-15T06:22:41","modified_gmt":"2025-01-15T06:22:41","slug":"papperskorgar-av-cortenstal","status":"publish","type":"product","link":"https:\/\/keweicorten.com\/sv\/papperskorgar-av-cortenstal\/","title":{"rendered":"Papperskorgar av cortenst\u00e5l"},"content":{"rendered":"<p>H\u00e5llbarhet: V\u00e4derbest\u00e4ndigt st\u00e5l har utm\u00e4rkt korrosionsbest\u00e4ndighet och slitstyrka, vilket kan motst\u00e5 olika d\u00e5liga v\u00e4der och f\u00f6rl\u00e4nga livsl\u00e4ngden.<\/p>\n<p>Estetik: Den unika rostf\u00e4rgen och strukturen hos vittringsst\u00e5l kan integreras harmoniskt med den naturliga milj\u00f6n f\u00f6r att tillf\u00f6ra sk\u00f6nhet.<\/p>\n<p>Enkelt underh\u00e5ll: Vittrande st\u00e5l \u00e4r l\u00e4ttare att reng\u00f6ra \u00e4n andra material, vilket minskar underh\u00e5llskostnaderna.<\/p>\n<p>Skydd av milj\u00f6n: Vittrande st\u00e5l kan \u00e5tervinnas, i linje med kraven p\u00e5 h\u00e5llbar utveckling.<\/p>\n<p>Stabilitet: Den tunga karakt\u00e4ren hos vittringsst\u00e5l g\u00f6r att papperskorgen inte l\u00e4tt kan flyttas vid kraftiga vindar eller d\u00e5ligt v\u00e4der.<\/p>\n<p>Brandmotst\u00e5nd: Vittringsst\u00e5l har ett bra brandmotst\u00e5nd och l\u00e4mpar sig f\u00f6r en m\u00e4ngd olika milj\u00f6er.<\/p>\n<p>Corten st\u00e5l papperskorgar \u00e4r en h\u00f6gkvalitativ, h\u00e5llbar produkt som anv\u00e4nds i stor utstr\u00e4ckning p\u00e5 offentliga platser och hemmabruk. Den har utm\u00e4rkta egenskaper som rostskydd, korrosionsskydd, vindskydd och solskydd, som effektivt kan motst\u00e5 erosionen av olika yttre faktorer och bibeh\u00e5lla utseendet och anv\u00e4ndningseffekten under l\u00e5ng tid. Dessutom har denna soptunna ocks\u00e5 en stor kapacitet, enkel att anv\u00e4nda, enkel installation.<\/p>\n<table class=\"hight-light-first-column all magic-4\">\n<tbody>\n<tr>\n<td colspan=\"1\" rowspan=\"1\">\n<div class=\"magic-5\"><span class=\"magic-6\">Produktens namn<\/span><\/div>\n<\/td>\n<td colspan=\"1\" rowspan=\"1\">\n<div class=\"magic-7\" data-spm-anchor-id=\"a2700.details.0.i40.36d855992VT0SR\"><span class=\"magic-8\">Utomhus Offentlig Kommersiell Corten St\u00e5l Skr\u00e4p Stor Metall Sortering Sopor \u00c5tervinning Litter Soptunna<\/span><\/div>\n<\/td>\n<\/tr>\n<tr>\n<td colspan=\"1\" rowspan=\"1\">\n<div class=\"magic-5\"><span class=\"magic-6\">Material<\/span><\/div>\n<\/td>\n<td colspan=\"1\" rowspan=\"1\">\n<div class=\"magic-7\"><span class=\"magic-8\">Cortenst\u00e5l<\/span><\/div>\n<\/td>\n<\/tr>\n<tr>\n<td colspan=\"1\" rowspan=\"1\">\n<div class=\"magic-5\"><span class=\"magic-6\">Storlek<\/span><\/div>\n<\/td>\n<td colspan=\"1\" rowspan=\"1\">\n<div class=\"magic-7\"><span class=\"magic-8\">Support Anpassad<\/span><\/div>\n<\/td>\n<\/tr>\n<tr>\n<td colspan=\"1\" rowspan=\"1\">\n<div class=\"magic-5\"><span class=\"magic-6\">Tjocklek<\/span><\/div>\n<\/td>\n<td colspan=\"1\" rowspan=\"1\">\n<div class=\"magic-7\"><span class=\"magic-8\">2-10 mm<\/span><\/div>\n<\/td>\n<\/tr>\n<tr>\n<td colspan=\"1\" rowspan=\"1\">\n<div class=\"magic-5\"><span class=\"magic-6\">Efterbehandling<\/span><\/div>\n<\/td>\n<td colspan=\"1\" rowspan=\"1\">\n<div class=\"magic-7\" data-spm-anchor-id=\"a2700.details.0.i39.36d855992VT0SR\"><span class=\"magic-8\">Korrosionsbehandling ,h\u00e4rdningsbehandling<\/span><\/div>\n<\/td>\n<\/tr>\n<tr>\n<td colspan=\"1\" rowspan=\"1\">\n<div class=\"magic-5\"><span class=\"magic-6\">Funktioner<\/span><\/div>\n<\/td>\n<td colspan=\"1\" rowspan=\"1\">\n<div class=\"magic-7\"><span class=\"magic-8\">Rostskyddad, vattent\u00e4t<\/span><\/div>\n<\/td>\n<\/tr>\n<tr>\n<td colspan=\"1\" rowspan=\"1\">\n<div class=\"magic-5\"><span class=\"magic-6\">Certifikat<\/span><\/div>\n<\/td>\n<td colspan=\"1\" rowspan=\"1\">\n<div class=\"magic-7\"><span class=\"magic-8\">SGS\/TUV Rheinland\/ISO9001\/ISO14001\/OHSAS18001<\/span><\/div>\n<\/td>\n<\/tr>\n<tr>\n<td colspan=\"1\" rowspan=\"1\">\n<div class=\"magic-5\"><span class=\"magic-6\">Anv\u00e4ndning<\/span><\/div>\n<\/td>\n<td colspan=\"1\" rowspan=\"1\">\n<div class=\"magic-7\"><span class=\"magic-8\">Gata\/park\/tr\u00e4dg\u00e5rd\/utomhus\/Kommersiellt\/offentligt omr\u00e5de<\/span><\/div>\n<\/td>\n<\/tr>\n<tr>\n<td colspan=\"1\" rowspan=\"1\">\n<div class=\"magic-5\"><span class=\"magic-6\">Betalningsvillkor<\/span><\/div>\n<\/td>\n<td colspan=\"1\" rowspan=\"1\">\n<div class=\"magic-7\"><span class=\"magic-8\">T \/ T, L \/ C, Western Union, Money gram<\/span><\/div>\n<\/td>\n<\/tr>\n<\/tbody>\n<\/table>\n<div><\/div>\n<div>Offentliga anl\u00e4ggningar: Anv\u00e4nds p\u00e5 offentliga platser som parker, torg och g\u00e5gator, vilket ger bekv\u00e4m soph\u00e4mtning.<br \/>\nKommersiellt utrymme: Utomhusomr\u00e5den p\u00e5 restauranger, kaf\u00e9er och andra platser som b\u00e5de \u00e4r praktiska och f\u00f6rb\u00e4ttrar atmosf\u00e4ren.<br \/>\nBostadsomr\u00e5de: Ett gemensamt omr\u00e5de eller en tr\u00e4dg\u00e5rd i ett bostadsomr\u00e5de som \u00e4r b\u00e5de vacker och bekv\u00e4m f\u00f6r de boende att anv\u00e4nda.<\/div>\n<figure style=\"width: 700px\" class=\"wp-caption alignnone\"><a href=\"https:\/\/keweicorten.com\/sv\"><img fetchpriority=\"high\" decoding=\"async\" title=\"Avfallsbeh\u00e5llare av metall i cortenst\u00e5l\" src=\"https:\/\/sc04.alicdn.com\/kf\/H1e127c663dd74393b4f53f9ea41248ebz\/230822811\/H1e127c663dd74393b4f53f9ea41248ebz.jpg\" alt=\" Corten Steel Metal Litter Bins-tillverkare, leverant\u00f6rer, anpassade, grossist, billiga, till salu, i lager.shkw\" width=\"700\" height=\"700\" \/><\/a><figcaption class=\"wp-caption-text\">Avfallsbeh\u00e5llare av metall i cortenst\u00e5l<\/figcaption><\/figure>\n<figure style=\"width: 698px\" class=\"wp-caption alignnone\"><a href=\"https:\/\/keweicorten.com\/sv\/produkter\/\"><img decoding=\"async\" title=\" Skr\u00e4p av cortenst\u00e5l\" src=\"https:\/\/sc04.alicdn.com\/kf\/Hea8fb4330e9346b19fb3e3f3067b143ee\/230822811\/Hea8fb4330e9346b19fb3e3f3067b143ee.jpg\" alt=\" Corten Steel Rubbish tillverkare, leverant\u00f6rer, anpassade, grossist, billiga, till salu, i lager.-shkw\" width=\"698\" height=\"698\" \/><\/a><figcaption class=\"wp-caption-text\">Skr\u00e4p av cortenst\u00e5l<\/figcaption><\/figure>\n<p>Corten Litter Bin sticker ut designm\u00e4ssigt med en distinkt rektangul\u00e4r design. Den har en 6 mm COR-TEN ytterram f\u00f6r en unik estetik och en innerbeh\u00e5llare i galvaniserat st\u00e5l som rymmer upp till 110 liter avfall.<\/p>","protected":false},"excerpt":{"rendered":"<p>Den h\u00f6gkvalitativa papperskorgen med integrerad askkopp k\u00e4nnetecknas av sin h\u00f6ga funktionalitet och enkla hantering. Det g\u00e5r snabbt och enkelt att t\u00f6mma askkoppen: genom att helt enkelt \u00f6ppna luckan under askkoppen faller askan direkt ner i avfallsbeh\u00e5llaren.<\/p>","protected":false},"featured_media":1452,"comment_status":"open","ping_status":"closed","template":"","meta":{"_eb_attr":"","_monsterinsights_skip_tracking":false,"_monsterinsights_sitenote_active":false,"_monsterinsights_sitenote_note":"","_monsterinsights_sitenote_category":0,"_uf_show_specific_survey":0,"_uf_disable_surveys":false},"product_brand":[],"product_cat":[23],"product_tag":[],"class_list":{"0":"post-1450","1":"product","2":"type-product","3":"status-publish","4":"has-post-thumbnail","6":"product_cat-patio-furniture","8":"first","9":"instock","10":"shipping-taxable","11":"product-type-simple"},"_links":{"self":[{"href":"https:\/\/keweicorten.com\/sv\/wp-json\/wp\/v2\/product\/1450"}],"collection":[{"href":"https:\/\/keweicorten.com\/sv\/wp-json\/wp\/v2\/product"}],"about":[{"href":"https:\/\/keweicorten.com\/sv\/wp-json\/wp\/v2\/types\/product"}],"replies":[{"embeddable":true,"href":"https:\/\/keweicorten.com\/sv\/wp-json\/wp\/v2\/comments?post=1450"}],"version-history":[{"count":1,"href":"https:\/\/keweicorten.com\/sv\/wp-json\/wp\/v2\/product\/1450\/revisions"}],"predecessor-version":[{"id":1453,"href":"https:\/\/keweicorten.com\/sv\/wp-json\/wp\/v2\/product\/1450\/revisions\/1453"}],"wp:featuredmedia":[{"embeddable":true,"href":"https:\/\/keweicorten.com\/sv\/wp-json\/wp\/v2\/media\/1452"}],"wp:attachment":[{"href":"https:\/\/keweicorten.com\/sv\/wp-json\/wp\/v2\/media?parent=1450"}],"wp:term":[{"taxonomy":"product_brand","embeddable":true,"href":"https:\/\/keweicorten.com\/sv\/wp-json\/wp\/v2\/product_brand?post=1450"},{"taxonomy":"product_cat","embeddable":true,"href":"https:\/\/keweicorten.com\/sv\/wp-json\/wp\/v2\/product_cat?post=1450"},{"taxonomy":"product_tag","embeddable":true,"href":"https:\/\/keweicorten.com\/sv\/wp-json\/wp\/v2\/product_tag?post=1450"}],"curies":[{"name":"wp","href":"https:\/\/api.w.org\/{rel}","templated":true}]}}