{"id":1495,"date":"2024-09-26T06:37:55","date_gmt":"2024-09-26T06:37:55","guid":{"rendered":"https:\/\/keweicorten.com\/?post_type=product&#038;p=1495"},"modified":"2025-01-15T06:22:32","modified_gmt":"2025-01-15T06:22:32","slug":"bbq-set-i-rostfritt-stal","status":"publish","type":"product","link":"https:\/\/keweicorten.com\/sv\/bbq-set-i-rostfritt-stal\/","title":{"rendered":"BBQ-set i rostfritt st\u00e5l"},"content":{"rendered":"<p>Ett grillset i rostfritt st\u00e5l \u00e4r ett m\u00e5ste f\u00f6r alla grillm\u00e4stare. Det \u00e4r slitstarkt, l\u00e5nglivat och l\u00e4tt att reng\u00f6ra. Du beh\u00f6ver inte oroa dig f\u00f6r rost eller korrosion, vilket inneb\u00e4r att dina verktyg alltid kommer att se ut som nya, \u00e4ven efter m\u00e5nga anv\u00e4ndningar.<\/p>\n<p>Detta grillset i rostfritt st\u00e5l inneh\u00e5ller alla de verktyg du beh\u00f6ver f\u00f6r att g\u00f6ra din grillupplevelse till en succ\u00e9. Du f\u00e5r en spatel, en t\u00e5ng, en gaffel, en stekborste, en grillborste och mycket mer - allt tillverkat av h\u00f6gkvalitativt rostfritt st\u00e5l.<\/p>\n<p>Dessa verktyg \u00e4r utformade f\u00f6r att g\u00f6ra grillningen smidigare och mer effektiv. Med r\u00e4tt verktyg kan du enkelt v\u00e4nda hamburgare, v\u00e4nda korvar och pensla p\u00e5 marinader. Dessutom ser de v\u00e4rmet\u00e5liga handtagen till att du inte br\u00e4nner dig n\u00e4r du arbetar p\u00e5 grillen.<\/p>\n<table border=\"0\">\n<tbody>\n<tr>\n<td colspan=\"2\">bbq-t\u00e5ng, bbq-gaffel, grillt\u00e5ng, grillt\u00e5ng, grillskrapor<\/td>\n<\/tr>\n<tr>\n<td>\u00a0<a href=\"https:\/\/keweicorten.com\/sv\/produkter\/\"><img fetchpriority=\"high\" decoding=\"async\" class=\"alignnone\" title=\"bbq-grill\" src=\"https:\/\/sc04.alicdn.com\/kf\/H7855c4c7327146229cdf50da73b79143i\/206073447\/H7855c4c7327146229cdf50da73b79143i.jpg\" alt=\"Grilltillbeh\u00f6r Fabrik,Kina,pris\" width=\"400\" height=\"400\" data-src=\"\/\/sc04.alicdn.com\/kf\/H7855c4c7327146229cdf50da73b79143i\/206073447\/H7855c4c7327146229cdf50da73b79143i.jpg\" data-width=\"400\" data-height=\"400\" \/><\/a><\/td>\n<td>\n<table border=\"1\">\n<tbody>\n<tr>\n<td>\u00a0Material<\/td>\n<td>\u00a0SS420 + SS410 handtag<\/td>\n<\/tr>\n<tr>\n<td>\u00a0Storlek<\/td>\n<td>\u00a040*15*5cm<\/td>\n<\/tr>\n<tr>\n<td>\u00a0Avsluta<\/td>\n<td>\u00a0Borste\/Polish\/bel\u00e4ggning\/Customized<\/td>\n<\/tr>\n<tr>\n<td>\u00a0Funktion<\/td>\n<td>\u00a0Grillverktyg med v\u00e4ska i oxfordtyg<\/td>\n<\/tr>\n<tr>\n<td>\u00a0Logotyp<\/td>\n<td>\u00a0BMA \/ ingen \/ kundens logotyp<\/td>\n<\/tr>\n<tr>\n<td>\u00a0Frakt<\/td>\n<td>\u00a0DHL, TNT, UPS, FEDEX, EMS<\/td>\n<\/tr>\n<tr>\n<td>\u00a0Leverans<\/td>\n<td>\u00a07-30 dagar beroende p\u00e5 kvantitet<\/td>\n<\/tr>\n<\/tbody>\n<\/table>\n<\/td>\n<\/tr>\n<\/tbody>\n<\/table>\n<p><a href=\"https:\/\/keweicorten.com\/sv\/kontakta-oss\/\"><img decoding=\"async\" class=\"alignnone\" title=\"Grilltillbeh\u00f6r \" src=\"https:\/\/s.alicdn.com\/@sc04\/kf\/Haadfa9ae644e49dba1d39883ab9aa4eeZ.jpg_720x720q50.jpg\" alt=\"Grilltillbeh\u00f6r grossist, billig, till salu, i lager.\" width=\"599\" height=\"599\" \/><\/a><\/p>\n<p><a href=\"https:\/\/keweicorten.com\/sv\/kontakta-oss\/\"><img decoding=\"async\" class=\"alignnone\" title=\"Grilltillbeh\u00f6r \" src=\"https:\/\/sc04.alicdn.com\/kf\/H5aab0d25d3ea485eb5379bf84249bef0t\/22449\/H5aab0d25d3ea485eb5379bf84249bef0t.jpg\" alt=\"Grilltillbeh\u00f6r Fabrik, Kina, pris, tillverkare, leverant\u00f6rer, anpassade, grossist, billiga, till salu, i lager.\" width=\"600\" height=\"495\" \/><\/a><\/p>","protected":false},"excerpt":{"rendered":"<p>Ett grillset i rostfritt st\u00e5l \u00e4r en bra investering f\u00f6r alla grillentusiaster. Det kommer inte bara att g\u00f6ra grillningen enklare, det kommer ocks\u00e5 att h\u00e5lla i m\u00e5nga \u00e5r fram\u00f6ver. S\u00e5 om du vill ta din grillning till n\u00e4sta niv\u00e5, \u00f6verv\u00e4g att skaffa dig ett grillset i rostfritt st\u00e5l idag!<\/p>","protected":false},"featured_media":1496,"comment_status":"open","ping_status":"closed","template":"","meta":{"_eb_attr":"","_monsterinsights_skip_tracking":false,"_monsterinsights_sitenote_active":false,"_monsterinsights_sitenote_note":"","_monsterinsights_sitenote_category":0,"_uf_show_specific_survey":0,"_uf_disable_surveys":false},"product_brand":[],"product_cat":[49],"product_tag":[],"class_list":{"0":"post-1495","1":"product","2":"type-product","3":"status-publish","4":"has-post-thumbnail","6":"product_cat-bbq-accessories","8":"first","9":"instock","10":"shipping-taxable","11":"product-type-simple"},"_links":{"self":[{"href":"https:\/\/keweicorten.com\/sv\/wp-json\/wp\/v2\/product\/1495"}],"collection":[{"href":"https:\/\/keweicorten.com\/sv\/wp-json\/wp\/v2\/product"}],"about":[{"href":"https:\/\/keweicorten.com\/sv\/wp-json\/wp\/v2\/types\/product"}],"replies":[{"embeddable":true,"href":"https:\/\/keweicorten.com\/sv\/wp-json\/wp\/v2\/comments?post=1495"}],"version-history":[{"count":1,"href":"https:\/\/keweicorten.com\/sv\/wp-json\/wp\/v2\/product\/1495\/revisions"}],"predecessor-version":[{"id":1497,"href":"https:\/\/keweicorten.com\/sv\/wp-json\/wp\/v2\/product\/1495\/revisions\/1497"}],"wp:featuredmedia":[{"embeddable":true,"href":"https:\/\/keweicorten.com\/sv\/wp-json\/wp\/v2\/media\/1496"}],"wp:attachment":[{"href":"https:\/\/keweicorten.com\/sv\/wp-json\/wp\/v2\/media?parent=1495"}],"wp:term":[{"taxonomy":"product_brand","embeddable":true,"href":"https:\/\/keweicorten.com\/sv\/wp-json\/wp\/v2\/product_brand?post=1495"},{"taxonomy":"product_cat","embeddable":true,"href":"https:\/\/keweicorten.com\/sv\/wp-json\/wp\/v2\/product_cat?post=1495"},{"taxonomy":"product_tag","embeddable":true,"href":"https:\/\/keweicorten.com\/sv\/wp-json\/wp\/v2\/product_tag?post=1495"}],"curies":[{"name":"wp","href":"https:\/\/api.w.org\/{rel}","templated":true}]}}