{"id":1498,"date":"2024-09-26T06:43:43","date_gmt":"2024-09-26T06:43:43","guid":{"rendered":"https:\/\/keweicorten.com\/?post_type=product&#038;p=1498"},"modified":"2025-01-15T06:22:26","modified_gmt":"2025-01-15T06:22:26","slug":"bbq-grillverktyg-set","status":"publish","type":"product","link":"https:\/\/keweicorten.com\/sv\/bbq-grillverktyg-set\/","title":{"rendered":"Set med grillverktyg f\u00f6r BBQ"},"content":{"rendered":"<p>Ett grillverktygsset \u00e4r viktigt f\u00f6r alla grillentusiaster, eftersom det inneh\u00e5ller de n\u00f6dv\u00e4ndiga verktygen f\u00f6r att f\u00f6rbereda, tillaga och servera uts\u00f6kta grillm\u00e5ltider. H\u00e4r \u00e4r en lista \u00f6ver vanliga f\u00f6rem\u00e5l som du kan hitta i en upps\u00e4ttning grillverktyg, tillsammans med deras funktioner:<\/p>\n<p>Vanliga f\u00f6rem\u00e5l i en upps\u00e4ttning grillverktyg f\u00f6r BBQ<\/p>\n<p>Grillspade:<br \/>\n- L\u00e5ngt handtag f\u00f6r att n\u00e5 \u00f6ver heta grillar.<br \/>\n- Plan yta som g\u00f6r det enkelt att v\u00e4nda hamburgare, fisk och gr\u00f6nsaker.<\/p>\n<p>T\u00e5ng f\u00f6r grillning:<br \/>\n- L\u00e5nga, kraftiga t\u00e4nger med bra grepp f\u00f6r att v\u00e4nda k\u00f6tt och gr\u00f6nsaker utan att sticka h\u00e5l p\u00e5 dem.<br \/>\n- Ofta utformade f\u00f6r att klara h\u00f6g v\u00e4rme.<\/p>\n<p>BBQ-gaffel:<br \/>\n- Anv\u00e4nds f\u00f6r att sticka h\u00e5l p\u00e5 k\u00f6tt f\u00f6r att testa om det \u00e4r m\u00f6rt.<br \/>\n- Idealisk f\u00f6r hantering av st\u00f6rre k\u00f6ttstycken.<\/p>\n<p>Basting Brush:<br \/>\n- F\u00f6r att applicera marinader, s\u00e5ser eller oljor p\u00e5 k\u00f6tt eller gr\u00f6nsaker under grillning.<br \/>\n- Kan vara silikon eller naturborst.<\/p>\n<p>Grillborste:<br \/>\n- F\u00f6r reng\u00f6ring av gallret f\u00f6re och efter grillning.<br \/>\n- Hj\u00e4lper till att ta bort rester och f\u00f6rhindra att det fastnar.<\/p>\n<p>K\u00f6tttermometer:<br \/>\n- S\u00e4kerst\u00e4ller att maten tillagas till r\u00e4tt innertemperatur.<br \/>\n- Kan vara digitala eller analoga, vissa har m\u00f6jlighet till direktavl\u00e4sning.<\/p>\n<p>Grillmatta:<br \/>\n- Skyddar grillytan och underl\u00e4ttar reng\u00f6ringen.<br \/>\n- Vissa mattor \u00e4r utformade f\u00f6r att t\u00e5la h\u00f6ga temperaturer.<\/p>\n<p>Spett:<br \/>\n- Metall- eller bambupinnar f\u00f6r att g\u00f6ra kebab och grilla mindre bitar av mat.<br \/>\n- F\u00f6r j\u00e4mn tillagning och enkel v\u00e4ndning.<\/p>\n<p>Grillhandskar:<br \/>\n- V\u00e4rmebest\u00e4ndiga handskar f\u00f6r att skydda h\u00e4nderna n\u00e4r du hanterar heta grilldelar eller mat.<br \/>\n- F\u00f6rb\u00e4ttrat grepp och flexibilitet f\u00f6r b\u00e4ttre hantering.<\/p>\n<p>H\u00e5llare f\u00f6r majskolvar:<br \/>\n- Sm\u00e5 gafflar f\u00f6r att h\u00e5lla i majsen n\u00e4r du grillar eller \u00e4ter.<br \/>\n- Ger stabilitet och s\u00e4kerhet.<\/p>\n<p><a href=\"https:\/\/keweicorten.com\/sv\/produkter\/\"><img fetchpriority=\"high\" decoding=\"async\" class=\"alignnone\" title=\"Set med grilltillbeh\u00f6r\" src=\"https:\/\/s.alicdn.com\/@sc04\/kf\/Hdadd98b9612e497293d68a0e6860200aK.jpg_720x720q50.jpg\" alt=\"Grilltillbeh\u00f6r Kit Set grossist, billig, till salu, i lager\" width=\"700\" height=\"700\" \/><\/a><\/p>\n<p><a href=\"https:\/\/keweicorten.com\/sv\"><img decoding=\"async\" class=\"alignleft\" title=\"Set med grilltillbeh\u00f6r\" src=\"https:\/\/sc04.alicdn.com\/kf\/H4683041e81aa425396b354a4ed5ed920M\/276398393\/H4683041e81aa425396b354a4ed5ed920M.jpg\" alt=\"Grilltillbeh\u00f6r Kit Set Factory,Kina,pris,tillverkare,leverant\u00f6rer\" width=\"700\" height=\"1206\" \/><\/a><\/p>","protected":false},"excerpt":{"rendered":"<p>Oavsett om du \u00e4r nyb\u00f6rjare eller en erfaren grillare kan r\u00e4tt verktyg f\u00f6rb\u00e4ttra din grillupplevelse avsev\u00e4rt.<\/p>","protected":false},"featured_media":1499,"comment_status":"open","ping_status":"closed","template":"","meta":{"_eb_attr":"","_monsterinsights_skip_tracking":false,"_monsterinsights_sitenote_active":false,"_monsterinsights_sitenote_note":"","_monsterinsights_sitenote_category":0,"_uf_show_specific_survey":0,"_uf_disable_surveys":false},"product_brand":[],"product_cat":[49],"product_tag":[],"class_list":{"0":"post-1498","1":"product","2":"type-product","3":"status-publish","4":"has-post-thumbnail","6":"product_cat-bbq-accessories","8":"first","9":"instock","10":"shipping-taxable","11":"product-type-simple"},"_links":{"self":[{"href":"https:\/\/keweicorten.com\/sv\/wp-json\/wp\/v2\/product\/1498"}],"collection":[{"href":"https:\/\/keweicorten.com\/sv\/wp-json\/wp\/v2\/product"}],"about":[{"href":"https:\/\/keweicorten.com\/sv\/wp-json\/wp\/v2\/types\/product"}],"replies":[{"embeddable":true,"href":"https:\/\/keweicorten.com\/sv\/wp-json\/wp\/v2\/comments?post=1498"}],"version-history":[{"count":2,"href":"https:\/\/keweicorten.com\/sv\/wp-json\/wp\/v2\/product\/1498\/revisions"}],"predecessor-version":[{"id":1501,"href":"https:\/\/keweicorten.com\/sv\/wp-json\/wp\/v2\/product\/1498\/revisions\/1501"}],"wp:featuredmedia":[{"embeddable":true,"href":"https:\/\/keweicorten.com\/sv\/wp-json\/wp\/v2\/media\/1499"}],"wp:attachment":[{"href":"https:\/\/keweicorten.com\/sv\/wp-json\/wp\/v2\/media?parent=1498"}],"wp:term":[{"taxonomy":"product_brand","embeddable":true,"href":"https:\/\/keweicorten.com\/sv\/wp-json\/wp\/v2\/product_brand?post=1498"},{"taxonomy":"product_cat","embeddable":true,"href":"https:\/\/keweicorten.com\/sv\/wp-json\/wp\/v2\/product_cat?post=1498"},{"taxonomy":"product_tag","embeddable":true,"href":"https:\/\/keweicorten.com\/sv\/wp-json\/wp\/v2\/product_tag?post=1498"}],"curies":[{"name":"wp","href":"https:\/\/api.w.org\/{rel}","templated":true}]}}