{"id":1502,"date":"2024-09-26T06:55:57","date_gmt":"2024-09-26T06:55:57","guid":{"rendered":"https:\/\/keweicorten.com\/?post_type=product&#038;p=1502"},"modified":"2025-01-15T06:22:19","modified_gmt":"2025-01-15T06:22:19","slug":"grillverktyg-bbq-tillbehor","status":"publish","type":"product","link":"https:\/\/keweicorten.com\/sv\/grillverktyg-bbq-tillbehor\/","title":{"rendered":"Grill Grillverktyg BBQ-tillbeh\u00f6r"},"content":{"rendered":"<p>Grillverktyg BBQ-tillbeh\u00f6r \u00e4r en viktig utrustning f\u00f6r alla som \u00e4lskar att grilla uts\u00f6kt mat utomhus. Om du planerar att ha en stor grillfest med dina v\u00e4nner och familj m\u00e5ste du ha r\u00e4tt grillverktyg som kan hj\u00e4lpa dig att laga och servera din mat med l\u00e4tthet.<\/p>\n<p>Valfria tillbeh\u00f6r<\/p>\n<ul>\n<li>Grillkorg: Perfekt f\u00f6r att grilla sm\u00e5 gr\u00f6nsaker eller \u00f6mt\u00e5liga f\u00f6rem\u00e5l som fisk.<\/li>\n<li>Pizzasten: F\u00f6r grillning av pizzor f\u00f6r att f\u00e5 en krispig skorpa.<\/li>\n<li>Injektor f\u00f6r livsmedel: F\u00f6r marinering av k\u00f6tt genom att spruta in smaker direkt i k\u00f6ttet.<\/li>\n<li>H\u00e5llare f\u00f6r kryddor och kondiment: Rymmer s\u00e5ser, kryddor och marinader f\u00f6r enkel \u00e5tkomst under grillningen.<\/li>\n<\/ul>\n<p>Att t\u00e4nka p\u00e5 n\u00e4r du k\u00f6per en upps\u00e4ttning grillverktyg<\/p>\n<ul>\n<li>Material: H\u00e5ll utkik efter rostfritt st\u00e5l f\u00f6r h\u00e5llbarhet och v\u00e4rmebest\u00e4ndighet. Tr\u00e4handtag kan ocks\u00e5 ge ett bra grepp men kan kr\u00e4va mer sk\u00f6tsel.<\/li>\n<li>F\u00f6rvaring: Vissa set levereras med en b\u00e4rv\u00e4ska f\u00f6r enkel transport och f\u00f6rvaring.<\/li>\n<li>Ergonomi: Bekv\u00e4ma handtag och v\u00e4ldesignade verktyg kan g\u00f6ra skillnad under l\u00e5nga grillsessioner.<\/li>\n<li>Antal delar: Beroende p\u00e5 dina grillvanor kan du fundera p\u00e5 hur m\u00e5nga verktyg du beh\u00f6ver.<\/li>\n<\/ul>\n<table class=\"all magic-3\">\n<tbody>\n<tr>\n<td colspan=\"1\" rowspan=\"1\">\n<div class=\"magic-4\" data-spm-anchor-id=\"a2700.details.0.i37.6b594a004vlN25\">Varum\u00e4rke<\/div>\n<\/td>\n<td colspan=\"1\" rowspan=\"1\">\n<div class=\"magic-5\">SHKW<\/div>\n<\/td>\n<td colspan=\"1\" rowspan=\"1\">\n<div class=\"magic-4\">Certifiering<\/div>\n<\/td>\n<td colspan=\"1\" rowspan=\"1\">\n<div class=\"magic-6\">LFGB, CE, SGS, BSCI,ISO9001:2015<\/div>\n<\/td>\n<\/tr>\n<tr>\n<td colspan=\"1\" rowspan=\"1\">\n<div class=\"magic-4\">OEM<\/div>\n<\/td>\n<td colspan=\"1\" rowspan=\"1\">\n<div class=\"magic-5\">Tillg\u00e4nglig<\/div>\n<\/td>\n<td colspan=\"1\" rowspan=\"1\">\n<div class=\"magic-4\">Paket<\/div>\n<\/td>\n<td colspan=\"1\" rowspan=\"1\">\n<div class=\"magic-6\">enligt dina \u00f6nskem\u00e5l<\/div>\n<\/td>\n<\/tr>\n<tr>\n<td colspan=\"1\" rowspan=\"1\">\n<div class=\"magic-4\">ODM<\/div>\n<\/td>\n<td colspan=\"1\" rowspan=\"1\">\n<div class=\"magic-5\">Tillg\u00e4nglig<\/div>\n<\/td>\n<td colspan=\"1\" rowspan=\"1\">\n<div class=\"magic-4\">Exempel p\u00e5 tj\u00e4nst<\/div>\n<\/td>\n<td colspan=\"1\" rowspan=\"1\">\n<div class=\"magic-6\">Tillg\u00e4nglig inom 5 dagar<\/div>\n<\/td>\n<\/tr>\n<tr>\n<td colspan=\"1\" rowspan=\"1\">\n<div class=\"magic-4\">MOQ<\/div>\n<\/td>\n<td colspan=\"1\" rowspan=\"1\">\n<div class=\"magic-5\">500 upps\u00e4ttningar<\/div>\n<\/td>\n<td colspan=\"1\" rowspan=\"1\">\n<div class=\"magic-4\">Logotyp<\/div>\n<\/td>\n<td colspan=\"1\" rowspan=\"1\">\n<div class=\"magic-6\">Anpassad laser \/ gravyr<\/div>\n<\/td>\n<\/tr>\n<tr>\n<td colspan=\"1\" rowspan=\"1\">\n<div class=\"magic-4\">Betalningsmetod<\/div>\n<\/td>\n<td colspan=\"1\" rowspan=\"1\">\n<div class=\"magic-5\">Handelsf\u00f6rs\u00e4kring, T\/T, PayPal, L\/C<\/div>\n<\/td>\n<td colspan=\"1\" rowspan=\"1\">\n<div class=\"magic-4\">Leveranstid<\/div>\n<\/td>\n<td colspan=\"1\" rowspan=\"1\">\n<div class=\"magic-6\">30-40 dagar f\u00f6r bulkproduktion<\/div>\n<\/td>\n<\/tr>\n<\/tbody>\n<\/table>\n<p>&nbsp;<\/p>\n<p><a href=\"https:\/\/keweicorten.com\/sv\/kontakta-oss\/\"><img fetchpriority=\"high\" decoding=\"async\" class=\"alignnone\" title=\"Verktyg f\u00f6r grillning\" src=\"https:\/\/sc04.alicdn.com\/kf\/H9b17e89c59f247e6beb1bcc143827a07d\/272223269\/H9b17e89c59f247e6beb1bcc143827a07d.jpg\" alt=\"Barbecue Tool grossist, billig, till salu, i lager.\" width=\"700\" height=\"700\" \/><\/a><\/p>\n<p><img decoding=\"async\" class=\"alignnone\" title=\"Verktyg f\u00f6r grillning\" src=\"https:\/\/s.alicdn.com\/@sc04\/kf\/H1dcdec7f57db4c42a12201a3b50f443fd.jpg_720x720q50.jpg\" alt=\"Barbecue Tool grossist, billig, till salu, i lager.\" width=\"700\" height=\"761\" \/><\/p>","protected":false},"excerpt":{"rendered":"<p>En bra grillverktygssats inneh\u00e5ller alla n\u00f6dv\u00e4ndiga verktyg som du beh\u00f6ver f\u00f6r att grilla, inklusive en spatel, t\u00e5ng, grillborste, gaffel och mycket mer. Dessa verktyg \u00e4r tillverkade av h\u00f6gkvalitativa material som \u00e4r h\u00e5llbara, l\u00e4tta att reng\u00f6ra och t\u00e5l h\u00f6ga temperaturer. Med r\u00e4tt verktyg kan du enkelt v\u00e4nda, vrida och servera din mat utan problem.<\/p>","protected":false},"featured_media":1503,"comment_status":"open","ping_status":"closed","template":"","meta":{"_eb_attr":"","_monsterinsights_skip_tracking":false,"_monsterinsights_sitenote_active":false,"_monsterinsights_sitenote_note":"","_monsterinsights_sitenote_category":0,"_uf_show_specific_survey":0,"_uf_disable_surveys":false},"product_brand":[],"product_cat":[49],"product_tag":[],"class_list":{"0":"post-1502","1":"product","2":"type-product","3":"status-publish","4":"has-post-thumbnail","6":"product_cat-bbq-accessories","8":"first","9":"instock","10":"shipping-taxable","11":"product-type-simple"},"_links":{"self":[{"href":"https:\/\/keweicorten.com\/sv\/wp-json\/wp\/v2\/product\/1502"}],"collection":[{"href":"https:\/\/keweicorten.com\/sv\/wp-json\/wp\/v2\/product"}],"about":[{"href":"https:\/\/keweicorten.com\/sv\/wp-json\/wp\/v2\/types\/product"}],"replies":[{"embeddable":true,"href":"https:\/\/keweicorten.com\/sv\/wp-json\/wp\/v2\/comments?post=1502"}],"version-history":[{"count":1,"href":"https:\/\/keweicorten.com\/sv\/wp-json\/wp\/v2\/product\/1502\/revisions"}],"predecessor-version":[{"id":1504,"href":"https:\/\/keweicorten.com\/sv\/wp-json\/wp\/v2\/product\/1502\/revisions\/1504"}],"wp:featuredmedia":[{"embeddable":true,"href":"https:\/\/keweicorten.com\/sv\/wp-json\/wp\/v2\/media\/1503"}],"wp:attachment":[{"href":"https:\/\/keweicorten.com\/sv\/wp-json\/wp\/v2\/media?parent=1502"}],"wp:term":[{"taxonomy":"product_brand","embeddable":true,"href":"https:\/\/keweicorten.com\/sv\/wp-json\/wp\/v2\/product_brand?post=1502"},{"taxonomy":"product_cat","embeddable":true,"href":"https:\/\/keweicorten.com\/sv\/wp-json\/wp\/v2\/product_cat?post=1502"},{"taxonomy":"product_tag","embeddable":true,"href":"https:\/\/keweicorten.com\/sv\/wp-json\/wp\/v2\/product_tag?post=1502"}],"curies":[{"name":"wp","href":"https:\/\/api.w.org\/{rel}","templated":true}]}}