{"id":1538,"date":"2024-09-26T08:58:30","date_gmt":"2024-09-26T08:58:30","guid":{"rendered":"https:\/\/keweicorten.com\/?post_type=product&#038;p=1538"},"modified":"2025-01-15T06:22:11","modified_gmt":"2025-01-15T06:22:11","slug":"kit-for-hemtradgard","status":"publish","type":"product","link":"https:\/\/keweicorten.com\/sv\/kit-for-hemtradgard\/","title":{"rendered":"kit f\u00f6r hemtr\u00e4dg\u00e5rd"},"content":{"rendered":"<p>Tr\u00e4dg\u00e5rdssk\u00f6tsel kan vara en rolig och givande upplevelse, men ibland kan det vara \u00f6verv\u00e4ldigande att veta var man ska b\u00f6rja eller vilka tillbeh\u00f6r man ska anv\u00e4nda. Det \u00e4r d\u00e4r ett tr\u00e4dg\u00e5rdssk\u00f6tselpaket kan vara en bra investering. Dessa kit kommer vanligtvis med alla verktyg och material du beh\u00f6ver f\u00f6r att komma ig\u00e5ng med din tr\u00e4dg\u00e5rd, vilket g\u00f6r det l\u00e4ttare f\u00f6r nyb\u00f6rjare att hoppa direkt in.<\/p>\n<p>En av f\u00f6rdelarna med att anv\u00e4nda ett tr\u00e4dg\u00e5rdskit \u00e4r att det kan hj\u00e4lpa dig att spara pengar i det l\u00e5nga loppet. Ist\u00e4llet f\u00f6r att k\u00f6pa varje enskilt verktyg separat, kommer satsen vanligtvis med en upps\u00e4ttning grundl\u00e4ggande verktyg som en murslev, besk\u00e4rare och vattenkanna, som alla \u00e4r viktiga f\u00f6r alla tr\u00e4dg\u00e5rdar. Dessutom kommer dessa kit ofta med fr\u00f6n eller startplantor, s\u00e5 att du inte beh\u00f6ver spendera extra pengar p\u00e5 v\u00e4xter eller fr\u00f6n fr\u00e5n en plantskola.<\/p>\n<p><b data-spm-anchor-id=\"a2700.details.0.i35.79516fccEpXinR\">TR\u00c4DG\u00c5RD SOM EN PRO-H\u00d6GER UT UR L\u00c5DAN: <\/b>Tr\u00e4dg\u00e5rdsarbete blir roligare med r\u00e4tt verktyg. Vi har fyllt den h\u00e4r verktygsl\u00e5dan med v\u00e5ra mest innovativa och slitstarka rostfria aluminiumverktyg. Varje del \u00e4r utformad f\u00f6r att h\u00e5lla j\u00e4mna steg med ditt mest ivriga tr\u00e4dg\u00e5rdsarbete samtidigt som den \u00e4r tillr\u00e4ckligt l\u00e4tt f\u00f6r arbete hela dagen.<\/p>\n<div class=\"J_module\">\n<div class=\"detail-decorate-json-renderer-container\">\n<div class=\"magic-1\">\n<div class=\"magic-6\" data-spm-anchor-id=\"a2700.details.0.i43.79516fccEpXinR\">\n<div class=\"magic-7\">\n<div class=\"magic-8\" data-spm-anchor-id=\"a2700.details.0.i46.79516fccEpXinR\"><span class=\"magic-9\" style=\"font-family: Arial;\"><span data-spm-anchor-id=\"a2700.details.0.i42.79516fccEpXinR\"><b data-spm-anchor-id=\"a2700.details.0.i45.79516fccEpXinR\">SKYDDA DINA H\u00c4NDER: <\/b>Vi \u00e4lskar att arbeta med v\u00e5ra h\u00e4nder - men vi vill inte att v\u00e5ra h\u00e4nder ska beh\u00f6va lida f\u00f6r det. Det \u00e4r d\u00e4rf\u00f6r vi anv\u00e4nder material som h\u00e5ller. Sleek Series h\u00e5ller fast vid v\u00e5ra nya bambuhandskar f\u00f6r gr\u00e4smattan f\u00f6r att ge avancerat skydd mot huds\u00e5r, sk\u00e4rs\u00e5r och smuts. Sluta anv\u00e4nda de stora, klumpiga handskarna n\u00e4r du g\u00f6r dina sysslor. Med h\u00f6gteknologisk komfort och stil blir varje syssla enklare: Fr\u00e5n garagearbete inomhus till tr\u00e4dg\u00e5rdsarbete utomhus och mycket mer! Det h\u00e4r \u00e4r tr\u00e4dg\u00e5rdshandskar som kvinnor \u00e4lskar, och pappa ocks\u00e5! B\u00e4sta g\u00e5van! <\/span><\/span><span class=\"magic-9\" style=\"font-family: Arial;\"><br \/>\n<\/span><\/div>\n<\/div>\n<\/div>\n<\/div>\n<\/div>\n<\/div>\n<div class=\"J_module\">\n<div class=\"icbu-pc-detailManyImage magic-10\"><\/div>\n<\/div>\n<p><img fetchpriority=\"high\" decoding=\"async\" class=\"\" src=\"https:\/\/sc04.alicdn.com\/kf\/Hbc2591bcee4745e0b4aabf3538f8f051r\/277646274\/Hbc2591bcee4745e0b4aabf3538f8f051r.jpg\" width=\"694\" height=\"694\" \/><\/p>","protected":false},"excerpt":{"rendered":"<p>En annan f\u00f6rdel med att anv\u00e4nda ett tr\u00e4dg\u00e5rdskit \u00e4r att det kan hj\u00e4lpa dig att bli organiserad. Med alla verktyg och material p\u00e5 ett st\u00e4lle beh\u00f6ver du inte oroa dig f\u00f6r att tappa bort eller f\u00f6rl\u00e4gga dem. Dessutom kommer m\u00e5nga tr\u00e4dg\u00e5rdssatser med detaljerade instruktioner eller tips om hur du planterar och tar hand om din tr\u00e4dg\u00e5rd, s\u00e5 att du kan k\u00e4nna dig s\u00e4ker p\u00e5 din f\u00f6rm\u00e5ga att odla friska v\u00e4xter.<\/p>","protected":false},"featured_media":1539,"comment_status":"open","ping_status":"closed","template":"","meta":{"_eb_attr":"","_monsterinsights_skip_tracking":false,"_monsterinsights_sitenote_active":false,"_monsterinsights_sitenote_note":"","_monsterinsights_sitenote_category":0,"_uf_show_specific_survey":0,"_uf_disable_surveys":false},"product_brand":[],"product_cat":[50],"product_tag":[],"class_list":{"0":"post-1538","1":"product","2":"type-product","3":"status-publish","4":"has-post-thumbnail","6":"product_cat-flower-assessories","8":"first","9":"instock","10":"shipping-taxable","11":"product-type-simple"},"_links":{"self":[{"href":"https:\/\/keweicorten.com\/sv\/wp-json\/wp\/v2\/product\/1538"}],"collection":[{"href":"https:\/\/keweicorten.com\/sv\/wp-json\/wp\/v2\/product"}],"about":[{"href":"https:\/\/keweicorten.com\/sv\/wp-json\/wp\/v2\/types\/product"}],"replies":[{"embeddable":true,"href":"https:\/\/keweicorten.com\/sv\/wp-json\/wp\/v2\/comments?post=1538"}],"version-history":[{"count":1,"href":"https:\/\/keweicorten.com\/sv\/wp-json\/wp\/v2\/product\/1538\/revisions"}],"predecessor-version":[{"id":1542,"href":"https:\/\/keweicorten.com\/sv\/wp-json\/wp\/v2\/product\/1538\/revisions\/1542"}],"wp:featuredmedia":[{"embeddable":true,"href":"https:\/\/keweicorten.com\/sv\/wp-json\/wp\/v2\/media\/1539"}],"wp:attachment":[{"href":"https:\/\/keweicorten.com\/sv\/wp-json\/wp\/v2\/media?parent=1538"}],"wp:term":[{"taxonomy":"product_brand","embeddable":true,"href":"https:\/\/keweicorten.com\/sv\/wp-json\/wp\/v2\/product_brand?post=1538"},{"taxonomy":"product_cat","embeddable":true,"href":"https:\/\/keweicorten.com\/sv\/wp-json\/wp\/v2\/product_cat?post=1538"},{"taxonomy":"product_tag","embeddable":true,"href":"https:\/\/keweicorten.com\/sv\/wp-json\/wp\/v2\/product_tag?post=1538"}],"curies":[{"name":"wp","href":"https:\/\/api.w.org\/{rel}","templated":true}]}}