{"id":1543,"date":"2024-09-26T09:05:52","date_gmt":"2024-09-26T09:05:52","guid":{"rendered":"https:\/\/keweicorten.com\/?post_type=product&#038;p=1543"},"modified":"2025-01-15T06:22:01","modified_gmt":"2025-01-15T06:22:01","slug":"corten-light-2","status":"publish","type":"product","link":"https:\/\/keweicorten.com\/sv\/corten-light-2\/","title":{"rendered":"corten light"},"content":{"rendered":"<p>Corten-st\u00e5larmaturer (eller Corten-lampor) kombinerar Corten-st\u00e5lets h\u00e5llbarhet och v\u00e4derbest\u00e4ndighet med funktionaliteten hos utomhus- och dekorationsbelysning. Cortenst\u00e5l, som \u00e4r k\u00e4nt f\u00f6r sin f\u00f6rm\u00e5ga att bilda ett skyddande rostskikt, ger en unik estetik till belysningsdesigner, vilket g\u00f6r det popul\u00e4rt inom landskapsarkitektur, stadsdesign och modern heminredning.<\/p>\n<h3><strong>Viktiga egenskaper hos lampor av cortenst\u00e5l:<\/strong><\/h3>\n<ol>\n<li><strong>V\u00e4derbest\u00e4ndighet<\/strong>:\n<ul>\n<li>Det naturligt bildade rostskiktet p\u00e5 lampor i cortenst\u00e5l skyddar materialet fr\u00e5n ytterligare korrosion, vilket g\u00f6r dem mycket h\u00e5llbara f\u00f6r utomhusbruk i olika v\u00e4derf\u00f6rh\u00e5llanden.<\/li>\n<\/ul>\n<\/li>\n<li><strong>Unik estetik<\/strong>:\n<ul>\n<li>Cortenst\u00e5lets rika, varma patina skapar ett rustikt, industriellt utseende som g\u00f6r det idealiskt f\u00f6r b\u00e5de moderna och traditionella designprojekt. De rostiga, jordn\u00e4ra tonerna sm\u00e4lter harmoniskt samman med naturliga element som sten, tr\u00e4 och gr\u00f6nska.<\/li>\n<\/ul>\n<\/li>\n<li><strong>L\u00e5gt underh\u00e5ll<\/strong>:\n<ul>\n<li>Till skillnad fr\u00e5n andra material som kan beh\u00f6va m\u00e5las eller behandlas \u00e4r lampor i cortenst\u00e5l sj\u00e4lvskyddande. N\u00e4r patinan v\u00e4l har bildats kr\u00e4ver armaturen minimal sk\u00f6tsel.<\/li>\n<\/ul>\n<\/li>\n<li><strong>Anpassning<\/strong>:\n<ul>\n<li>Lampor i cortenst\u00e5l finns i m\u00e5nga olika utf\u00f6randen, t.ex. pollare, g\u00e5ngbelysning, v\u00e4gglampetter och pendellampor. De kan lasersk\u00e4ras med intrikata m\u00f6nster, vilket skapar intressanta ljus- och skuggeffekter.<\/li>\n<\/ul>\n<\/li>\n<\/ol>\n<table style=\"height: 194px;\" border=\"1\" width=\"627\">\n<tbody>\n<tr>\n<td><span data-spm-anchor-id=\"a2700.details.0.i39.11b8133fdmfbId\">Produktens namn\u00a0\u00a0<\/span><\/td>\n<td>\u00a0Hotell Corten st\u00e5l anpassade utomhus tr\u00e4dg\u00e5rdsbelysning<\/td>\n<\/tr>\n<tr>\n<td>Paket<\/td>\n<td>\u00a0Plywood<\/td>\n<\/tr>\n<tr>\n<td>Modellnummer<\/td>\n<td>SHKW-CL-01<\/td>\n<\/tr>\n<tr>\n<td>Material<\/td>\n<td>\u00a0Cortenst\u00e5l<\/td>\n<\/tr>\n<tr>\n<td>Storlek<\/td>\n<td>\u00a0120*120*450mm\/120*120*120*600mm\/120*120*750mm<\/td>\n<\/tr>\n<\/tbody>\n<\/table>\n<p><a href=\"https:\/\/keweicorten.com\/sv\"><img fetchpriority=\"high\" decoding=\"async\" class=\"alignnone\" title=\"ljus\" src=\"https:\/\/sc04.alicdn.com\/kf\/Hbfd36546659b40b8b1012ec41b13121bi\/235950374\/Hbfd36546659b40b8b1012ec41b13121bi.jpg\" alt=\" pollarlampa i cortenf\u00e4rg tr\u00e4dg\u00e5rdslampor i corten v\u00e4gglampor utomhus i corten\" width=\"696\" height=\"348\" \/><\/a><\/p>\n<p><a href=\"https:\/\/keweicorten.com\/sv\/produkter\/\"><img decoding=\"async\" class=\"alignnone\" title=\"ljus\" src=\"https:\/\/sc04.alicdn.com\/kf\/Ha485a993273c4a1abf4c34b1993865875\/235950374\/Ha485a993273c4a1abf4c34b1993865875.jpg\" alt=\"Milj\u00f6-frendly corten f\u00e4rg pollare ljus corten tr\u00e4dg\u00e5rdslampor corten utomhus v\u00e4gglampor\" width=\"700\" height=\"350\" \/><\/a><\/p>","protected":false},"excerpt":{"rendered":"<p>Corten light \u00e4r en otroligt vacker och m\u00e5ngsidig typ av belysning som blir alltmer popul\u00e4r i modern design. Cortenst\u00e5l, \u00e4ven k\u00e4nt som vittringsst\u00e5l, har ett unikt och rustikt utseende som inte \u00f6vertr\u00e4ffas av n\u00e5gon annan typ av material.<\/p>","protected":false},"featured_media":1544,"comment_status":"open","ping_status":"closed","template":"","meta":{"_eb_attr":"","_monsterinsights_skip_tracking":false,"_monsterinsights_sitenote_active":false,"_monsterinsights_sitenote_note":"","_monsterinsights_sitenote_category":0,"_uf_show_specific_survey":0,"_uf_disable_surveys":false},"product_brand":[],"product_cat":[61],"product_tag":[],"class_list":{"0":"post-1543","1":"product","2":"type-product","3":"status-publish","4":"has-post-thumbnail","6":"product_cat-light-post","8":"first","9":"instock","10":"shipping-taxable","11":"product-type-simple"},"_links":{"self":[{"href":"https:\/\/keweicorten.com\/sv\/wp-json\/wp\/v2\/product\/1543"}],"collection":[{"href":"https:\/\/keweicorten.com\/sv\/wp-json\/wp\/v2\/product"}],"about":[{"href":"https:\/\/keweicorten.com\/sv\/wp-json\/wp\/v2\/types\/product"}],"replies":[{"embeddable":true,"href":"https:\/\/keweicorten.com\/sv\/wp-json\/wp\/v2\/comments?post=1543"}],"version-history":[{"count":1,"href":"https:\/\/keweicorten.com\/sv\/wp-json\/wp\/v2\/product\/1543\/revisions"}],"predecessor-version":[{"id":1548,"href":"https:\/\/keweicorten.com\/sv\/wp-json\/wp\/v2\/product\/1543\/revisions\/1548"}],"wp:featuredmedia":[{"embeddable":true,"href":"https:\/\/keweicorten.com\/sv\/wp-json\/wp\/v2\/media\/1544"}],"wp:attachment":[{"href":"https:\/\/keweicorten.com\/sv\/wp-json\/wp\/v2\/media?parent=1543"}],"wp:term":[{"taxonomy":"product_brand","embeddable":true,"href":"https:\/\/keweicorten.com\/sv\/wp-json\/wp\/v2\/product_brand?post=1543"},{"taxonomy":"product_cat","embeddable":true,"href":"https:\/\/keweicorten.com\/sv\/wp-json\/wp\/v2\/product_cat?post=1543"},{"taxonomy":"product_tag","embeddable":true,"href":"https:\/\/keweicorten.com\/sv\/wp-json\/wp\/v2\/product_tag?post=1543"}],"curies":[{"name":"wp","href":"https:\/\/api.w.org\/{rel}","templated":true}]}}