{"id":1549,"date":"2024-09-26T09:12:10","date_gmt":"2024-09-26T09:12:10","guid":{"rendered":"https:\/\/keweicorten.com\/?post_type=product&#038;p=1549"},"modified":"2025-01-15T06:21:51","modified_gmt":"2025-01-15T06:21:51","slug":"led-pollarbelysning-utomhus","status":"publish","type":"product","link":"https:\/\/keweicorten.com\/sv\/led-pollarbelysning-utomhus\/","title":{"rendered":"led pollarbelysning utomhus"},"content":{"rendered":"<h3><strong>Till\u00e4mpningar av ledda pollarlampor utomhus:<\/strong><\/h3>\n<ol>\n<li><strong>Belysning f\u00f6r tr\u00e4dg\u00e5rd och landskap<\/strong>:\n<ul>\n<li>Corten-lampor anv\u00e4nds ofta i tr\u00e4dg\u00e5rdar och landskap f\u00f6r att belysa g\u00e5ngar, framh\u00e4va tr\u00e4d eller v\u00e4xter och f\u00f6rb\u00e4ttra sittplatser utomhus. Deras rustika utseende sm\u00e4lter s\u00f6ml\u00f6st in i naturliga milj\u00f6er.<\/li>\n<\/ul>\n<\/li>\n<li><strong>Stadsmilj\u00f6er och offentliga rum<\/strong>:\n<ul>\n<li>I offentliga parker, torg och g\u00e5ngstr\u00e5k i st\u00e4der anv\u00e4nds lampor av cortenst\u00e5l ofta som pollare eller gatlyktor. Deras v\u00e4derbest\u00e4ndighet g\u00f6r dem idealiska f\u00f6r l\u00e5ngvariga utomhusinstallationer.<\/li>\n<\/ul>\n<\/li>\n<li><strong>Arkitektonisk belysning<\/strong>:\n<ul>\n<li>Ljusarmaturer i Corten blir alltmer popul\u00e4ra i arkitektoniska projekt, monterade p\u00e5 ytterv\u00e4ggar, fasader eller integrerade i uteserveringar, vilket ger b\u00e5de funktion och stil.<\/li>\n<\/ul>\n<\/li>\n<li><strong>Dekorativ f\u00f6r inomhusbruk<\/strong>:\n<ul>\n<li>Inomhus kan Corten-lampor ge moderna hem, kaf\u00e9er eller kommersiella utrymmen en industriell chic look. Pendellampor och v\u00e4gglampetter tillverkade av Corten-st\u00e5l ger en varm, mjuk ljuseffekt tack vare materialets f\u00e4rg och struktur.<\/li>\n<\/ul>\n<\/li>\n<\/ol>\n<h3><strong>F\u00f6rdelar med ledade pollarlampor utomhus:<\/strong><\/h3>\n<ul>\n<li><strong>H\u00e5llbarhet<\/strong>: T\u00e5l tuffa v\u00e4derf\u00f6rh\u00e5llanden utan att f\u00f6rs\u00e4mras.<\/li>\n<li><strong>Milj\u00f6v\u00e4nlig<\/strong>: Inget behov av f\u00e4rg eller ytbel\u00e4ggning; Corten \u00e4r naturligt korrosionsbest\u00e4ndig.<\/li>\n<li><strong>Estetisk tilltalande<\/strong>: Utvecklar en unik patina med tiden, vilket ger ett dynamiskt, f\u00f6r\u00e4nderligt utseende.<\/li>\n<li><strong>M\u00e5ngsidig design<\/strong>: Corten-lampor finns i m\u00e5nga olika former och stilar, vilket m\u00f6jligg\u00f6r kreativa och kundanpassade konstruktioner.<\/li>\n<\/ul>\n<table border=\"1\">\n<tbody>\n<tr>\n<td>Produktens namn<\/td>\n<td>Utomhus Vattent\u00e4t Modern Lawn Light Corten st\u00e5l Landscape Bollard Light<\/td>\n<\/tr>\n<tr>\n<td>Huvuddel R\u00e5material<\/td>\n<td>Cortenst\u00e5l<\/td>\n<\/tr>\n<tr>\n<td>Effekt av LED<\/td>\n<td>10W, 12W<\/td>\n<\/tr>\n<tr>\n<td>IP Grdae<\/td>\n<td>IP65, IP66<\/td>\n<\/tr>\n<tr>\n<td>F\u00e4rg p\u00e5 ytan<\/td>\n<td>Rostig eller anpassad<\/td>\n<\/tr>\n<tr>\n<td>Typ<\/td>\n<td>Acceptera anpassad<\/td>\n<\/tr>\n<\/tbody>\n<\/table>\n<p><a href=\"https:\/\/keweicorten.com\/sv\"><img fetchpriority=\"high\" decoding=\"async\" class=\"alignnone\" title=\"Ledlampor f\u00f6r utomhusbruk\" src=\"https:\/\/sc04.alicdn.com\/kf\/Hdad8686d076d4158871c35c4c66c1fb7s\/252624420\/Hdad8686d076d4158871c35c4c66c1fb7s.jpg\" alt=\"utomhus led lampstolpar Cortenst\u00e5l Landskap Bollard Light\" width=\"751\" height=\"501\" \/><\/a><\/p>\n<p><a href=\"https:\/\/keweicorten.com\/sv\/produkter\/\"><img decoding=\"async\" class=\"alignnone\" title=\"lampa lyktstolpe\" src=\"https:\/\/sc04.alicdn.com\/kf\/Hc3e5b19145ce4d02869cc0b16e531dbat\/232904194\/Hc3e5b19145ce4d02869cc0b16e531dbat.png\" alt=\"lampa lyktstolpe\" width=\"750\" height=\"449\" \/><\/a><\/p>","protected":false},"excerpt":{"rendered":"<p>Lampor i cortenst\u00e5l \u00e4r ett utm\u00e4rkt val f\u00f6r alla som vill skapa l\u00e5ngvarig, underh\u00e5llsfri och visuellt tilltalande belysning f\u00f6r utomhus- eller inomhusmilj\u00f6er. De ger b\u00e5de funktionell belysning och estetiskt v\u00e4rde och passar s\u00f6ml\u00f6st in i naturliga landskap eller modern arkitektonisk design.<\/p>","protected":false},"featured_media":1550,"comment_status":"open","ping_status":"closed","template":"","meta":{"_eb_attr":"","_monsterinsights_skip_tracking":false,"_monsterinsights_sitenote_active":false,"_monsterinsights_sitenote_note":"","_monsterinsights_sitenote_category":0,"_uf_show_specific_survey":0,"_uf_disable_surveys":false},"product_brand":[],"product_cat":[61],"product_tag":[],"class_list":{"0":"post-1549","1":"product","2":"type-product","3":"status-publish","4":"has-post-thumbnail","6":"product_cat-light-post","8":"first","9":"instock","10":"shipping-taxable","11":"product-type-simple"},"_links":{"self":[{"href":"https:\/\/keweicorten.com\/sv\/wp-json\/wp\/v2\/product\/1549"}],"collection":[{"href":"https:\/\/keweicorten.com\/sv\/wp-json\/wp\/v2\/product"}],"about":[{"href":"https:\/\/keweicorten.com\/sv\/wp-json\/wp\/v2\/types\/product"}],"replies":[{"embeddable":true,"href":"https:\/\/keweicorten.com\/sv\/wp-json\/wp\/v2\/comments?post=1549"}],"version-history":[{"count":1,"href":"https:\/\/keweicorten.com\/sv\/wp-json\/wp\/v2\/product\/1549\/revisions"}],"predecessor-version":[{"id":1551,"href":"https:\/\/keweicorten.com\/sv\/wp-json\/wp\/v2\/product\/1549\/revisions\/1551"}],"wp:featuredmedia":[{"embeddable":true,"href":"https:\/\/keweicorten.com\/sv\/wp-json\/wp\/v2\/media\/1550"}],"wp:attachment":[{"href":"https:\/\/keweicorten.com\/sv\/wp-json\/wp\/v2\/media?parent=1549"}],"wp:term":[{"taxonomy":"product_brand","embeddable":true,"href":"https:\/\/keweicorten.com\/sv\/wp-json\/wp\/v2\/product_brand?post=1549"},{"taxonomy":"product_cat","embeddable":true,"href":"https:\/\/keweicorten.com\/sv\/wp-json\/wp\/v2\/product_cat?post=1549"},{"taxonomy":"product_tag","embeddable":true,"href":"https:\/\/keweicorten.com\/sv\/wp-json\/wp\/v2\/product_tag?post=1549"}],"curies":[{"name":"wp","href":"https:\/\/api.w.org\/{rel}","templated":true}]}}