{"id":1581,"date":"2024-09-27T08:37:55","date_gmt":"2024-09-27T08:37:55","guid":{"rendered":"https:\/\/keweicorten.com\/?post_type=product&#038;p=1581"},"modified":"2025-01-15T06:21:36","modified_gmt":"2025-01-15T06:21:36","slug":"cortenlampa","status":"publish","type":"product","link":"https:\/\/keweicorten.com\/sv\/cortenlampa\/","title":{"rendered":"Cortenlampor"},"content":{"rendered":"<p>Lampor i cortenst\u00e5l \u00e4r ett utm\u00e4rkt val f\u00f6r utomhus- och inomhusinredning och kombinerar h\u00e5llbarhet med en unik rostig estetik. De kan komma i olika former, till exempel:<\/p>\n<ol>\n<li><strong>V\u00e4ggsconces<\/strong>: Perfekt f\u00f6r utomhusv\u00e4ggar eller uteplatser.<\/li>\n<li><strong>Bordslampor<\/strong>: L\u00e4mplig f\u00f6r uteservering eller loungeomr\u00e5den.<\/li>\n<li><strong>Golvlampor<\/strong>: Idealisk f\u00f6r att ge h\u00f6jd och intresse till tr\u00e4dg\u00e5rdar eller g\u00e5ngar.<\/li>\n<li><strong>Postljus<\/strong>: Perfekt f\u00f6r att belysa uppfarter eller g\u00e5ngv\u00e4gar.<\/li>\n<li><strong>H\u00e4ngande lampor<\/strong>: Perfekt f\u00f6r t\u00e4ckta uteplatser eller pergolor.<\/li>\n<\/ol>\n<p>Lampor i cortenst\u00e5l kan ha olika wattal beroende p\u00e5 vilken typ av ljusk\u00e4lla som anv\u00e4nds. H\u00e4r \u00e4r n\u00e5gra vanliga wattal f\u00f6r olika typer av lampor:<\/p>\n<ol>\n<li><strong>LED-lampor<\/strong>: Typiskt intervall fr\u00e5n 5W till 20W, vilket ger energieffektivitet och l\u00e5ng livsl\u00e4ngd.<\/li>\n<li><strong>Gl\u00f6dlampor<\/strong>: Vanligtvis mellan 40 och 100 W, men de \u00e4r mindre energieffektiva.<\/li>\n<li><strong>Halogenlampor<\/strong>: Generellt fr\u00e5n 20W till 70W, ger starkt ljus men med kortare livsl\u00e4ngd j\u00e4mf\u00f6rt med LED.<\/li>\n<\/ol>\n<table border=\"1\">\n<tbody>\n<tr>\n<td><span data-spm-anchor-id=\"a2700.details.0.i39.446e5956BnWvBb\">Produktens namn<\/span><\/td>\n<td>Utomhus Vattent\u00e4t Modern Lawn Light Corten st\u00e5l Landscape Bollard Light<\/td>\n<\/tr>\n<tr>\n<td>Huvuddel R\u00e5material<\/td>\n<td data-spm-anchor-id=\"a2700.details.0.i43.446e5956BnWvBb\">Cortenst\u00e5l<\/td>\n<\/tr>\n<tr>\n<td>Effekt av LED<\/td>\n<td>10W, 12W<\/td>\n<\/tr>\n<tr>\n<td>IP Grdae<\/td>\n<td>IP65, IP66<\/td>\n<\/tr>\n<tr>\n<td>F\u00e4rg p\u00e5 ytan<\/td>\n<td>Rostig eller anpassad<\/td>\n<\/tr>\n<tr>\n<td>Typ<\/td>\n<td>Acceptera anpassad<\/td>\n<\/tr>\n<\/tbody>\n<\/table>\n<p>&nbsp;<\/p>\n<p><img fetchpriority=\"high\" decoding=\"async\" class=\"\" src=\"https:\/\/sc04.alicdn.com\/kf\/H46bf762d9ea04031942f9e37b56d1eebI\/255157415\/H46bf762d9ea04031942f9e37b56d1eebI.jpg\" width=\"599\" height=\"599\" \/><\/p>\n<p><img decoding=\"async\" class=\"\" src=\"https:\/\/sc04.alicdn.com\/kf\/Hdad8686d076d4158871c35c4c66c1fb7s\/252624420\/Hdad8686d076d4158871c35c4c66c1fb7s.jpg\" alt=\"Utomhus Vattent\u00e4t Modern Lawn Light Corten st\u00e5l Landscape Bollard Light\" width=\"599\" height=\"400\" \/><\/p>\n<p>&nbsp;<\/p>","protected":false},"excerpt":{"rendered":"<p>Lampor i cortenst\u00e5l \u00e4r ett vackert tillskott till alla utrymmen och ger en touch av modern elegans och industriell k\u00e4nsla. Lamporna \u00e4r tillverkade av vittrat st\u00e5l och har ett unikt rustikt utseende som passar till m\u00e5nga olika inredningsstilar.<\/p>","protected":false},"featured_media":1582,"comment_status":"open","ping_status":"closed","template":"","meta":{"_eb_attr":"","_monsterinsights_skip_tracking":false,"_monsterinsights_sitenote_active":false,"_monsterinsights_sitenote_note":"","_monsterinsights_sitenote_category":0,"_uf_show_specific_survey":0,"_uf_disable_surveys":false},"product_brand":[],"product_cat":[61],"product_tag":[],"class_list":{"0":"post-1581","1":"product","2":"type-product","3":"status-publish","4":"has-post-thumbnail","6":"product_cat-light-post","8":"first","9":"instock","10":"shipping-taxable","11":"product-type-simple"},"_links":{"self":[{"href":"https:\/\/keweicorten.com\/sv\/wp-json\/wp\/v2\/product\/1581"}],"collection":[{"href":"https:\/\/keweicorten.com\/sv\/wp-json\/wp\/v2\/product"}],"about":[{"href":"https:\/\/keweicorten.com\/sv\/wp-json\/wp\/v2\/types\/product"}],"replies":[{"embeddable":true,"href":"https:\/\/keweicorten.com\/sv\/wp-json\/wp\/v2\/comments?post=1581"}],"version-history":[{"count":1,"href":"https:\/\/keweicorten.com\/sv\/wp-json\/wp\/v2\/product\/1581\/revisions"}],"predecessor-version":[{"id":1583,"href":"https:\/\/keweicorten.com\/sv\/wp-json\/wp\/v2\/product\/1581\/revisions\/1583"}],"wp:featuredmedia":[{"embeddable":true,"href":"https:\/\/keweicorten.com\/sv\/wp-json\/wp\/v2\/media\/1582"}],"wp:attachment":[{"href":"https:\/\/keweicorten.com\/sv\/wp-json\/wp\/v2\/media?parent=1581"}],"wp:term":[{"taxonomy":"product_brand","embeddable":true,"href":"https:\/\/keweicorten.com\/sv\/wp-json\/wp\/v2\/product_brand?post=1581"},{"taxonomy":"product_cat","embeddable":true,"href":"https:\/\/keweicorten.com\/sv\/wp-json\/wp\/v2\/product_cat?post=1581"},{"taxonomy":"product_tag","embeddable":true,"href":"https:\/\/keweicorten.com\/sv\/wp-json\/wp\/v2\/product_tag?post=1581"}],"curies":[{"name":"wp","href":"https:\/\/api.w.org\/{rel}","templated":true}]}}