{"id":1613,"date":"2024-09-29T01:53:19","date_gmt":"2024-09-29T01:53:19","guid":{"rendered":"https:\/\/keweicorten.com\/?post_type=product&#038;p=1613"},"modified":"2024-09-29T01:53:19","modified_gmt":"2024-09-29T01:53:19","slug":"stalplat-av-cortenstal-i-klass-b","status":"publish","type":"product","link":"https:\/\/keweicorten.com\/sv\/stalplat-av-cortenstal-i-klass-b\/","title":{"rendered":"Grad B Corten st\u00e5lpl\u00e5t"},"content":{"rendered":"<div>\n<p>Grade B Corten Steel Plate \u00e4r ett h\u00f6gh\u00e5llfast, l\u00e5glegerat konstruktionsst\u00e5l som \u00e4r k\u00e4nt f\u00f6r sina v\u00e4derbest\u00e4ndiga egenskaper, vilket g\u00f6r det idealiskt f\u00f6r utomhusapplikationer. H\u00e4r \u00e4r n\u00e5gra viktiga funktioner:<\/p>\n<ol>\n<li><strong>V\u00e4derbest\u00e4ndighet<\/strong>: Cortenst\u00e5l utvecklar ett skyddande rostskikt som f\u00f6rhindrar ytterligare korrosion, vilket \u00e4r anledningen till att det ofta anv\u00e4nds i arkitektoniska till\u00e4mpningar och utomhuskonstruktioner.<\/li>\n<li><strong>Mekaniska egenskaper<\/strong>: Vanligtvis har den en str\u00e4ckgr\u00e4ns p\u00e5 cirka 50 ksi (345 MPa) och en dragh\u00e5llfasthet p\u00e5 70 ksi (483 MPa).<\/li>\n<li><strong>Till\u00e4mpningar<\/strong>: Anv\u00e4nds ofta i broar, byggnader och skulpturer samt i utem\u00f6bler och konstinstallationer.<\/li>\n<li><strong>Svetsning och tillverkning<\/strong>: Den kan svetsas med vanliga svetstekniker, men f\u00f6rv\u00e4rmning kan vara n\u00f6dv\u00e4ndig i vissa fall f\u00f6r att undvika sprickbildning.<\/li>\n<li><strong>Avsluta<\/strong>: Den naturliga rostf\u00e4rgen ger ett estetiskt tilltal, som ofta \u00f6nskas i modern arkitektur.<\/li>\n<\/ol>\n<h3 data-fontsize=\"19\" data-lineheight=\"26.79px\">Specifikation f\u00f6r Cortenst\u00e5l ASTM A588 Grade B Pl\u00e5t och pl\u00e5t<\/h3>\n<\/div>\n<div>\n<table style=\"height: 494px;\" border=\"1\" width=\"716\" cellspacing=\"0\" cellpadding=\"0\">\n<tbody>\n<tr>\n<td>\n<h4 data-fontsize=\"14\" data-lineheight=\"20.02px\">F\u00f6rem\u00e5l<\/h4>\n<\/td>\n<td>\n<h4 data-fontsize=\"14\" data-lineheight=\"20.02px\">Cortenst\u00e5l<\/h4>\n<\/td>\n<\/tr>\n<tr>\n<td>\n<h4 data-fontsize=\"14\" data-lineheight=\"20.02px\">Standard<\/h4>\n<\/td>\n<td>\n<h4 data-fontsize=\"14\" data-lineheight=\"20.02px\">ASTM A588, A242, EN 10027-1, CR 10260 &amp; IRSM<\/h4>\n<\/td>\n<\/tr>\n<tr>\n<td>\n<h4 data-fontsize=\"14\" data-lineheight=\"20.02px\">Material<\/h4>\n<\/td>\n<td>\n<h4 data-fontsize=\"14\" data-lineheight=\"20.02px\">Corten A , Corten B , S235J0W , S235J2W , S355J0WP , S355J0W , S355J2W , S355K2W , A588 Grade A , A588 Grade B , A588 Grade C , A242 Type 1 , A 588 Gr. K , A 242 Type-2 , IRSM-41<\/h4>\n<\/td>\n<\/tr>\n<tr>\n<td>\n<h4 data-fontsize=\"14\" data-lineheight=\"20.02px\">Tjocklek<\/h4>\n<\/td>\n<td>\n<h4 data-fontsize=\"14\" data-lineheight=\"20.02px\">0,3-500 mm<\/h4>\n<\/td>\n<\/tr>\n<tr>\n<td>\n<h4 data-fontsize=\"14\" data-lineheight=\"20.02px\">Bredd<\/h4>\n<\/td>\n<td>\n<h4 data-fontsize=\"14\" data-lineheight=\"20.02px\">1000-3500 mm<\/h4>\n<\/td>\n<\/tr>\n<tr>\n<td>\n<h4 data-fontsize=\"14\" data-lineheight=\"20.02px\">L\u00e4ngd<\/h4>\n<\/td>\n<td>\n<h4 data-fontsize=\"14\" data-lineheight=\"20.02px\">1000 - 12000 mm<\/h4>\n<\/td>\n<\/tr>\n<\/tbody>\n<\/table>\n<div class=\"uvc-main-heading ult-responsive\" data-ultimate-target=\".uvc-heading.ultimate-heading-772166f8b0eb826fe h2\" data-responsive-json-new=\"{&quot;font-size&quot;:&quot;&quot;,&quot;line-height&quot;:&quot;&quot;}\">\n<p><strong>Corten B pl\u00e5tkvalitet Ekvivalent<\/strong><\/p>\n<\/div>\n<div class=\"uvc-sub-heading ult-responsive\" data-ultimate-target=\".uvc-heading.ultimate-heading-772166f8b0eb826fe .uvc-sub-heading \" data-responsive-json-new=\"{&quot;font-size&quot;:&quot;&quot;,&quot;line-height&quot;:&quot;&quot;}\">\n<table style=\"height: 46px;\" width=\"715\">\n<tbody>\n<tr>\n<td width=\"308\"><strong>St\u00e5lkvalitet<\/strong><\/td>\n<td width=\"308\"><strong>EN 10025-5:2004<\/strong><\/td>\n<\/tr>\n<tr>\n<td width=\"308\">COR-TEN B<\/td>\n<td width=\"308\">S355J0W och S355J2W<\/td>\n<\/tr>\n<\/tbody>\n<\/table>\n<div class=\"three\">Storleksintervall f\u00f6r ASTM A588 gr.B-pl\u00e5t<\/div>\n<div class=\"table-responsive\">\n<table class=\"table table-bordered table-striped table-hover\" style=\"height: 190px;\" width=\"712\">\n<thead>\n<tr>\n<th colspan=\"1\">GRADERING<\/th>\n<th colspan=\"1\">PRODUKTTYP<\/th>\n<th colspan=\"1\">BREDD<br \/>\n(i)<\/th>\n<th colspan=\"1\">TJOCKLEK<br \/>\n(i)<\/th>\n<th colspan=\"1\">L\u00c4NGD<br \/>\n(i)<\/th>\n<\/tr>\n<\/thead>\n<tbody>\n<tr data-index=\"1\" data-offset=\"0\">\n<td rowspan=\"1\">Betyg B<\/td>\n<td rowspan=\"1\">Platta<\/td>\n<td rowspan=\"1\">72 - 120<\/td>\n<td rowspan=\"1\">0.250 - 2.000<\/td>\n<td rowspan=\"1\">240 - 1020<\/td>\n<\/tr>\n<tr data-index=\"0\" data-offset=\"0\">\n<td rowspan=\"1\">Betyg B<\/td>\n<td rowspan=\"1\">Platta<\/td>\n<td rowspan=\"1\">72 - 96<\/td>\n<td rowspan=\"1\">0.188 - 0.500<\/td>\n<td rowspan=\"1\">240 - 720<\/td>\n<\/tr>\n<tr data-index=\"2\" data-offset=\"0\">\n<td rowspan=\"1\">Betyg B<\/td>\n<td rowspan=\"1\">Platta<\/td>\n<td rowspan=\"1\">72 - 131.9<\/td>\n<td rowspan=\"1\">2.01 - 4.90<\/td>\n<td rowspan=\"1\">240 - 1020<\/td>\n<\/tr>\n<\/tbody>\n<\/table>\n<p><a href=\"https:\/\/keweicorten.com\/sv\/produkter\/\"><img fetchpriority=\"high\" decoding=\"async\" class=\"alignnone\" title=\" ASTM A588 klass B \" src=\"https:\/\/th.bing.com\/th\/id\/OIP.ejT7J32EJYNbQj05jy0v0AAAAA?rs=1&amp;pid=ImgDetMain\" alt=\"Till\u00e4mpningen av ASTM A588 Grade B cortenst\u00e5lplattor i landskapsdesign\" width=\"573\" height=\"370\" \/><\/a><\/p>\n<p><a href=\"https:\/\/keweicorten.com\/sv\/kontakta-oss\/\"><img decoding=\"async\" class=\"alignnone\" title=\" ASTM A588 klass B \" src=\"https:\/\/www.gescosteel.com\/photo\/ps32365492-grade_b_corten_steel_plate.jpg\" alt=\"Grad B Corten st\u00e5lpl\u00e5t\" width=\"700\" height=\"499\" \/><\/a><\/p>\n<\/div>\n<\/div>\n<\/div>","protected":false},"excerpt":{"rendered":"<p>ASTM A588 Grade B Corten Steel Plate \u00e4r ett h\u00f6gh\u00e5llfast, l\u00e5glegerat konstruktionsst\u00e5l som \u00e4r avsett f\u00f6r applikationer d\u00e4r motst\u00e5ndskraft mot atmosf\u00e4risk korrosion \u00e4r avg\u00f6rande.<\/p>","protected":false},"featured_media":1614,"comment_status":"open","ping_status":"closed","template":"","meta":{"_eb_attr":"","_monsterinsights_skip_tracking":false,"_monsterinsights_sitenote_active":false,"_monsterinsights_sitenote_note":"","_monsterinsights_sitenote_category":0,"_uf_show_specific_survey":0,"_uf_disable_surveys":false},"product_brand":[],"product_cat":[21],"product_tag":[],"class_list":{"0":"post-1613","1":"product","2":"type-product","3":"status-publish","4":"has-post-thumbnail","6":"product_cat-weather-resistant-steel-plate","8":"first","9":"instock","10":"shipping-taxable","11":"product-type-simple"},"_links":{"self":[{"href":"https:\/\/keweicorten.com\/sv\/wp-json\/wp\/v2\/product\/1613"}],"collection":[{"href":"https:\/\/keweicorten.com\/sv\/wp-json\/wp\/v2\/product"}],"about":[{"href":"https:\/\/keweicorten.com\/sv\/wp-json\/wp\/v2\/types\/product"}],"replies":[{"embeddable":true,"href":"https:\/\/keweicorten.com\/sv\/wp-json\/wp\/v2\/comments?post=1613"}],"version-history":[{"count":1,"href":"https:\/\/keweicorten.com\/sv\/wp-json\/wp\/v2\/product\/1613\/revisions"}],"predecessor-version":[{"id":1615,"href":"https:\/\/keweicorten.com\/sv\/wp-json\/wp\/v2\/product\/1613\/revisions\/1615"}],"wp:featuredmedia":[{"embeddable":true,"href":"https:\/\/keweicorten.com\/sv\/wp-json\/wp\/v2\/media\/1614"}],"wp:attachment":[{"href":"https:\/\/keweicorten.com\/sv\/wp-json\/wp\/v2\/media?parent=1613"}],"wp:term":[{"taxonomy":"product_brand","embeddable":true,"href":"https:\/\/keweicorten.com\/sv\/wp-json\/wp\/v2\/product_brand?post=1613"},{"taxonomy":"product_cat","embeddable":true,"href":"https:\/\/keweicorten.com\/sv\/wp-json\/wp\/v2\/product_cat?post=1613"},{"taxonomy":"product_tag","embeddable":true,"href":"https:\/\/keweicorten.com\/sv\/wp-json\/wp\/v2\/product_tag?post=1613"}],"curies":[{"name":"wp","href":"https:\/\/api.w.org\/{rel}","templated":true}]}}