{"id":1737,"date":"2024-10-10T02:39:56","date_gmt":"2024-10-10T02:39:56","guid":{"rendered":"https:\/\/keweicorten.com\/?post_type=product&#038;p=1737"},"modified":"2024-10-10T02:39:56","modified_gmt":"2024-10-10T02:39:56","slug":"linjar-eldstad","status":"publish","type":"product","link":"https:\/\/keweicorten.com\/sv\/linjar-eldstad\/","title":{"rendered":"linj\u00e4r eldstad"},"content":{"rendered":"<p>A <strong>linj\u00e4r eldstad<\/strong> \u00e4r en elegant och modern eldstad f\u00f6r utomhusbruk som k\u00e4nnetecknas av sin l\u00e5ngstr\u00e4ckta, rektangul\u00e4ra form. Det ger ett elegant s\u00e4tt att njuta av en utomhuseld samtidigt som det fungerar som ett sl\u00e5ende designelement p\u00e5 bakg\u00e5rdar, uteplatser eller kommersiella utrymmen. Linj\u00e4ra eldst\u00e4der anv\u00e4nds ofta i modern design p\u00e5 grund av sina rena linjer och den dramatiska effekten av en l\u00e5ng, kontinuerlig flamma.<\/p>\n<h3><strong>Viktiga egenskaper hos en linj\u00e4r eldstad<\/strong>:<\/h3>\n<ol>\n<li><strong>Rektangul\u00e4r form<\/strong>:\n<ul>\n<li>Det som k\u00e4nnetecknar en linj\u00e4r eldstad \u00e4r dess l\u00e5nga, rektangul\u00e4ra form som skapar ett dj\u00e4rvt och modernt utseende. Dessa eldst\u00e4der kan tillverkas i olika l\u00e4ngder och bredder f\u00f6r att passa olika utrymmen, d\u00e4r de vanligaste \u00e4r 3 till 8 meter l\u00e5nga.<\/li>\n<\/ul>\n<\/li>\n<li><strong>Br\u00e4nnartyper<\/strong>:\n<ul>\n<li><strong>Linj\u00e4ra br\u00e4nnare<\/strong>: Elden i en linj\u00e4r eldstad produceras av en linj\u00e4r br\u00e4nnare som l\u00f6per l\u00e4ngs eldstaden och skapar en kontinuerlig flamma. Dessa br\u00e4nnare \u00e4r vanligtvis tillverkade av rostfritt st\u00e5l f\u00f6r h\u00e5llbarhet och finns i en m\u00e4ngd olika storlekar och v\u00e4rmeeffekter.<\/li>\n<li><strong>H-formade br\u00e4nnare<\/strong>: F\u00f6r bredare linj\u00e4ra eldst\u00e4der kan H-formade br\u00e4nnare anv\u00e4ndas f\u00f6r att s\u00e4kerst\u00e4lla att l\u00e5gan t\u00e4cker hela eldstadens bredd, vilket f\u00f6rb\u00e4ttrar l\u00e5gan visuella effekt.<\/li>\n<\/ul>\n<\/li>\n<li><strong>Br\u00e4nsletyper<\/strong>:\n<ul>\n<li><strong>Naturgas<\/strong>: Naturgas \u00e4r ett popul\u00e4rt alternativ f\u00f6r linj\u00e4ra eldst\u00e4der eftersom det ger en kontinuerlig br\u00e4nslek\u00e4lla, vilket \u00e4r perfekt f\u00f6r l\u00e4ngre, permanenta installationer. Eldst\u00e4der med naturgas \u00e4r idealiska f\u00f6r dem som har tillg\u00e5ng till en naturgasledning.<\/li>\n<li><strong>Propan<\/strong>: Propan \u00e4r ett annat vanligt br\u00e4nsleval, s\u00e4rskilt f\u00f6r b\u00e4rbara eller frist\u00e5ende eldst\u00e4der. Propantankar \u00e4r vanligtvis placerade i ett dolt utrymme i eldstaden eller i n\u00e4rheten.<\/li>\n<\/ul>\n<\/li>\n<\/ol>\n<p><a href=\"https:\/\/keweicorten.com\/sv\"><img fetchpriority=\"high\" decoding=\"async\" class=\"alignnone\" title=\"eldstad f\u00f6r utomhusbruk med naturgas\" src=\"https:\/\/sc04.alicdn.com\/kf\/H52e6bcd9904f4d2a9102ec238c91768ay\/253038816\/H52e6bcd9904f4d2a9102ec238c91768ay.jpg\" alt=\"naturgas utomhus eldstad Kina,pris,tillverkare -keweicorten\" width=\"650\" height=\"633\" \/><\/a><\/p>\n<p><a href=\"https:\/\/keweicorten.com\/sv\"><img decoding=\"async\" class=\"alignnone\" title=\"eldbord f\u00f6r uteplats propan\" src=\"https:\/\/sc04.alicdn.com\/kf\/H3f02dadd23c941dda19a57fe79c332192\/253038816\/H3f02dadd23c941dda19a57fe79c332192.jpg\" alt=\"patio eldbord propan grossist, billig, till salu -keweicorten\" width=\"650\" height=\"650\" \/><\/a><\/p>\n<p><a href=\"https:\/\/keweicorten.com\/sv\"><img decoding=\"async\" class=\"alignnone\" title=\"eldstad f\u00f6r uteplats med propan\" src=\"https:\/\/sc04.alicdn.com\/kf\/Hc4668a57968f47a79ea621618e39adc8G\/253038816\/Hc4668a57968f47a79ea621618e39adc8G.jpg\" alt=\"propan uteplats \u00f6ppen spis ,tillverkare, leverant\u00f6rer, kundanpassade -keweicorten\" width=\"650\" height=\"650\" \/><\/a><\/p>","protected":false},"excerpt":{"rendered":"<p>Material f\u00f6r bricka och r\u00f6r: h\u00f6gkvalitativt 18 gauge 304 rostfritt st\u00e5l g\u00f6r denna br\u00e4nnare och panna h\u00e5llbar och l\u00e5ngvarig.<\/p>\n<div>Br\u00e4nsle: LPG &amp; Natural Gas konvertibel, Effekt: 30000-60000 BTU, Inklusive: elektroniskt t\u00e4ndsystem, flamavk\u00e4nnande termoelement, anslutning f\u00f6r propantank, regulator och reglerventil f\u00f6r flamjustering.<br \/>\nDetta \u00e4r en komplett br\u00e4nnarsats som inte kr\u00e4ver n\u00e5gra extra delar (eldglas och AA-batteri ing\u00e5r inte).<\/div>","protected":false},"featured_media":1738,"comment_status":"open","ping_status":"closed","template":"","meta":{"_eb_attr":"","_monsterinsights_skip_tracking":false,"_monsterinsights_sitenote_active":false,"_monsterinsights_sitenote_note":"","_monsterinsights_sitenote_category":0,"_uf_show_specific_survey":0,"_uf_disable_surveys":false},"product_brand":[],"product_cat":[20],"product_tag":[],"class_list":{"0":"post-1737","1":"product","2":"type-product","3":"status-publish","4":"has-post-thumbnail","6":"product_cat-fire-pit","8":"first","9":"instock","10":"shipping-taxable","11":"product-type-simple"},"_links":{"self":[{"href":"https:\/\/keweicorten.com\/sv\/wp-json\/wp\/v2\/product\/1737"}],"collection":[{"href":"https:\/\/keweicorten.com\/sv\/wp-json\/wp\/v2\/product"}],"about":[{"href":"https:\/\/keweicorten.com\/sv\/wp-json\/wp\/v2\/types\/product"}],"replies":[{"embeddable":true,"href":"https:\/\/keweicorten.com\/sv\/wp-json\/wp\/v2\/comments?post=1737"}],"version-history":[{"count":1,"href":"https:\/\/keweicorten.com\/sv\/wp-json\/wp\/v2\/product\/1737\/revisions"}],"predecessor-version":[{"id":1739,"href":"https:\/\/keweicorten.com\/sv\/wp-json\/wp\/v2\/product\/1737\/revisions\/1739"}],"wp:featuredmedia":[{"embeddable":true,"href":"https:\/\/keweicorten.com\/sv\/wp-json\/wp\/v2\/media\/1738"}],"wp:attachment":[{"href":"https:\/\/keweicorten.com\/sv\/wp-json\/wp\/v2\/media?parent=1737"}],"wp:term":[{"taxonomy":"product_brand","embeddable":true,"href":"https:\/\/keweicorten.com\/sv\/wp-json\/wp\/v2\/product_brand?post=1737"},{"taxonomy":"product_cat","embeddable":true,"href":"https:\/\/keweicorten.com\/sv\/wp-json\/wp\/v2\/product_cat?post=1737"},{"taxonomy":"product_tag","embeddable":true,"href":"https:\/\/keweicorten.com\/sv\/wp-json\/wp\/v2\/product_tag?post=1737"}],"curies":[{"name":"wp","href":"https:\/\/api.w.org\/{rel}","templated":true}]}}