{"id":1896,"date":"2024-11-05T02:16:01","date_gmt":"2024-11-05T02:16:01","guid":{"rendered":"https:\/\/keweicorten.com\/?post_type=product&#038;p=1896"},"modified":"2024-11-05T02:16:09","modified_gmt":"2024-11-05T02:16:09","slug":"kantlist-av-bockad-brada","status":"publish","type":"product","link":"https:\/\/keweicorten.com\/sv\/kantlist-av-bockad-brada\/","title":{"rendered":"Kantlist av bockad br\u00e4da"},"content":{"rendered":"<p><strong>Bender board kantar en m\u00e4ngd olika storlekar:<\/strong><\/p>\n<p>Specifikation 1060*160*1,5mm\/ (6,3\u2033)<\/p>\n<p>6 st\/styck, f\u00f6rpackningsstorlek 109*17,5*3,5cm, bruttovikt 6,8kg.<\/p>\n<p>Specifikation 1060*200*1,5mm\/ (7,9\u2033)<\/p>\n<p>6 st\/styck, f\u00f6rpackningsstorlek 109*22*3,6cm, bruttovikt 9,8kg.<\/p>\n<p>Specifikation 1060*240*1,5mm\/ (9,4\u2033)<\/p>\n<p>6 st\/styck, f\u00f6rpackningsstorlek 109*25,5*3,5cm, bruttovikt 12,75kg.<\/p>\n<p><a href=\"https:\/\/keweicorten.com\/sv\/produktkategori\/tradgardsdekor\/\"><img fetchpriority=\"high\" decoding=\"async\" class=\"alignnone\" title=\"Kantlist av bockad br\u00e4da\" src=\"https:\/\/cbu01.alicdn.com\/img\/ibank\/O1CN0185i5wt29wyAfFETAs_!!2210002088133-0-cib.jpg\" alt=\"b\u00f6jbr\u00e4da kantning Fabrik,Kina,pris,keweicorten\" width=\"676\" height=\"512\" \/><\/a><\/p>\n<p>Produktnamn: Tr\u00e4dg\u00e5rdskant bockning br\u00e4da kantning<br \/>\nF\u00e4rg och material: Svart - galvaniserat st\u00e5l, rost - v\u00e4derbest\u00e4ndigt st\u00e5l<br \/>\nHeight :16\/20\/24cm(6.3\u2033\/7.9\u2033\/9.4\u2033)<br \/>\nL\u00e4ngd :1.06m(41.7\u2033)<br \/>\nTjocklek :1.5mm(0.06\u2033)<\/p>\n<p><a href=\"https:\/\/keweicorten.com\/sv\/produkter\/\"><img decoding=\"async\" class=\"alignnone wp-image-1900\" title=\"Kantlist av bockad br\u00e4da\" src=\"https:\/\/keweicorten.com\/wp-content\/uploads\/2024\/11\/metal-garden-edging.jpg\" alt=\"leverant\u00f6rer av kantlister f\u00f6r b\u00f6jskivor, kundanpassade keweicorten\" width=\"681\" height=\"237\" srcset=\"https:\/\/keweicorten.com\/wp-content\/uploads\/2024\/11\/metal-garden-edging.jpg 790w, https:\/\/keweicorten.com\/wp-content\/uploads\/2024\/11\/metal-garden-edging-300x104.jpg 300w, https:\/\/keweicorten.com\/wp-content\/uploads\/2024\/11\/metal-garden-edging-768x267.jpg 768w, https:\/\/keweicorten.com\/wp-content\/uploads\/2024\/11\/metal-garden-edging-18x6.jpg 18w, https:\/\/keweicorten.com\/wp-content\/uploads\/2024\/11\/metal-garden-edging-600x209.jpg 600w\" sizes=\"(max-width: 681px) 100vw, 681px\" \/><\/a><\/p>\n<p>Metallmaterial, kan anv\u00e4ndas under l\u00e5ng tidDen tandformade bottenspiken g\u00f6r installationen enkel.<\/p>\n<p><a href=\"https:\/\/keweicorten.com\/sv\/produkter\/\"><img decoding=\"async\" class=\"alignnone wp-image-1897\" title=\"Kantlist av bockad br\u00e4da\" src=\"https:\/\/keweicorten.com\/wp-content\/uploads\/2024\/11\/\u5fae\u4fe1\u56fe\u7247_20241105095152-300x232.png\" alt=\"Bender board kantning grossist, billig, till salu, i lager-keweicorten\" width=\"346\" height=\"268\" srcset=\"https:\/\/keweicorten.com\/wp-content\/uploads\/2024\/11\/\u5fae\u4fe1\u56fe\u7247_20241105095152-300x232.png 300w, https:\/\/keweicorten.com\/wp-content\/uploads\/2024\/11\/\u5fae\u4fe1\u56fe\u7247_20241105095152-16x12.png 16w, https:\/\/keweicorten.com\/wp-content\/uploads\/2024\/11\/\u5fae\u4fe1\u56fe\u7247_20241105095152-600x463.png 600w, https:\/\/keweicorten.com\/wp-content\/uploads\/2024\/11\/\u5fae\u4fe1\u56fe\u7247_20241105095152.png 751w\" sizes=\"(max-width: 346px) 100vw, 346px\" \/><\/a> <a href=\"https:\/\/keweicorten.com\/sv\/produkter\/\"><img loading=\"lazy\" decoding=\"async\" class=\"alignnone wp-image-1898\" title=\"kantning av tr\u00e4dg\u00e5rd\" src=\"https:\/\/keweicorten.com\/wp-content\/uploads\/2024\/11\/garden-edging.png\" alt=\"tr\u00e4dg\u00e5rdskantning grossist, billig, till salu, i lager -keweicorten\" width=\"336\" height=\"260\" srcset=\"https:\/\/keweicorten.com\/wp-content\/uploads\/2024\/11\/garden-edging.png 751w, https:\/\/keweicorten.com\/wp-content\/uploads\/2024\/11\/garden-edging-300x232.png 300w, https:\/\/keweicorten.com\/wp-content\/uploads\/2024\/11\/garden-edging-16x12.png 16w, https:\/\/keweicorten.com\/wp-content\/uploads\/2024\/11\/garden-edging-600x463.png 600w\" sizes=\"(max-width: 336px) 100vw, 336px\" \/><\/a><\/p>\n<p>Specifikationer st\u00f6der anpassningM\u00f6t behoven i olika scenarier.<\/p>\n<p><a href=\"https:\/\/keweicorten.com\/sv\/produkter\/\"><img loading=\"lazy\" decoding=\"async\" class=\"alignnone wp-image-1901\" title=\"Kantlist av bockad br\u00e4da\" src=\"https:\/\/keweicorten.com\/wp-content\/uploads\/2024\/11\/corten-edging-1.png\" alt=\"bockning br\u00e4da kantning porslin,pris,tillverkare,leverant\u00f6rer,-keweicorten\" width=\"693\" height=\"433\" srcset=\"https:\/\/keweicorten.com\/wp-content\/uploads\/2024\/11\/corten-edging-1.png 731w, https:\/\/keweicorten.com\/wp-content\/uploads\/2024\/11\/corten-edging-1-300x188.png 300w, https:\/\/keweicorten.com\/wp-content\/uploads\/2024\/11\/corten-edging-1-18x12.png 18w, https:\/\/keweicorten.com\/wp-content\/uploads\/2024\/11\/corten-edging-1-600x375.png 600w\" sizes=\"(max-width: 693px) 100vw, 693px\" \/><\/a><\/p>\n<p>God flexibilitet och kan b\u00f6jasPraktiska b\u00f6jda former f\u00f6r din tr\u00e4dg\u00e5rd.<\/p>\n<p><a href=\"https:\/\/keweicorten.com\/sv\/produkter\/\"><img loading=\"lazy\" decoding=\"async\" class=\"alignnone wp-image-1902 size-full\" title=\"Kantlist av bockad br\u00e4da\" src=\"https:\/\/keweicorten.com\/wp-content\/uploads\/2024\/11\/corten-garden-edging.png\" alt=\"grossist, billig, till salu, i lager. grossist, billig, till salu, i lager.keweicorten\" width=\"693\" height=\"565\" srcset=\"https:\/\/keweicorten.com\/wp-content\/uploads\/2024\/11\/corten-garden-edging.png 693w, https:\/\/keweicorten.com\/wp-content\/uploads\/2024\/11\/corten-garden-edging-300x245.png 300w, https:\/\/keweicorten.com\/wp-content\/uploads\/2024\/11\/corten-garden-edging-15x12.png 15w, https:\/\/keweicorten.com\/wp-content\/uploads\/2024\/11\/corten-garden-edging-600x489.png 600w\" sizes=\"(max-width: 693px) 100vw, 693px\" \/><\/a><\/p>\n<p>Sp\u00e4nne desian f\u00f6r enkel skarvningSl\u00e4t kant utan grader.<\/p>\n<p><a href=\"https:\/\/keweicorten.com\/sv\/produkter\/\"><img loading=\"lazy\" decoding=\"async\" class=\"alignnone wp-image-1903\" title=\"Kantlist av bockad br\u00e4da\" src=\"https:\/\/keweicorten.com\/wp-content\/uploads\/2024\/11\/garden-edge.png\" alt=\"Bender board kantlist tillverkare, leverant\u00f6rer, kundanpassade -keweicorten\" width=\"700\" height=\"617\" srcset=\"https:\/\/keweicorten.com\/wp-content\/uploads\/2024\/11\/garden-edge.png 770w, https:\/\/keweicorten.com\/wp-content\/uploads\/2024\/11\/garden-edge-300x264.png 300w, https:\/\/keweicorten.com\/wp-content\/uploads\/2024\/11\/garden-edge-768x676.png 768w, https:\/\/keweicorten.com\/wp-content\/uploads\/2024\/11\/garden-edge-14x12.png 14w, https:\/\/keweicorten.com\/wp-content\/uploads\/2024\/11\/garden-edge-600x528.png 600w\" sizes=\"(max-width: 700px) 100vw, 700px\" \/><\/a><\/p>","protected":false},"excerpt":{"rendered":"<p>Bender board edging ger den perfekta l\u00f6sningen f\u00f6r ditt tr\u00e4dg\u00e5rdsprojekt. H\u00e5llbar och enkel att installera, du kan enkelt uppn\u00e5 vacker landskapsdesign.<\/p>","protected":false},"featured_media":1904,"comment_status":"open","ping_status":"closed","template":"","meta":{"_eb_attr":"","_monsterinsights_skip_tracking":false,"_monsterinsights_sitenote_active":false,"_monsterinsights_sitenote_note":"","_monsterinsights_sitenote_category":0,"_uf_show_specific_survey":0,"_uf_disable_surveys":false},"product_brand":[],"product_cat":[22],"product_tag":[],"class_list":{"0":"post-1896","1":"product","2":"type-product","3":"status-publish","4":"has-post-thumbnail","6":"product_cat-garden-art","8":"first","9":"instock","10":"shipping-taxable","11":"product-type-simple"},"_links":{"self":[{"href":"https:\/\/keweicorten.com\/sv\/wp-json\/wp\/v2\/product\/1896"}],"collection":[{"href":"https:\/\/keweicorten.com\/sv\/wp-json\/wp\/v2\/product"}],"about":[{"href":"https:\/\/keweicorten.com\/sv\/wp-json\/wp\/v2\/types\/product"}],"replies":[{"embeddable":true,"href":"https:\/\/keweicorten.com\/sv\/wp-json\/wp\/v2\/comments?post=1896"}],"version-history":[{"count":1,"href":"https:\/\/keweicorten.com\/sv\/wp-json\/wp\/v2\/product\/1896\/revisions"}],"predecessor-version":[{"id":1909,"href":"https:\/\/keweicorten.com\/sv\/wp-json\/wp\/v2\/product\/1896\/revisions\/1909"}],"wp:featuredmedia":[{"embeddable":true,"href":"https:\/\/keweicorten.com\/sv\/wp-json\/wp\/v2\/media\/1904"}],"wp:attachment":[{"href":"https:\/\/keweicorten.com\/sv\/wp-json\/wp\/v2\/media?parent=1896"}],"wp:term":[{"taxonomy":"product_brand","embeddable":true,"href":"https:\/\/keweicorten.com\/sv\/wp-json\/wp\/v2\/product_brand?post=1896"},{"taxonomy":"product_cat","embeddable":true,"href":"https:\/\/keweicorten.com\/sv\/wp-json\/wp\/v2\/product_cat?post=1896"},{"taxonomy":"product_tag","embeddable":true,"href":"https:\/\/keweicorten.com\/sv\/wp-json\/wp\/v2\/product_tag?post=1896"}],"curies":[{"name":"wp","href":"https:\/\/api.w.org\/{rel}","templated":true}]}}