{"id":2860,"date":"2024-12-17T02:38:43","date_gmt":"2024-12-17T02:38:43","guid":{"rendered":"https:\/\/keweicorten.com\/?post_type=product&#038;p=2860"},"modified":"2025-01-15T06:13:36","modified_gmt":"2025-01-15T06:13:36","slug":"eldstad-skal-2","status":"publish","type":"product","link":"https:\/\/keweicorten.com\/sv\/eldstad-skal-2\/","title":{"rendered":"Eldstadssk\u00e5l"},"content":{"rendered":"<p>Med populariteten av utomhuslivsstilen har Fire Pit Bowl blivit ett popul\u00e4rt val f\u00f6r tr\u00e4dg\u00e5rdar, uteplatser och g\u00e5rdar. Oavsett om du spenderar tid med din familj eller l\u00e4gger till atmosf\u00e4ren vid en samling av v\u00e4nner, kan en vackert utformad eldstadsk\u00e5l ta centrum.<\/p>\n<h2>F\u00f6rdelar med eldstaden Bowl:<\/h2>\n<ul>\n<li>Modedesign<br \/>\nEldstadssk\u00e5lens enkla design passar till en m\u00e4ngd olika stilar utomhus, fr\u00e5n modern till vintage, och kan l\u00e4tt matchas.<\/li>\n<li>Cortenst\u00e5l Vittrande st\u00e5l: Korrosionsbest\u00e4ndigt, naturligt rostutseende, l\u00e5gt underh\u00e5ll och h\u00e5llbart.<br \/>\nL\u00e4tt att installera och flytta<br \/>\nJ\u00e4mf\u00f6rt med den traditionella fasta eldstaden \u00e4r eldstadssk\u00e5len mer flexibel och kan placeras eller flyttas efter behag f\u00f6r att m\u00f6ta behoven i olika scenarier.<\/li>\n<li>L\u00e4mplig f\u00f6r alla \u00e5rstider<br \/>\nOavsett om det \u00e4r en kall vinterdag eller en sval sommarnatt ger Fire Pit-sk\u00e5len en mysig och varm upplevelse i ditt utomhusutrymme.<\/li>\n<\/ul>\n<p><a href=\"https:\/\/keweicorten.com\/sv\/produkter\/\"><img fetchpriority=\"high\" decoding=\"async\" class=\"alignnone wp-image-2861 size-full\" title=\"eldstad sk\u00e5l\" src=\"https:\/\/keweicorten.com\/wp-content\/uploads\/2024\/12\/\u5fae\u4fe1\u56fe\u7247_20230516113533.jpg\" alt=\"eldstad sk\u00e5l grossist, billig, till salu, i lager. -keweicorten\" width=\"700\" height=\"500\" srcset=\"https:\/\/keweicorten.com\/wp-content\/uploads\/2024\/12\/\u5fae\u4fe1\u56fe\u7247_20230516113533.jpg 700w, https:\/\/keweicorten.com\/wp-content\/uploads\/2024\/12\/\u5fae\u4fe1\u56fe\u7247_20230516113533-300x214.jpg 300w, https:\/\/keweicorten.com\/wp-content\/uploads\/2024\/12\/\u5fae\u4fe1\u56fe\u7247_20230516113533-18x12.jpg 18w, https:\/\/keweicorten.com\/wp-content\/uploads\/2024\/12\/\u5fae\u4fe1\u56fe\u7247_20230516113533-600x429.jpg 600w\" sizes=\"(max-width: 700px) 100vw, 700px\" \/><\/a><\/p>\n<p><strong>Till\u00e4mpningsscenarier f\u00f6r Fire Pit Bowl<\/strong><br \/>\nFest p\u00e5 innerg\u00e5rden: Varm eld, skapar en romantisk social atmosf\u00e4r f\u00f6r familj och v\u00e4nner.<br \/>\nInredning av terrassen: Med hj\u00e4lp av utem\u00f6bler kan du f\u00f6rh\u00f6ja rummets smak och komfort.<br \/>\nKommersiell anv\u00e4ndning: uteserveringar f\u00f6r restauranger och kaf\u00e9er f\u00f6r att locka kunder att stanna kvar.<\/p>\n<p><strong>Varf\u00f6r v\u00e4lja v\u00e5r Fire Pit Bowl?\u00a0 \u00a0 \u00a0 \u00a0 \u00a0 \u00a0 \u00a0 \u00a0 \u00a0 \u00a0 \u00a0 \u00a0 \u00a0\u00a0 \u00a0 \u00a0 \u00a0 \u00a0 \u00a0 \u00a0 \u00a0 \u00a0\u00a0<\/strong><\/p>\n<ol>\n<li>H\u00f6gkvalitativt material f\u00f6r att s\u00e4kerst\u00e4lla produktens h\u00e5llbarhet.<\/li>\n<li>Olika stilar f\u00f6r att m\u00f6ta behoven i olika scenarier.<\/li>\n<li>Anpassad service, enligt kundens krav f\u00f6r att designa en unik eldstadsk\u00e5l.<\/li>\n<li>Global distribution, effektiv logistik, s\u00e4kerst\u00e4ller leverans i tid.<\/li>\n<\/ol>\n<p><a href=\"https:\/\/keweicorten.com\/sv\/kontakta-oss\/\"><img decoding=\"async\" class=\"alignnone wp-image-2862 size-full\" title=\"eldstad i st\u00e5l\" src=\"https:\/\/keweicorten.com\/wp-content\/uploads\/2024\/12\/15.jpg\" alt=\"st\u00e5l eldstad Fabrik,Kina,pris,tillverkare,leverant\u00f6rer,kundanpassade-keweicorten\" width=\"750\" height=\"750\" srcset=\"https:\/\/keweicorten.com\/wp-content\/uploads\/2024\/12\/15.jpg 750w, https:\/\/keweicorten.com\/wp-content\/uploads\/2024\/12\/15-300x300.jpg 300w, https:\/\/keweicorten.com\/wp-content\/uploads\/2024\/12\/15-150x150.jpg 150w, https:\/\/keweicorten.com\/wp-content\/uploads\/2024\/12\/15-12x12.jpg 12w, https:\/\/keweicorten.com\/wp-content\/uploads\/2024\/12\/15-600x600.jpg 600w, https:\/\/keweicorten.com\/wp-content\/uploads\/2024\/12\/15-100x100.jpg 100w\" sizes=\"(max-width: 750px) 100vw, 750px\" \/><\/a><\/p>\n<p>VANLIGA FR\u00c5GOR OCH SVAR:<br \/>\nBeh\u00f6ver eldstadens sk\u00e5l underh\u00e5llas?<br \/>\nCorten Steels eldstadssk\u00e5lar \u00e4r i det n\u00e4rmaste underh\u00e5llsfria och rostskiktet p\u00e5 utsidan skapar en naturlig skyddsbarri\u00e4r.<\/p>\n<p>\u00c4r eldstadens sk\u00e5l s\u00e4ker?<br \/>\nH\u00e5ll ett s\u00e4kert avst\u00e5nd vid anv\u00e4ndning, h\u00e5ll barn och husdjur borta fr\u00e5n brandk\u00e4llor och f\u00f6lj riktlinjerna f\u00f6r s\u00e4ker hantering.<\/p>\n<p>Hur reng\u00f6r man en eldstadsk\u00e5l?<br \/>\nEfter kylning, reng\u00f6r askan och torka av ytan med en fuktig trasa. H\u00e5ll torrt och f\u00f6rvara.<\/p>","protected":false},"excerpt":{"rendered":"<p>En uts\u00f6kt eldstadssk\u00e5l \u00e4r inte bara en praktisk uppv\u00e4rmningsanordning f\u00f6r utomhusbruk utan ocks\u00e5 ett vackert stycke dekorativ konst. Fyll ditt utomhusutrymme med v\u00e4rme och vitalitet.<\/p>","protected":false},"featured_media":2863,"comment_status":"open","ping_status":"closed","template":"","meta":{"_eb_attr":"","_monsterinsights_skip_tracking":false,"_monsterinsights_sitenote_active":false,"_monsterinsights_sitenote_note":"","_monsterinsights_sitenote_category":0,"_uf_show_specific_survey":0,"_uf_disable_surveys":false},"product_brand":[],"product_cat":[54],"product_tag":[],"class_list":{"0":"post-2860","1":"product","2":"type-product","3":"status-publish","4":"has-post-thumbnail","6":"product_cat-wood-fire-pit","8":"first","9":"instock","10":"shipping-taxable","11":"product-type-simple"},"_links":{"self":[{"href":"https:\/\/keweicorten.com\/sv\/wp-json\/wp\/v2\/product\/2860"}],"collection":[{"href":"https:\/\/keweicorten.com\/sv\/wp-json\/wp\/v2\/product"}],"about":[{"href":"https:\/\/keweicorten.com\/sv\/wp-json\/wp\/v2\/types\/product"}],"replies":[{"embeddable":true,"href":"https:\/\/keweicorten.com\/sv\/wp-json\/wp\/v2\/comments?post=2860"}],"version-history":[{"count":1,"href":"https:\/\/keweicorten.com\/sv\/wp-json\/wp\/v2\/product\/2860\/revisions"}],"predecessor-version":[{"id":2867,"href":"https:\/\/keweicorten.com\/sv\/wp-json\/wp\/v2\/product\/2860\/revisions\/2867"}],"wp:featuredmedia":[{"embeddable":true,"href":"https:\/\/keweicorten.com\/sv\/wp-json\/wp\/v2\/media\/2863"}],"wp:attachment":[{"href":"https:\/\/keweicorten.com\/sv\/wp-json\/wp\/v2\/media?parent=2860"}],"wp:term":[{"taxonomy":"product_brand","embeddable":true,"href":"https:\/\/keweicorten.com\/sv\/wp-json\/wp\/v2\/product_brand?post=2860"},{"taxonomy":"product_cat","embeddable":true,"href":"https:\/\/keweicorten.com\/sv\/wp-json\/wp\/v2\/product_cat?post=2860"},{"taxonomy":"product_tag","embeddable":true,"href":"https:\/\/keweicorten.com\/sv\/wp-json\/wp\/v2\/product_tag?post=2860"}],"curies":[{"name":"wp","href":"https:\/\/api.w.org\/{rel}","templated":true}]}}