{"id":2999,"date":"2024-12-25T07:01:12","date_gmt":"2024-12-25T07:01:12","guid":{"rendered":"https:\/\/keweicorten.com\/?post_type=product&#038;p=2999"},"modified":"2025-01-15T06:12:44","modified_gmt":"2025-01-15T06:12:44","slug":"barbecue-corten","status":"publish","type":"product","link":"https:\/\/keweicorten.com\/sv\/barbecue-corten\/","title":{"rendered":"Barbecue Corten"},"content":{"rendered":"<h2 data-pm-slice=\"1 3 []\">Barbeque Cortenst\u00e5l: Det perfekta valet f\u00f6r matlagningsentusiaster utomhus<\/h2>\n<p>Om du brinner f\u00f6r utomhusmatlagning och vill f\u00f6rh\u00f6ja din grillupplevelse \u00e4r en grill tillverkad av cortenst\u00e5l en fantastisk l\u00f6sning. Grillarna i cortenst\u00e5l kombinerar funktionalitet, h\u00e5llbarhet och estetik och har blivit alltmer popul\u00e4ra bland matlagningsentusiaster utomhus. Detta material \u00e4r ett utm\u00e4rkt val f\u00f6r din n\u00e4sta BBQ-installation.<\/p>\n<h4>Vad \u00e4r Cortenst\u00e5l?<\/h4>\n<p>Cortenst\u00e5l, \u00e4ven kallat vittringsst\u00e5l, \u00e4r en typ av st\u00e5llegering som \u00e4r konstruerad f\u00f6r att bilda ett stabilt rostliknande utseende efter exponering f\u00f6r v\u00e4der och vind. Denna unika egenskap g\u00f6r det visuellt sl\u00e5ende och mycket motst\u00e5ndskraftigt mot korrosion. Till skillnad fr\u00e5n traditionellt st\u00e5l utvecklar cortenst\u00e5l en skyddande patina med tiden, som skyddar materialet fr\u00e5n ytterligare skador och s\u00e4kerst\u00e4ller l\u00e5ngvarig prestanda.<\/p>\n<h4>F\u00f6rdelarna med en grill i cortenst\u00e5l<\/h4>\n<ol start=\"1\" data-spread=\"true\">\n<li><strong>H\u00e5llbarhet och livsl\u00e4ngd<\/strong> Cortenst\u00e5l \u00e4r konstruerat f\u00f6r att klara tuffa v\u00e4derf\u00f6rh\u00e5llanden, vilket g\u00f6r det idealiskt f\u00f6r utomhusbruk. Dess korrosionsbest\u00e4ndiga egenskaper inneb\u00e4r att din grill kommer att f\u00f6rbli funktionell och vacker i m\u00e5nga \u00e5r fram\u00f6ver.<\/li>\n<li><strong>L\u00e5gt underh\u00e5ll<\/strong> Den naturliga patina som bildas p\u00e5 cortenst\u00e5l eliminerar behovet av frekvent underh\u00e5ll. Till skillnad fr\u00e5n andra material som kr\u00e4ver m\u00e5lning eller t\u00e4tning \u00e4r grillar i cortenst\u00e5l praktiskt taget problemfria.<\/li>\n<li><strong>Estetisk tilltalande<\/strong> De rika, jordn\u00e4ra tonerna i cortenst\u00e5l ger en modern och sofistikerad touch till alla utomhusmilj\u00f6er. Oavsett om du f\u00f6redrar en minimalistisk design eller ett mer rustikt utseende kompletterar cortenst\u00e5l olika utomhusstilar.<\/li>\n<li><strong>V\u00e4rmelagring och v\u00e4rmedistribution<\/strong> Cortenst\u00e5l \u00e4r en utm\u00e4rkt v\u00e4rmeledare, vilket ger j\u00e4mna tillagningstemperaturer. Den h\u00e4r egenskapen f\u00f6rb\u00e4ttrar kvaliteten p\u00e5 din grillade mat och ger perfekta resultat varje g\u00e5ng.<\/li>\n<\/ol>\n<p><a href=\"https:\/\/keweicorten.com\/sv\"><img fetchpriority=\"high\" decoding=\"async\" class=\"alignnone wp-image-3004 size-medium\" title=\"corten bbq-grill\u00a0\" src=\"https:\/\/keweicorten.com\/wp-content\/uploads\/2024\/12\/IMG20220916175214-300x300.jpg\" alt=\"k\u00f6p rabatt corten bbq grill Gratis prov -keweicorten\" width=\"300\" height=\"300\" srcset=\"https:\/\/keweicorten.com\/wp-content\/uploads\/2024\/12\/IMG20220916175214-300x300.jpg 300w, https:\/\/keweicorten.com\/wp-content\/uploads\/2024\/12\/IMG20220916175214-150x150.jpg 150w, https:\/\/keweicorten.com\/wp-content\/uploads\/2024\/12\/IMG20220916175214-12x12.jpg 12w, https:\/\/keweicorten.com\/wp-content\/uploads\/2024\/12\/IMG20220916175214-600x600.jpg 600w, https:\/\/keweicorten.com\/wp-content\/uploads\/2024\/12\/IMG20220916175214-100x100.jpg 100w, https:\/\/keweicorten.com\/wp-content\/uploads\/2024\/12\/IMG20220916175214.jpg 750w\" sizes=\"(max-width: 300px) 100vw, 300px\" \/><\/a><a href=\"https:\/\/keweicorten.com\/sv\/kontakta-oss\/\"><img decoding=\"async\" class=\"alignnone wp-image-3001 size-medium\" title=\"corten bbq-grill\u00a0\" src=\"https:\/\/keweicorten.com\/wp-content\/uploads\/2024\/12\/IMG20220916161902-300x300.jpg\" alt=\"k\u00f6p rabatt corten bbq grill Gratis prov -keweicorten\" width=\"300\" height=\"300\" srcset=\"https:\/\/keweicorten.com\/wp-content\/uploads\/2024\/12\/IMG20220916161902-300x300.jpg 300w, https:\/\/keweicorten.com\/wp-content\/uploads\/2024\/12\/IMG20220916161902-150x150.jpg 150w, https:\/\/keweicorten.com\/wp-content\/uploads\/2024\/12\/IMG20220916161902-12x12.jpg 12w, https:\/\/keweicorten.com\/wp-content\/uploads\/2024\/12\/IMG20220916161902-600x600.jpg 600w, https:\/\/keweicorten.com\/wp-content\/uploads\/2024\/12\/IMG20220916161902-100x100.jpg 100w, https:\/\/keweicorten.com\/wp-content\/uploads\/2024\/12\/IMG20220916161902.jpg 750w\" sizes=\"(max-width: 300px) 100vw, 300px\" \/><\/a> <a href=\"https:\/\/keweicorten.com\/sv\/produktkategori\/eldstad\/\"><img decoding=\"async\" class=\"alignnone wp-image-3002 size-medium\" title=\"corten bbq-grill\" src=\"https:\/\/keweicorten.com\/wp-content\/uploads\/2024\/12\/IMG20220916161905-300x300.jpg\" alt=\"k\u00f6p rabatt corten bbq grill Gratis prov -keweicorten\" width=\"300\" height=\"300\" srcset=\"https:\/\/keweicorten.com\/wp-content\/uploads\/2024\/12\/IMG20220916161905-300x300.jpg 300w, https:\/\/keweicorten.com\/wp-content\/uploads\/2024\/12\/IMG20220916161905-150x150.jpg 150w, https:\/\/keweicorten.com\/wp-content\/uploads\/2024\/12\/IMG20220916161905-12x12.jpg 12w, https:\/\/keweicorten.com\/wp-content\/uploads\/2024\/12\/IMG20220916161905-600x600.jpg 600w, https:\/\/keweicorten.com\/wp-content\/uploads\/2024\/12\/IMG20220916161905-100x100.jpg 100w, https:\/\/keweicorten.com\/wp-content\/uploads\/2024\/12\/IMG20220916161905.jpg 750w\" sizes=\"(max-width: 300px) 100vw, 300px\" \/><\/a><\/p>\n<h4>Popul\u00e4ra m\u00f6nster av grill i Corten-st\u00e5l<\/h4>\n<ol start=\"1\" data-spread=\"true\">\n<li><strong>Frist\u00e5ende BBQ-grillar<\/strong> Dessa \u00e4r perfekta f\u00f6r dem som vill ha ett m\u00e5ngsidigt och b\u00e4rbart alternativ. De finns i olika former och storlekar f\u00f6r att passa olika matlagningsbehov.<\/li>\n<li><strong>Eldst\u00e4der f\u00f6r BBQ<\/strong> Genom att kombinera funktionaliteten hos en grill och atmosf\u00e4ren hos en eldstad \u00e4r dessa m\u00f6nster perfekta f\u00f6r att underh\u00e5lla g\u00e4ster och skapa en mysig atmosf\u00e4r.<\/li>\n<li><strong>Inbyggda grillstationer<\/strong> F\u00f6r en mer permanent installation \u00e4r inbyggda grillar i cortenst\u00e5l ett utm\u00e4rkt val. De kan anpassas s\u00e5 att de passar perfekt in i ditt utek\u00f6k.<\/li>\n<\/ol>\n<p><a href=\"https:\/\/keweicorten.com\/sv\"><img loading=\"lazy\" decoding=\"async\" class=\"alignnone wp-image-2981 size-full\" title=\"corten grill\" src=\"https:\/\/keweicorten.com\/wp-content\/uploads\/2024\/12\/\u672a\u547d\u540d.jpg\" alt=\"k\u00f6pa rabatt corten barbecue \" width=\"750\" height=\"750\" srcset=\"https:\/\/keweicorten.com\/wp-content\/uploads\/2024\/12\/\u672a\u547d\u540d.jpg 750w, https:\/\/keweicorten.com\/wp-content\/uploads\/2024\/12\/\u672a\u547d\u540d-300x300.jpg 300w, https:\/\/keweicorten.com\/wp-content\/uploads\/2024\/12\/\u672a\u547d\u540d-150x150.jpg 150w, https:\/\/keweicorten.com\/wp-content\/uploads\/2024\/12\/\u672a\u547d\u540d-12x12.jpg 12w, https:\/\/keweicorten.com\/wp-content\/uploads\/2024\/12\/\u672a\u547d\u540d-600x600.jpg 600w, https:\/\/keweicorten.com\/wp-content\/uploads\/2024\/12\/\u672a\u547d\u540d-100x100.jpg 100w\" sizes=\"(max-width: 750px) 100vw, 750px\" \/><\/a><\/p>\n<h4>Varf\u00f6r v\u00e4lja Cortenst\u00e5l till din grill?<\/h4>\n<ul data-spread=\"false\">\n<li><strong>Milj\u00f6v\u00e4nlig:<\/strong> Cortenst\u00e5l \u00e4r \u00e5tervinningsbart, vilket g\u00f6r det till ett h\u00e5llbart val f\u00f6r milj\u00f6medvetna konsumenter.<\/li>\n<li><strong>Unik \u00e5ldrandeprocess:<\/strong> Med tiden f\u00f6rb\u00e4ttras st\u00e5lets utseende och ger karakt\u00e4r \u00e5t ditt utomhusutrymme.<\/li>\n<li><strong>V\u00e4derbest\u00e4ndighet:<\/strong> Dess f\u00f6rm\u00e5ga att motst\u00e5 extrema f\u00f6rh\u00e5llanden s\u00e4kerst\u00e4ller att den f\u00f6rblir funktionell och visuellt tilltalande \u00e5ret runt.<\/li>\n<\/ul>\n<p><a href=\"https:\/\/keweicorten.com\/sv\"><img loading=\"lazy\" decoding=\"async\" class=\"alignnone wp-image-2979 size-full\" title=\"BBQ-grill i cortenst\u00e5l \" src=\"https:\/\/keweicorten.com\/wp-content\/uploads\/2024\/12\/photobank-3.png\" alt=\"k\u00f6pa BBQ-grill i cortenst\u00e5l med rabatt -keweicorten\" width=\"437\" height=\"195\" srcset=\"https:\/\/keweicorten.com\/wp-content\/uploads\/2024\/12\/photobank-3.png 437w, https:\/\/keweicorten.com\/wp-content\/uploads\/2024\/12\/photobank-3-300x134.png 300w, https:\/\/keweicorten.com\/wp-content\/uploads\/2024\/12\/photobank-3-18x8.png 18w\" sizes=\"(max-width: 437px) 100vw, 437px\" \/><\/a><\/p>\n<h4>Tips f\u00f6r att underh\u00e5lla din grill i cortenst\u00e5l<\/h4>\n<ul data-spread=\"false\">\n<li>Undvik att placera den i omr\u00e5den med konstant fukt f\u00f6r att f\u00f6rhindra \u00f6verdriven rost.<\/li>\n<li>Reng\u00f6r grillytan regelbundet f\u00f6r att avl\u00e4gsna matrester.<\/li>\n<li>Anv\u00e4nd ett skyddande h\u00f6lje om du bor i omr\u00e5den med kraftiga regn eller sn\u00f6fall.<\/li>\n<\/ul>","protected":false},"excerpt":{"rendered":"<p data-pm-slice=\"1 1 []\">Corten st\u00e5lgrill handlar inte bara om funktionalitet; det handlar om att f\u00f6rb\u00e4ttra ditt utomhusutrymme med en h\u00e5llbar, underh\u00e5llsfri och visuellt imponerande mittpunkt.<\/p>","protected":false},"featured_media":3005,"comment_status":"open","ping_status":"closed","template":"","meta":{"_eb_attr":"","_monsterinsights_skip_tracking":false,"_monsterinsights_sitenote_active":false,"_monsterinsights_sitenote_note":"","_monsterinsights_sitenote_category":0,"_uf_show_specific_survey":0,"_uf_disable_surveys":false},"product_brand":[],"product_cat":[63],"product_tag":[],"class_list":{"0":"post-2999","1":"product","2":"type-product","3":"status-publish","4":"has-post-thumbnail","6":"product_cat-steel-bbq-grill","8":"first","9":"instock","10":"shipping-taxable","11":"product-type-simple"},"_links":{"self":[{"href":"https:\/\/keweicorten.com\/sv\/wp-json\/wp\/v2\/product\/2999"}],"collection":[{"href":"https:\/\/keweicorten.com\/sv\/wp-json\/wp\/v2\/product"}],"about":[{"href":"https:\/\/keweicorten.com\/sv\/wp-json\/wp\/v2\/types\/product"}],"replies":[{"embeddable":true,"href":"https:\/\/keweicorten.com\/sv\/wp-json\/wp\/v2\/comments?post=2999"}],"version-history":[{"count":1,"href":"https:\/\/keweicorten.com\/sv\/wp-json\/wp\/v2\/product\/2999\/revisions"}],"predecessor-version":[{"id":3007,"href":"https:\/\/keweicorten.com\/sv\/wp-json\/wp\/v2\/product\/2999\/revisions\/3007"}],"wp:featuredmedia":[{"embeddable":true,"href":"https:\/\/keweicorten.com\/sv\/wp-json\/wp\/v2\/media\/3005"}],"wp:attachment":[{"href":"https:\/\/keweicorten.com\/sv\/wp-json\/wp\/v2\/media?parent=2999"}],"wp:term":[{"taxonomy":"product_brand","embeddable":true,"href":"https:\/\/keweicorten.com\/sv\/wp-json\/wp\/v2\/product_brand?post=2999"},{"taxonomy":"product_cat","embeddable":true,"href":"https:\/\/keweicorten.com\/sv\/wp-json\/wp\/v2\/product_cat?post=2999"},{"taxonomy":"product_tag","embeddable":true,"href":"https:\/\/keweicorten.com\/sv\/wp-json\/wp\/v2\/product_tag?post=2999"}],"curies":[{"name":"wp","href":"https:\/\/api.w.org\/{rel}","templated":true}]}}