{"id":3033,"date":"2024-12-26T06:38:43","date_gmt":"2024-12-26T06:38:43","guid":{"rendered":"https:\/\/keweicorten.com\/?post_type=product&#038;p=3033"},"modified":"2025-01-15T06:09:20","modified_gmt":"2025-01-15T06:09:20","slug":"modern-utomhusbelysning","status":"publish","type":"product","link":"https:\/\/keweicorten.com\/sv\/modern-utomhusbelysning\/","title":{"rendered":"modern utomhusbelysning"},"content":{"rendered":"<p>Modern utomhusbelysning kombinerar funktionalitet med elegant, modern design. H\u00e4r \u00e4r n\u00e5gra popul\u00e4ra alternativ och id\u00e9er:<\/p>\n<p><a href=\"https:\/\/keweicorten.com\/sv\/produkt\/lampor-for-stolpar-utomhus\/\"><img fetchpriority=\"high\" decoding=\"async\" class=\"alignnone wp-image-3038\" title=\"solcellsbelysning f\u00f6r utomhusbruk\" src=\"https:\/\/keweicorten.com\/wp-content\/uploads\/2024\/12\/\u5fae\u4fe1\u56fe\u7247_20241226134204.jpg\" alt=\"solbelysning f\u00f6r utsidan Fabrik, Kina, pris, tillverkare, leverant\u00f6rer, anpassade, grossist, billiga, till salu, i lager.-keweicorten\" width=\"865\" height=\"1049\" srcset=\"https:\/\/keweicorten.com\/wp-content\/uploads\/2024\/12\/\u5fae\u4fe1\u56fe\u7247_20241226134204.jpg 1080w, https:\/\/keweicorten.com\/wp-content\/uploads\/2024\/12\/\u5fae\u4fe1\u56fe\u7247_20241226134204-247x300.jpg 247w, https:\/\/keweicorten.com\/wp-content\/uploads\/2024\/12\/\u5fae\u4fe1\u56fe\u7247_20241226134204-844x1024.jpg 844w, https:\/\/keweicorten.com\/wp-content\/uploads\/2024\/12\/\u5fae\u4fe1\u56fe\u7247_20241226134204-768x932.jpg 768w, https:\/\/keweicorten.com\/wp-content\/uploads\/2024\/12\/\u5fae\u4fe1\u56fe\u7247_20241226134204-10x12.jpg 10w, https:\/\/keweicorten.com\/wp-content\/uploads\/2024\/12\/\u5fae\u4fe1\u56fe\u7247_20241226134204-600x728.jpg 600w\" sizes=\"(max-width: 865px) 100vw, 865px\" \/><\/a><\/p>\n<h3><strong>Typer av modern utomhusbelysning<\/strong><\/h3>\n<ol>\n<li><strong>Belysning f\u00f6r g\u00e5ngv\u00e4gar<\/strong>\n<ul>\n<li>L\u00e5gprofilerad, minimalistisk design med LED-teknik.<\/li>\n<li>Material: Rostfritt st\u00e5l: Rostfritt st\u00e5l, cortenst\u00e5l eller aluminium.<\/li>\n<li>Solcellsdrivna alternativ f\u00f6r energieffektivitet.<\/li>\n<\/ul>\n<\/li>\n<li><strong>V\u00e4ggsconces<\/strong>\n<ul>\n<li>Rena linjer och geometriska former f\u00f6r v\u00e4ggar, uteplatser eller entr\u00e9er.<\/li>\n<li>Upp- och nedljusalternativ f\u00f6r dramatiska effekter.<\/li>\n<\/ul>\n<\/li>\n<li><strong>Ljusslingor<\/strong>\n<ul>\n<li>Varmvita eller f\u00e4rgskiftande LED-lampor f\u00f6r st\u00e4mningsfull belysning.<\/li>\n<li>L\u00e4mplig f\u00f6r pergolor, tr\u00e4dg\u00e5rdar eller terrasser.<\/li>\n<\/ul>\n<\/li>\n<li><strong>Str\u00e5lkastare och washers<\/strong>\n<ul>\n<li>Justerbara armaturer f\u00f6r att belysa tr\u00e4d, arkitektoniska detaljer eller skulpturer.<\/li>\n<li>Smarta kontroller f\u00f6r dimning och f\u00e4rgjustering.<\/li>\n<\/ul>\n<\/li>\n<li><strong>Pollarlampor<\/strong>\n<ul>\n<li>Frist\u00e5ende lampor med modern estetik f\u00f6r uppfarter eller tr\u00e4dg\u00e5rdsrabatter.<\/li>\n<li>Ofta med frostat glas eller integrerade LED-lampor.<\/li>\n<\/ul>\n<\/li>\n<li><strong>Inf\u00e4lld belysning<\/strong>\n<ul>\n<li>Inf\u00e4llda armaturer f\u00f6r d\u00e4ck, trappor eller g\u00e5ngar.<\/li>\n<li>Skapar en s\u00f6ml\u00f6s och diskret look.<\/li>\n<\/ul>\n<\/li>\n<li><strong>Pendel- och taklampor<\/strong>\n<ul>\n<li>Perfekt f\u00f6r t\u00e4ckta utomhusutrymmen som verandor eller lusthus.<\/li>\n<li>Inneh\u00e5ller material som glas och v\u00e4derbest\u00e4ndiga metaller.<\/li>\n<\/ul>\n<\/li>\n<\/ol>\n<h3><strong>Funktioner i modern belysning<\/strong><\/h3>\n<ul>\n<li><strong>Smart kontroll<\/strong>: Wi-Fi- eller Bluetooth-aktiverad f\u00f6r fj\u00e4rrstyrning.<\/li>\n<li><strong>Energieffektivitet<\/strong>: LED- och solcellsalternativ minskar str\u00f6mf\u00f6rbrukningen.<\/li>\n<li><strong>Slitstarka material<\/strong>: V\u00e4derbest\u00e4ndiga ytbehandlingar f\u00f6r l\u00e5ng livsl\u00e4ngd.<\/li>\n<li><strong>Anpassningsbar design<\/strong>: Modulsystem och justerbar ljusstyrka.<\/li>\n<\/ul>\n<p>&nbsp;<\/p>","protected":false},"excerpt":{"rendered":"<p>Modern utomhusbelysning kan ge b\u00e5de funktionalitet och stil till utomhusutrymmen. Letar du efter specifika typer, till exempel LED-g\u00e5ngbelysning, v\u00e4gglampetter, ljusslingor eller landskapsbelysning?<\/p>","protected":false},"featured_media":3034,"comment_status":"open","ping_status":"closed","template":"","meta":{"_eb_attr":"","_monsterinsights_skip_tracking":false,"_monsterinsights_sitenote_active":false,"_monsterinsights_sitenote_note":"","_monsterinsights_sitenote_category":0,"_uf_show_specific_survey":0,"_uf_disable_surveys":false},"product_brand":[],"product_cat":[61],"product_tag":[],"class_list":{"0":"post-3033","1":"product","2":"type-product","3":"status-publish","4":"has-post-thumbnail","6":"product_cat-light-post","8":"first","9":"instock","10":"shipping-taxable","11":"product-type-simple"},"_links":{"self":[{"href":"https:\/\/keweicorten.com\/sv\/wp-json\/wp\/v2\/product\/3033"}],"collection":[{"href":"https:\/\/keweicorten.com\/sv\/wp-json\/wp\/v2\/product"}],"about":[{"href":"https:\/\/keweicorten.com\/sv\/wp-json\/wp\/v2\/types\/product"}],"replies":[{"embeddable":true,"href":"https:\/\/keweicorten.com\/sv\/wp-json\/wp\/v2\/comments?post=3033"}],"version-history":[{"count":1,"href":"https:\/\/keweicorten.com\/sv\/wp-json\/wp\/v2\/product\/3033\/revisions"}],"predecessor-version":[{"id":3039,"href":"https:\/\/keweicorten.com\/sv\/wp-json\/wp\/v2\/product\/3033\/revisions\/3039"}],"wp:featuredmedia":[{"embeddable":true,"href":"https:\/\/keweicorten.com\/sv\/wp-json\/wp\/v2\/media\/3034"}],"wp:attachment":[{"href":"https:\/\/keweicorten.com\/sv\/wp-json\/wp\/v2\/media?parent=3033"}],"wp:term":[{"taxonomy":"product_brand","embeddable":true,"href":"https:\/\/keweicorten.com\/sv\/wp-json\/wp\/v2\/product_brand?post=3033"},{"taxonomy":"product_cat","embeddable":true,"href":"https:\/\/keweicorten.com\/sv\/wp-json\/wp\/v2\/product_cat?post=3033"},{"taxonomy":"product_tag","embeddable":true,"href":"https:\/\/keweicorten.com\/sv\/wp-json\/wp\/v2\/product_tag?post=3033"}],"curies":[{"name":"wp","href":"https:\/\/api.w.org\/{rel}","templated":true}]}}