{"id":3586,"date":"2025-02-18T01:42:40","date_gmt":"2025-02-18T01:42:40","guid":{"rendered":"https:\/\/keweicorten.com\/?post_type=product&#038;p=3586"},"modified":"2025-02-18T01:42:41","modified_gmt":"2025-02-18T01:42:41","slug":"eldstadssats-for-gasol","status":"publish","type":"product","link":"https:\/\/keweicorten.com\/sv\/eldstadssats-for-gasol\/","title":{"rendered":"eldstadssats f\u00f6r gasol"},"content":{"rendered":"<p data-start=\"72\" data-end=\"132\"><strong data-start=\"72\" data-end=\"132\">Gaseldstadssats: Det b\u00e4sta valet f\u00f6r ditt utomhusutrymme<\/strong><\/p>\n<p data-start=\"134\" data-end=\"296\">A <strong data-start=\"136\" data-end=\"156\">Gaseldstadssats<\/strong> \u00e4r utm\u00e4rkt f\u00f6r utomhusomr\u00e5den. Den \u00e4r l\u00e4tt att anv\u00e4nda. Den ger v\u00e4rme och ljus. Gaseldst\u00e4der \u00e4r b\u00e4ttre \u00e4n eldst\u00e4der i tr\u00e4. De \u00e4r rena och s\u00e4kra.<\/p>\n<h3 data-start=\"298\" data-end=\"332\">Varf\u00f6r v\u00e4lja en gaseldstadssats?<\/h3>\n<ol data-start=\"334\" data-end=\"671\">\n<li data-start=\"334\" data-end=\"421\"><strong data-start=\"337\" data-end=\"357\">L\u00e4tt att installera:<\/strong> Satsen inneh\u00e5ller allt du beh\u00f6ver. Det \u00e4r enkelt att s\u00e4tta upp.<\/li>\n<li data-start=\"422\" data-end=\"490\"><strong data-start=\"425\" data-end=\"442\">Omedelbar brand:<\/strong> T\u00e4nd elden med en knapp - inget behov av ved.<\/li>\n<li data-start=\"491\" data-end=\"546\"><strong data-start=\"494\" data-end=\"515\">Kontrollera v\u00e4rmen:<\/strong> Du kan \u00e4ndra storleken p\u00e5 l\u00e5gan.<\/li>\n<li data-start=\"547\" data-end=\"602\"><strong data-start=\"550\" data-end=\"563\">Ingen r\u00f6k:<\/strong> Gaseldst\u00e4der avger inte r\u00f6k eller aska.<\/li>\n<li data-start=\"603\" data-end=\"671\"><strong data-start=\"606\" data-end=\"625\">Snygg design:<\/strong> Eldst\u00e4der med gas ser bra ut i alla tr\u00e4dg\u00e5rdar och p\u00e5 alla uteplatser.<\/li>\n<\/ol>\n<p><a href=\"https:\/\/keweicorten.com\/sv\/produkter\/\"><img fetchpriority=\"high\" decoding=\"async\" class=\"alignnone wp-image-3542 size-medium\" title=\"eldstadssats f\u00f6r gas\" src=\"https:\/\/keweicorten.com\/wp-content\/uploads\/2025\/02\/IMG20220722160621-300x300.jpg\" alt=\"gas firePit kit Factory, Kina, pris, tillverkare, leverant\u00f6rer, anpassade, grossist, billiga, till salu, i lager.\" width=\"300\" height=\"300\" srcset=\"https:\/\/keweicorten.com\/wp-content\/uploads\/2025\/02\/IMG20220722160621-300x300.jpg 300w, https:\/\/keweicorten.com\/wp-content\/uploads\/2025\/02\/IMG20220722160621-1024x1024.jpg 1024w, https:\/\/keweicorten.com\/wp-content\/uploads\/2025\/02\/IMG20220722160621-150x150.jpg 150w, https:\/\/keweicorten.com\/wp-content\/uploads\/2025\/02\/IMG20220722160621-768x768.jpg 768w, https:\/\/keweicorten.com\/wp-content\/uploads\/2025\/02\/IMG20220722160621-1536x1536.jpg 1536w, https:\/\/keweicorten.com\/wp-content\/uploads\/2025\/02\/IMG20220722160621-2048x2048.jpg 2048w, https:\/\/keweicorten.com\/wp-content\/uploads\/2025\/02\/IMG20220722160621-12x12.jpg 12w, https:\/\/keweicorten.com\/wp-content\/uploads\/2025\/02\/IMG20220722160621-600x600.jpg 600w, https:\/\/keweicorten.com\/wp-content\/uploads\/2025\/02\/IMG20220722160621-100x100.jpg 100w\" sizes=\"(max-width: 300px) 100vw, 300px\" \/><\/a> <a href=\"https:\/\/keweicorten.com\/sv\"><img decoding=\"async\" class=\"alignnone wp-image-3537 size-medium\" title=\"gasoleldstad panna\" src=\"https:\/\/keweicorten.com\/wp-content\/uploads\/2025\/02\/Remote-Gas-burner-2-300x300.jpg\" alt=\"gas eldstad panna fabrik, Kina, pris, tillverkare, leverant\u00f6rer, anpassade, grossist, billiga, till salu, i lager.\" width=\"300\" height=\"300\" srcset=\"https:\/\/keweicorten.com\/wp-content\/uploads\/2025\/02\/Remote-Gas-burner-2-300x300.jpg 300w, https:\/\/keweicorten.com\/wp-content\/uploads\/2025\/02\/Remote-Gas-burner-2-1024x1020.jpg 1024w, https:\/\/keweicorten.com\/wp-content\/uploads\/2025\/02\/Remote-Gas-burner-2-150x150.jpg 150w, https:\/\/keweicorten.com\/wp-content\/uploads\/2025\/02\/Remote-Gas-burner-2-768x765.jpg 768w, https:\/\/keweicorten.com\/wp-content\/uploads\/2025\/02\/Remote-Gas-burner-2-12x12.jpg 12w, https:\/\/keweicorten.com\/wp-content\/uploads\/2025\/02\/Remote-Gas-burner-2-600x598.jpg 600w, https:\/\/keweicorten.com\/wp-content\/uploads\/2025\/02\/Remote-Gas-burner-2-100x100.jpg 100w, https:\/\/keweicorten.com\/wp-content\/uploads\/2025\/02\/Remote-Gas-burner-2.jpg 1500w\" sizes=\"(max-width: 300px) 100vw, 300px\" \/><\/a><\/p>\n<h3 data-start=\"673\" data-end=\"730\">Vad du ska t\u00e4nka p\u00e5 n\u00e4r du v\u00e4ljer en gaseldstadssats:<\/h3>\n<ul data-start=\"732\" data-end=\"968\">\n<li data-start=\"732\" data-end=\"793\"><strong data-start=\"734\" data-end=\"747\">Typ av gas:<\/strong> Kontrollera att satsen fungerar med din gasf\u00f6rs\u00f6rjning.<\/li>\n<li data-start=\"794\" data-end=\"843\"><strong data-start=\"796\" data-end=\"805\">Storlek:<\/strong> V\u00e4lj r\u00e4tt storlek f\u00f6r ditt utrymme.<\/li>\n<li data-start=\"844\" data-end=\"902\"><strong data-start=\"846\" data-end=\"857\">S\u00e4kerhet:<\/strong> V\u00e4lj en eldstad som uppfyller s\u00e4kerhetskraven.<\/li>\n<li data-start=\"903\" data-end=\"968\"><strong data-start=\"905\" data-end=\"918\">Material:<\/strong> Rostfritt st\u00e5l och v\u00e4derbest\u00e4ndigt st\u00e5l \u00e4r slitstarka.<\/li>\n<\/ul>\n<p><a href=\"https:\/\/keweicorten.com\/sv\"><img decoding=\"async\" class=\"alignnone wp-image-3535 size-medium\" title=\"gasoleldstadssats panna\" src=\"https:\/\/keweicorten.com\/wp-content\/uploads\/2025\/02\/Remote-Gas-burner-3-300x300.jpg\" alt=\"gas eldstad kit pan Factory, Kina, pris, tillverkare, leverant\u00f6rer, anpassade, grossist, billiga, till salu, i lager.\" width=\"300\" height=\"300\" srcset=\"https:\/\/keweicorten.com\/wp-content\/uploads\/2025\/02\/Remote-Gas-burner-3-300x300.jpg 300w, https:\/\/keweicorten.com\/wp-content\/uploads\/2025\/02\/Remote-Gas-burner-3-1024x1024.jpg 1024w, https:\/\/keweicorten.com\/wp-content\/uploads\/2025\/02\/Remote-Gas-burner-3-150x150.jpg 150w, https:\/\/keweicorten.com\/wp-content\/uploads\/2025\/02\/Remote-Gas-burner-3-768x768.jpg 768w, https:\/\/keweicorten.com\/wp-content\/uploads\/2025\/02\/Remote-Gas-burner-3-12x12.jpg 12w, https:\/\/keweicorten.com\/wp-content\/uploads\/2025\/02\/Remote-Gas-burner-3-600x600.jpg 600w, https:\/\/keweicorten.com\/wp-content\/uploads\/2025\/02\/Remote-Gas-burner-3-100x100.jpg 100w, https:\/\/keweicorten.com\/wp-content\/uploads\/2025\/02\/Remote-Gas-burner-3.jpg 1500w\" sizes=\"(max-width: 300px) 100vw, 300px\" \/><\/a> <a href=\"https:\/\/keweicorten.com\/sv\"><img loading=\"lazy\" decoding=\"async\" class=\"alignnone wp-image-3534 size-medium\" title=\"fj\u00e4rrstyrd eldstad\" src=\"https:\/\/keweicorten.com\/wp-content\/uploads\/2025\/02\/gas-firepit-kit-pan-300x300.jpg\" alt=\"fj\u00e4rrbrandpit Fabrik, Kina, pris, tillverkare, leverant\u00f6rer, anpassade, grossist, billiga, till salu, i lager.\" width=\"300\" height=\"300\" srcset=\"https:\/\/keweicorten.com\/wp-content\/uploads\/2025\/02\/gas-firepit-kit-pan-300x300.jpg 300w, https:\/\/keweicorten.com\/wp-content\/uploads\/2025\/02\/gas-firepit-kit-pan-150x150.jpg 150w, https:\/\/keweicorten.com\/wp-content\/uploads\/2025\/02\/gas-firepit-kit-pan-12x12.jpg 12w, https:\/\/keweicorten.com\/wp-content\/uploads\/2025\/02\/gas-firepit-kit-pan-600x600.jpg 600w, https:\/\/keweicorten.com\/wp-content\/uploads\/2025\/02\/gas-firepit-kit-pan-100x100.jpg 100w, https:\/\/keweicorten.com\/wp-content\/uploads\/2025\/02\/gas-firepit-kit-pan.jpg 750w\" sizes=\"(max-width: 300px) 100vw, 300px\" \/><\/a><\/p>\n<h3 data-start=\"970\" data-end=\"978\">Vanliga fr\u00e5gor<\/h3>\n<p data-start=\"980\" data-end=\"1101\"><strong data-start=\"980\" data-end=\"1023\">1. Hur installerar jag en Gas Fire Pit Kit?<\/strong><br data-start=\"1023\" data-end=\"1026\" \/>Det \u00e4r enkelt att g\u00f6ra. F\u00f6lj instruktionerna. Du kan g\u00f6ra det sj\u00e4lv eller anlita n\u00e5gon.<\/p>\n<p data-start=\"1103\" data-end=\"1184\"><strong data-start=\"1103\" data-end=\"1144\">2. Hur l\u00e4nge h\u00e5ller en eldstad med gasol?<\/strong><br data-start=\"1144\" data-end=\"1147\" \/>En bra gasoleldstad h\u00e5ller i m\u00e5nga \u00e5r.<\/p>\n<p data-start=\"1186\" data-end=\"1295\"><strong data-start=\"1186\" data-end=\"1231\">3. M\u00e5ste jag underh\u00e5lla min gaseldstad?<\/strong><br data-start=\"1231\" data-end=\"1234\" \/>Ja, reng\u00f6r den regelbundet. Kontrollera gasledningarna f\u00f6r att h\u00e5lla dem s\u00e4kra.<\/p>","protected":false},"excerpt":{"rendered":"<p data-start=\"96\" data-end=\"303\">Uppt\u00e4ck den perfekta gasoleldstaden f\u00f6r ditt utomhusutrymme. L\u00e4tt att installera, ingen r\u00f6k eller aska, och snygg design som ger v\u00e4rme och komfort f\u00f6r din uteplats eller tr\u00e4dg\u00e5rd. Handla nu!<\/p>","protected":false},"featured_media":3535,"comment_status":"open","ping_status":"closed","template":"","meta":{"_eb_attr":"","_monsterinsights_skip_tracking":false,"_monsterinsights_sitenote_active":false,"_monsterinsights_sitenote_note":"","_monsterinsights_sitenote_category":0,"_uf_show_specific_survey":0,"_uf_disable_surveys":false},"product_brand":[],"product_cat":[55],"product_tag":[],"class_list":{"0":"post-3586","1":"product","2":"type-product","3":"status-publish","4":"has-post-thumbnail","6":"product_cat-gas-fire-pit","8":"first","9":"instock","10":"shipping-taxable","11":"product-type-simple"},"_links":{"self":[{"href":"https:\/\/keweicorten.com\/sv\/wp-json\/wp\/v2\/product\/3586"}],"collection":[{"href":"https:\/\/keweicorten.com\/sv\/wp-json\/wp\/v2\/product"}],"about":[{"href":"https:\/\/keweicorten.com\/sv\/wp-json\/wp\/v2\/types\/product"}],"replies":[{"embeddable":true,"href":"https:\/\/keweicorten.com\/sv\/wp-json\/wp\/v2\/comments?post=3586"}],"version-history":[{"count":1,"href":"https:\/\/keweicorten.com\/sv\/wp-json\/wp\/v2\/product\/3586\/revisions"}],"predecessor-version":[{"id":3587,"href":"https:\/\/keweicorten.com\/sv\/wp-json\/wp\/v2\/product\/3586\/revisions\/3587"}],"wp:featuredmedia":[{"embeddable":true,"href":"https:\/\/keweicorten.com\/sv\/wp-json\/wp\/v2\/media\/3535"}],"wp:attachment":[{"href":"https:\/\/keweicorten.com\/sv\/wp-json\/wp\/v2\/media?parent=3586"}],"wp:term":[{"taxonomy":"product_brand","embeddable":true,"href":"https:\/\/keweicorten.com\/sv\/wp-json\/wp\/v2\/product_brand?post=3586"},{"taxonomy":"product_cat","embeddable":true,"href":"https:\/\/keweicorten.com\/sv\/wp-json\/wp\/v2\/product_cat?post=3586"},{"taxonomy":"product_tag","embeddable":true,"href":"https:\/\/keweicorten.com\/sv\/wp-json\/wp\/v2\/product_tag?post=3586"}],"curies":[{"name":"wp","href":"https:\/\/api.w.org\/{rel}","templated":true}]}}