{"id":3826,"date":"2025-02-27T01:38:24","date_gmt":"2025-02-27T01:38:24","guid":{"rendered":"https:\/\/keweicorten.com\/?post_type=product&#038;p=3826"},"modified":"2025-02-27T01:38:25","modified_gmt":"2025-02-27T01:38:25","slug":"raketvarmare-for-trapellets","status":"publish","type":"product","link":"https:\/\/keweicorten.com\/sv\/raketvarmare-for-trapellets\/","title":{"rendered":"Raketv\u00e4rmare f\u00f6r tr\u00e4pellets"},"content":{"rendered":"<h2 data-pm-slice=\"1 1 []\"><strong>Raketv\u00e4rmare f\u00f6r tr\u00e4pellets: Effektiv och milj\u00f6v\u00e4nlig uppv\u00e4rmningsl\u00f6sning<\/strong><\/h2>\n<p>A <strong>Raketv\u00e4rmare f\u00f6r tr\u00e4pellets<\/strong> \u00e4r en innovativ och effektiv uppv\u00e4rmningsl\u00f6sning som kombinerar principerna f\u00f6r en raketkamin med bekv\u00e4mligheten med tr\u00e4pellets. Den erbjuder ett rent och mycket effektivt s\u00e4tt att v\u00e4rma upp bost\u00e4der, v\u00e4xthus, verkst\u00e4der och utomhusutrymmen.<\/p>\n<h2><strong>Vad \u00e4r en tr\u00e4pelletsraketv\u00e4rmare?<\/strong><\/h2>\n<p>En raketv\u00e4rmare f\u00f6r tr\u00e4pellets \u00e4r konstruerad f\u00f6r att maximera f\u00f6rbr\u00e4nningseffektiviteten. Den anv\u00e4nder en <strong>f\u00f6rbr\u00e4nningskammare f\u00f6r raketspis<\/strong>, vilket s\u00e4kerst\u00e4ller en fullst\u00e4ndig f\u00f6rbr\u00e4nning av br\u00e4nslet och minskar r\u00f6k och utsl\u00e4pp. Till skillnad fr\u00e5n traditionella vedspisar m\u00f6jligg\u00f6r detta system en <strong>l\u00e5ngvarig och kontrollerad br\u00e4nning<\/strong>vilket g\u00f6r det till ett kostnadseffektivt och milj\u00f6v\u00e4nligt alternativ.<\/p>\n<p><img fetchpriority=\"high\" decoding=\"async\" class=\"alignnone size-medium wp-image-2659\" src=\"https:\/\/keweicorten.com\/wp-content\/uploads\/2024\/12\/FeuerfackelimGarten-250x300.webp\" alt=\"\" width=\"250\" height=\"300\" srcset=\"https:\/\/keweicorten.com\/wp-content\/uploads\/2024\/12\/FeuerfackelimGarten-250x300.webp 250w, https:\/\/keweicorten.com\/wp-content\/uploads\/2024\/12\/FeuerfackelimGarten-10x12.webp 10w, https:\/\/keweicorten.com\/wp-content\/uploads\/2024\/12\/FeuerfackelimGarten-600x720.webp 600w, https:\/\/keweicorten.com\/wp-content\/uploads\/2024\/12\/FeuerfackelimGarten.webp 750w\" sizes=\"(max-width: 250px) 100vw, 250px\" \/> <img decoding=\"async\" class=\"alignnone size-medium wp-image-2689\" src=\"https:\/\/keweicorten.com\/wp-content\/uploads\/2024\/12\/\u5fae\u4fe1\u56fe\u7247_20241204151140-1-300x300.jpg\" alt=\"\" width=\"300\" height=\"300\" srcset=\"https:\/\/keweicorten.com\/wp-content\/uploads\/2024\/12\/\u5fae\u4fe1\u56fe\u7247_20241204151140-1-300x300.jpg 300w, https:\/\/keweicorten.com\/wp-content\/uploads\/2024\/12\/\u5fae\u4fe1\u56fe\u7247_20241204151140-1-150x150.jpg 150w, https:\/\/keweicorten.com\/wp-content\/uploads\/2024\/12\/\u5fae\u4fe1\u56fe\u7247_20241204151140-1-12x12.jpg 12w, https:\/\/keweicorten.com\/wp-content\/uploads\/2024\/12\/\u5fae\u4fe1\u56fe\u7247_20241204151140-1-600x600.jpg 600w, https:\/\/keweicorten.com\/wp-content\/uploads\/2024\/12\/\u5fae\u4fe1\u56fe\u7247_20241204151140-1-100x100.jpg 100w, https:\/\/keweicorten.com\/wp-content\/uploads\/2024\/12\/\u5fae\u4fe1\u56fe\u7247_20241204151140-1.jpg 750w\" sizes=\"(max-width: 300px) 100vw, 300px\" \/><\/p>\n<h2><strong>F\u00f6rdelar med att anv\u00e4nda en tr\u00e4pelletsraketv\u00e4rmare<\/strong><\/h2>\n<h3><strong>1. H\u00f6g effektivitet och ren f\u00f6rbr\u00e4nning<\/strong><\/h3>\n<ul data-spread=\"false\">\n<li>Den <strong>design av raketf\u00f6rbr\u00e4nning<\/strong> \u00f6kar v\u00e4rmeeffekten samtidigt som br\u00e4nslef\u00f6rbrukningen minimeras.<\/li>\n<li>F\u00f6rbr\u00e4nns vid h\u00f6ga temperaturer, vilket ger en n\u00e4stan fullst\u00e4ndig f\u00f6rbr\u00e4nning och mindre r\u00f6kutveckling.<\/li>\n<li>Kan uppn\u00e5 effektivitetsniv\u00e5er p\u00e5 \u00f6ver <strong>90%<\/strong>, minska avfall och utsl\u00e4pp.<\/li>\n<\/ul>\n<h3><strong>2. Milj\u00f6v\u00e4nlig och h\u00e5llbar<\/strong><\/h3>\n<ul data-spread=\"false\">\n<li><strong>Den anv\u00e4nder tr\u00e4pellets<\/strong>som \u00e4r ett f\u00f6rnybart biomassabr\u00e4nsle.<\/li>\n<li>Producerar avsev\u00e4rt <strong>mindre koldioxidutsl\u00e4pp<\/strong> j\u00e4mf\u00f6rt med traditionella vedeldade kaminer.<\/li>\n<li>Minskar beroendet av fossila br\u00e4nslen och fr\u00e4mjar h\u00e5llbar uppv\u00e4rmning.<\/li>\n<\/ul>\n<h3><strong>3. Kostnadseffektiv uppv\u00e4rmningsl\u00f6sning<\/strong><\/h3>\n<ul data-spread=\"false\">\n<li>Tr\u00e4pellets \u00e4r ofta billigare och mer l\u00e4ttillg\u00e4ngliga \u00e4n ved eller gas.<\/li>\n<li>L\u00e4gre br\u00e4nslef\u00f6rbrukning inneb\u00e4r <strong>l\u00e4ngre brinntider med f\u00e4rre p\u00e5fyllningar<\/strong>.<\/li>\n<li>Vissa modeller har <strong>Gravitationsmatad eller automatisk pelletsmatning<\/strong>och kr\u00e4ver minimalt ingripande fr\u00e5n anv\u00e4ndaren.<\/li>\n<\/ul>\n<h3><strong>4. M\u00e5ngsidiga till\u00e4mpningar<\/strong><\/h3>\n<ul data-spread=\"false\">\n<li>Idealisk f\u00f6r <strong>uppv\u00e4rmning av bost\u00e4der, v\u00e4xthus, verkst\u00e4der och utomhusutrymmen<\/strong>.<\/li>\n<li>Den kan anv\u00e4ndas f\u00f6r <strong>Off-grid-boende<\/strong> och n\u00f6dv\u00e4rme.<\/li>\n<li>Vissa modeller har en inbyggd <strong>system f\u00f6r uppv\u00e4rmning av varmvatten<\/strong>och l\u00e4gga till extra funktionalitet.<\/li>\n<\/ul>\n<p><img decoding=\"async\" class=\"alignnone size-medium wp-image-3827\" src=\"https:\/\/keweicorten.com\/wp-content\/uploads\/2025\/02\/pellet-heater-291x300.png\" alt=\"\" width=\"291\" height=\"300\" srcset=\"https:\/\/keweicorten.com\/wp-content\/uploads\/2025\/02\/pellet-heater-291x300.png 291w, https:\/\/keweicorten.com\/wp-content\/uploads\/2025\/02\/pellet-heater-993x1024.png 993w, https:\/\/keweicorten.com\/wp-content\/uploads\/2025\/02\/pellet-heater-768x792.png 768w, https:\/\/keweicorten.com\/wp-content\/uploads\/2025\/02\/pellet-heater-12x12.png 12w, https:\/\/keweicorten.com\/wp-content\/uploads\/2025\/02\/pellet-heater-600x619.png 600w, https:\/\/keweicorten.com\/wp-content\/uploads\/2025\/02\/pellet-heater.png 1029w\" sizes=\"(max-width: 291px) 100vw, 291px\" \/> <img loading=\"lazy\" decoding=\"async\" class=\"alignnone size-medium wp-image-3828\" src=\"https:\/\/keweicorten.com\/wp-content\/uploads\/2025\/02\/\u5fae\u4fe1\u56fe\u7247_20240124111607-300x300.jpg\" alt=\"\" width=\"300\" height=\"300\" srcset=\"https:\/\/keweicorten.com\/wp-content\/uploads\/2025\/02\/\u5fae\u4fe1\u56fe\u7247_20240124111607-300x300.jpg 300w, https:\/\/keweicorten.com\/wp-content\/uploads\/2025\/02\/\u5fae\u4fe1\u56fe\u7247_20240124111607-150x150.jpg 150w, https:\/\/keweicorten.com\/wp-content\/uploads\/2025\/02\/\u5fae\u4fe1\u56fe\u7247_20240124111607-12x12.jpg 12w, https:\/\/keweicorten.com\/wp-content\/uploads\/2025\/02\/\u5fae\u4fe1\u56fe\u7247_20240124111607-600x600.jpg 600w, https:\/\/keweicorten.com\/wp-content\/uploads\/2025\/02\/\u5fae\u4fe1\u56fe\u7247_20240124111607-100x100.jpg 100w, https:\/\/keweicorten.com\/wp-content\/uploads\/2025\/02\/\u5fae\u4fe1\u56fe\u7247_20240124111607.jpg 750w\" sizes=\"(max-width: 300px) 100vw, 300px\" \/><\/p>\n<h2><strong>Hur fungerar en tr\u00e4pelletsraketv\u00e4rmare?<\/strong><\/h2>\n<ol start=\"1\" data-spread=\"false\">\n<li><strong>Br\u00e4nslep\u00e5fyllning:<\/strong> Tr\u00e4pellets matas in i br\u00e4nnkammaren manuellt eller via en sj\u00e4lvfallsmatad tratt.<\/li>\n<li><strong>Raketf\u00f6rbr\u00e4nning:<\/strong> Br\u00e4nslet f\u00f6rbr\u00e4nns i en h\u00f6gisolerad kammare, vilket skapar intensiv v\u00e4rme och effektiv f\u00f6rbr\u00e4nning.<\/li>\n<li><strong>V\u00e4rme\u00f6verf\u00f6ring:<\/strong> V\u00e4rmen absorberas och distribueras effektivt, ofta genom en v\u00e4rmev\u00e4xlare eller termisk massa.<\/li>\n<li><strong>Minimalt avfall:<\/strong> Avgaserna f\u00f6rbr\u00e4nns n\u00e4stan fullst\u00e4ndigt, vilket minskar r\u00f6kutvecklingen och l\u00e4mnar mycket lite aska efter sig.<\/li>\n<\/ol>\n<h2><strong>Att v\u00e4lja r\u00e4tt tr\u00e4pelletsraketv\u00e4rmare<\/strong><\/h2>\n<p>N\u00e4r du v\u00e4ljer en <strong>Raketv\u00e4rmare f\u00f6r tr\u00e4pellets<\/strong>, \u00f6verv\u00e4ga:<\/p>\n<ul data-spread=\"false\">\n<li><strong>Storlek och v\u00e4rmekapacitet:<\/strong> Se till att den uppfyller dina v\u00e4rmebehov.<\/li>\n<li><strong>Byggnadsmaterial:<\/strong> Leta efter h\u00e5llbara material som <strong>rostfritt st\u00e5l eller v\u00e4derbest\u00e4ndigt st\u00e5l<\/strong> f\u00f6r l\u00e5ng livsl\u00e4ngd.<\/li>\n<li><strong>Mekanism f\u00f6r pelletsmatning:<\/strong> Gravitationsmatade kontra automatiserade system.<\/li>\n<li><strong>Krav p\u00e5 b\u00e4rbarhet och installation:<\/strong> Vissa modeller \u00e4r kompakta och l\u00e4tta att installera, vilket g\u00f6r dem perfekta f\u00f6r husbilar och stugor.<\/li>\n<\/ul>\n<p>A <strong>Raketv\u00e4rmare f\u00f6r tr\u00e4pellets<\/strong> \u00e4r ett utm\u00e4rkt val f\u00f6r den som s\u00f6ker en <strong>milj\u00f6v\u00e4nligt, h\u00f6geffektivt och kostnadseffektivt<\/strong> l\u00f6sning f\u00f6r uppv\u00e4rmning. Oavsett om du beh\u00f6ver v\u00e4rme till ditt hem, v\u00e4xthus eller stuga utanf\u00f6r eln\u00e4tet ger det h\u00e4r v\u00e4rmesystemet tillf\u00f6rlitlig och h\u00e5llbar v\u00e4rme med minimala utsl\u00e4pp.<\/p>\n<p>Om du letar efter en <strong>h\u00f6gkvalitativ tr\u00e4pelletsraketv\u00e4rmare<\/strong>Kontakta oss idag f\u00f6r de b\u00e4sta alternativen!<\/p>","protected":false},"excerpt":{"rendered":"<p>Wood Pellet Rocket Heater: Efficient, Eco-Friendly Heating Solution A wood pellet rocket heater is an innovative and efficient heating solution that combines the principles of a rocket stove with the convenience of wood pellets. It offers a clean-burning, highly efficient way to heat homes, greenhouses, workshops, and outdoor spaces. What is a Wood Pellet Rocket [&hellip;]<\/p>","protected":false},"featured_media":3828,"comment_status":"open","ping_status":"closed","template":"","meta":{"_eb_attr":"","_monsterinsights_skip_tracking":false,"_monsterinsights_sitenote_active":false,"_monsterinsights_sitenote_note":"","_monsterinsights_sitenote_category":0,"_uf_show_specific_survey":0,"_uf_disable_surveys":false},"product_brand":[],"product_cat":[52],"product_tag":[],"class_list":{"0":"post-3826","1":"product","2":"type-product","3":"status-publish","4":"has-post-thumbnail","6":"product_cat-wood-pellet-tourch","8":"first","9":"instock","10":"shipping-taxable","11":"product-type-simple"},"_links":{"self":[{"href":"https:\/\/keweicorten.com\/sv\/wp-json\/wp\/v2\/product\/3826"}],"collection":[{"href":"https:\/\/keweicorten.com\/sv\/wp-json\/wp\/v2\/product"}],"about":[{"href":"https:\/\/keweicorten.com\/sv\/wp-json\/wp\/v2\/types\/product"}],"replies":[{"embeddable":true,"href":"https:\/\/keweicorten.com\/sv\/wp-json\/wp\/v2\/comments?post=3826"}],"version-history":[{"count":1,"href":"https:\/\/keweicorten.com\/sv\/wp-json\/wp\/v2\/product\/3826\/revisions"}],"predecessor-version":[{"id":3833,"href":"https:\/\/keweicorten.com\/sv\/wp-json\/wp\/v2\/product\/3826\/revisions\/3833"}],"wp:featuredmedia":[{"embeddable":true,"href":"https:\/\/keweicorten.com\/sv\/wp-json\/wp\/v2\/media\/3828"}],"wp:attachment":[{"href":"https:\/\/keweicorten.com\/sv\/wp-json\/wp\/v2\/media?parent=3826"}],"wp:term":[{"taxonomy":"product_brand","embeddable":true,"href":"https:\/\/keweicorten.com\/sv\/wp-json\/wp\/v2\/product_brand?post=3826"},{"taxonomy":"product_cat","embeddable":true,"href":"https:\/\/keweicorten.com\/sv\/wp-json\/wp\/v2\/product_cat?post=3826"},{"taxonomy":"product_tag","embeddable":true,"href":"https:\/\/keweicorten.com\/sv\/wp-json\/wp\/v2\/product_tag?post=3826"}],"curies":[{"name":"wp","href":"https:\/\/api.w.org\/{rel}","templated":true}]}}