{"id":671,"date":"2024-07-16T07:00:36","date_gmt":"2024-07-16T07:00:36","guid":{"rendered":"https:\/\/keweicorten.com\/?post_type=product&#038;p=671"},"modified":"2025-01-15T06:28:52","modified_gmt":"2025-01-15T06:28:52","slug":"skarmar-av-cortenstal","status":"publish","type":"product","link":"https:\/\/keweicorten.com\/sv\/skarmar-av-cortenstal\/","title":{"rendered":"Sk\u00e4rmar av cortenst\u00e5l"},"content":{"rendered":"<table class=\"has-title all magic-8\" style=\"height: 141px;\" width=\"651\">\n<tbody>\n<tr>\n<td colspan=\"1\" rowspan=\"1\">\n<div class=\"magic-9\" data-spm-anchor-id=\"a2700.details.0.i41.1c02dc31QPyZ9q\">Produktens namn<\/div>\n<\/td>\n<td colspan=\"1\" rowspan=\"1\">\n<div class=\"magic-10\">cortenst\u00e5l villor metallgrind och staket f\u00f6r bakg\u00e5rd<\/div>\n<\/td>\n<\/tr>\n<tr>\n<td colspan=\"1\" rowspan=\"1\" data-spm-anchor-id=\"a2700.details.0.i42.1c02dc31QPyZ9q\">\n<div class=\"magic-9\">Storlek<\/div>\n<\/td>\n<td colspan=\"1\" rowspan=\"1\">\n<div class=\"magic-10\">Storlek p\u00e5 kund<\/div>\n<\/td>\n<\/tr>\n<tr>\n<td colspan=\"1\" rowspan=\"1\">\n<div class=\"magic-9\">Material<\/div>\n<\/td>\n<td colspan=\"1\" rowspan=\"1\">\n<div class=\"magic-10\">cortenst\u00e5l<\/div>\n<\/td>\n<\/tr>\n<tr>\n<td colspan=\"1\" rowspan=\"1\">\n<div class=\"magic-9\">M\u00f6nster<\/div>\n<\/td>\n<td colspan=\"1\" rowspan=\"1\">\n<div class=\"magic-10\">V\u00e4xter, djur, abstrakt, stads- eller kundstorlek<\/div>\n<\/td>\n<\/tr>\n<tr>\n<td colspan=\"1\" rowspan=\"1\">\n<div class=\"magic-9\">F\u00e4rg<\/div>\n<\/td>\n<td colspan=\"1\" rowspan=\"1\">\n<div class=\"magic-10\">original eller f\u00f6rrostade<\/div>\n<\/td>\n<\/tr>\n<tr>\n<td colspan=\"1\" rowspan=\"1\">\n<div class=\"magic-9\">Begagnad<\/div>\n<\/td>\n<td colspan=\"1\" rowspan=\"1\">\n<div class=\"magic-10\">Hem och tr\u00e4dg\u00e5rd<\/div>\n<\/td>\n<\/tr>\n<\/tbody>\n<\/table>\n<p>F\u00f6rdelarna med Corten screen panel och dess till\u00e4mpning i tr\u00e4dg\u00e5rdsdesign:<\/p>\n<p>1. V\u00e4derbest\u00e4ndighet: Cortenst\u00e5l har utm\u00e4rkt v\u00e4derbest\u00e4ndighet och kan motst\u00e5 oxidativ korrosion i utomhusmilj\u00f6er under l\u00e5ng tid och kr\u00e4ver inte ytterligare skyddsbel\u00e4ggningar.<\/p>\n<p>2. Unikt utseende: Corten-st\u00e5l ger ett unikt korroderat utseende, och dess korroderade lager bildar en naturlig skyddsfilm, vilket g\u00f6r att ytan ser mycket distinkt och vacker ut.<\/p>\n<p>3. L\u00e5ng livsl\u00e4ngd: Tack vare sin v\u00e4derbest\u00e4ndighet och h\u00f6ga h\u00e5llfasthet har Corten-st\u00e5lprodukter l\u00e5ng livsl\u00e4ngd, vilket minskar underh\u00e5lls- och ers\u00e4ttningskostnaderna.<\/p>\n<p>I tr\u00e4dg\u00e5rdsdesign kan cortenst\u00e5lsk\u00e4rmar anv\u00e4ndas inom f\u00f6ljande omr\u00e5den:<\/p>\n<p>1. Sk\u00e4rm partition: Cortenst\u00e5lsk\u00e4rmarna kan anv\u00e4ndas som en sk\u00e4rmv\u00e4gg i tr\u00e4dg\u00e5rdsdesign, vilket kan skapa privat utrymme, blockera utsikten och samtidigt l\u00e4gga till sk\u00f6nheten i tr\u00e4dg\u00e5rdslandskapet genom sitt unika utseende.<\/p>\n<p>2. Tr\u00e4dg\u00e5rdsdekoration: cortenst\u00e5lsk\u00e4rmar kan anv\u00e4ndas som dekorativa element i tr\u00e4dg\u00e5rden, matchande v\u00e4xter, stenar och andra element f\u00f6r att \u00f6ka landskapsniv\u00e5n och den visuella effekten.<\/p>\n<p>3. Tr\u00e4dg\u00e5rdsgr\u00e4ns: Cortenst\u00e5lsk\u00e4rmarna kan ocks\u00e5 anv\u00e4ndas f\u00f6r att definiera tr\u00e4dg\u00e5rdens gr\u00e4ns, dela upp de olika funktionella omr\u00e5dena och samtidigt spela en dekorativ roll.<\/p>\n<p><a href=\"https:\/\/keweicorten.com\/sv\/kontakta-oss\/\"><img fetchpriority=\"high\" decoding=\"async\" class=\"wp-image-677 size-full\" src=\"https:\/\/keweicorten.com\/wp-content\/uploads\/2024\/07\/\u5fae\u4fe1\u56fe\u7247_20230914112941.jpg\" alt=\"\" width=\"750\" height=\"439\" srcset=\"https:\/\/keweicorten.com\/wp-content\/uploads\/2024\/07\/\u5fae\u4fe1\u56fe\u7247_20230914112941.jpg 750w, https:\/\/keweicorten.com\/wp-content\/uploads\/2024\/07\/\u5fae\u4fe1\u56fe\u7247_20230914112941-300x176.jpg 300w, https:\/\/keweicorten.com\/wp-content\/uploads\/2024\/07\/\u5fae\u4fe1\u56fe\u7247_20230914112941-600x351.jpg 600w\" sizes=\"(max-width: 750px) 100vw, 750px\" \/><\/a><\/p>","protected":false},"excerpt":{"rendered":"<p>Product Name corten steel villas metal gate and fence for backyard Size Customer Size Material corten steel Pattern Plants, Animal, Abstract.Urban or customer size Color original or pre-rusted Used Home and Garden The advantages of Corten screen panel and its application in horticultural design: 1. Weather resistance: Corten steel has excellent weather resistance and can [&hellip;]<\/p>","protected":false},"featured_media":672,"comment_status":"open","ping_status":"closed","template":"","meta":{"_eb_attr":"","_monsterinsights_skip_tracking":false,"_monsterinsights_sitenote_active":false,"_monsterinsights_sitenote_note":"","_monsterinsights_sitenote_category":0,"_uf_show_specific_survey":0,"_uf_disable_surveys":false},"product_brand":[],"product_cat":[57],"product_tag":[],"class_list":{"0":"post-671","1":"product","2":"type-product","3":"status-publish","4":"has-post-thumbnail","6":"product_cat-screen-panel","8":"first","9":"instock","10":"shipping-taxable","11":"product-type-simple"},"_links":{"self":[{"href":"https:\/\/keweicorten.com\/sv\/wp-json\/wp\/v2\/product\/671"}],"collection":[{"href":"https:\/\/keweicorten.com\/sv\/wp-json\/wp\/v2\/product"}],"about":[{"href":"https:\/\/keweicorten.com\/sv\/wp-json\/wp\/v2\/types\/product"}],"replies":[{"embeddable":true,"href":"https:\/\/keweicorten.com\/sv\/wp-json\/wp\/v2\/comments?post=671"}],"version-history":[{"count":1,"href":"https:\/\/keweicorten.com\/sv\/wp-json\/wp\/v2\/product\/671\/revisions"}],"predecessor-version":[{"id":3236,"href":"https:\/\/keweicorten.com\/sv\/wp-json\/wp\/v2\/product\/671\/revisions\/3236"}],"wp:featuredmedia":[{"embeddable":true,"href":"https:\/\/keweicorten.com\/sv\/wp-json\/wp\/v2\/media\/672"}],"wp:attachment":[{"href":"https:\/\/keweicorten.com\/sv\/wp-json\/wp\/v2\/media?parent=671"}],"wp:term":[{"taxonomy":"product_brand","embeddable":true,"href":"https:\/\/keweicorten.com\/sv\/wp-json\/wp\/v2\/product_brand?post=671"},{"taxonomy":"product_cat","embeddable":true,"href":"https:\/\/keweicorten.com\/sv\/wp-json\/wp\/v2\/product_cat?post=671"},{"taxonomy":"product_tag","embeddable":true,"href":"https:\/\/keweicorten.com\/sv\/wp-json\/wp\/v2\/product_tag?post=671"}],"curies":[{"name":"wp","href":"https:\/\/api.w.org\/{rel}","templated":true}]}}