{"id":854,"date":"2024-07-19T03:07:20","date_gmt":"2024-07-19T03:07:20","guid":{"rendered":"https:\/\/keweicorten.com\/?post_type=product&#038;p=854"},"modified":"2024-07-19T03:07:20","modified_gmt":"2024-07-19T03:07:20","slug":"cortenstalplat-2","status":"publish","type":"product","link":"https:\/\/keweicorten.com\/sv\/cortenstalplat-2\/","title":{"rendered":"cortenst\u00e5lpl\u00e5t"},"content":{"rendered":"<h2>F\u00f6rst\u00e5 egenskaperna hos cortenst\u00e5lpl\u00e5t och dess till\u00e4mpning inom byggbranschen:<\/h2>\n<p>1. V\u00e4derbest\u00e4ndighet: corten st\u00e5lpl\u00e5t har god v\u00e4derbest\u00e4ndighet, kan motst\u00e5 atmosf\u00e4risk korrosion, f\u00f6rl\u00e4nga byggnadens livsl\u00e4ngd.<\/p>\n<p>2. H\u00f6g h\u00e5llfasthet: \u00c4ven om pl\u00e5ttjockleken bara \u00e4r 3 mm \u00e4r styrkan hos cortenst\u00e5lpl\u00e5ten fortfarande mycket h\u00f6g och kan ge tillr\u00e4ckligt strukturellt st\u00f6d.<\/p>\n<p>3. Bra estetik: st\u00e5lpl\u00e5tens yta har en unik metallisk glans, vilket kan ge byggnaden en modern k\u00e4nsla och sk\u00f6nhet.<\/p>\n<p>3mm vittringsst\u00e5l anv\u00e4nds ofta i f\u00f6ljande applikationer:<\/p>\n<p>1. Utv\u00e4ndig v\u00e4ggdekoration: Som ett yttre v\u00e4ggdekorationsmaterial \u00e4r v\u00e4derbest\u00e4ndig st\u00e5lpl\u00e5t inte bara vacker utan kan ocks\u00e5 spela en viss v\u00e4rmebevarande och vattent\u00e4t effekt.<\/p>\n<p>2. Takbel\u00e4ggning: v\u00e4derbest\u00e4ndig st\u00e5lpl\u00e5t anv\u00e4nds som takbel\u00e4ggningsmaterial, vilket effektivt kan f\u00f6rhindra regnerosion och f\u00f6rb\u00e4ttra takets h\u00e5llbarhet.<\/p>\n<p>3. Strukturella komponenter: I byggnadens strukturella komponenter kan anv\u00e4ndningen av v\u00e4derbest\u00e4ndiga st\u00e5lplattor \u00f6ka komponenternas styrka och stabilitet och f\u00f6rl\u00e4nga livsl\u00e4ngden.<\/p>\n<div style=\"width: 800px;\" class=\"wp-video\"><!--[if lt IE 9]><script>document.createElement('video');<\/script><![endif]-->\n<video class=\"wp-video-shortcode\" id=\"video-854-1\" width=\"800\" height=\"450\" preload=\"metadata\" controls=\"controls\"><source type=\"video\/mp4\" src=\"https:\/\/keweicorten.com\/wp-content\/uploads\/2024\/07\/6.mp4?_=1\" \/><a href=\"https:\/\/keweicorten.com\/wp-content\/uploads\/2024\/07\/6.mp4\">https:\/\/keweicorten.com\/wp-content\/uploads\/2024\/07\/6.mp4<\/a><\/video><\/div>\n<p><a href=\"https:\/\/keweicorten.com\/sv\/kontakta-oss\/\">kontakta oss<\/a><\/p>\n<figure style=\"width: 600px\" class=\"wp-caption alignnone\"><a href=\"https:\/\/sc04.alicdn.com\/kf\/H4356800d9bde483d9dbfa7d4fa0185caL\/228414524\/H4356800d9bde483d9dbfa7d4fa0185caL.jpg\" rel=\"nofollow noopener\" target=\"_blank\"><img fetchpriority=\"high\" decoding=\"async\" title=\"cortenst\u00e5lpl\u00e5t\" src=\"https:\/\/sc04.alicdn.com\/kf\/H4356800d9bde483d9dbfa7d4fa0185caL\/228414524\/H4356800d9bde483d9dbfa7d4fa0185caL.jpg\" alt=\"cortenst\u00e5lpl\u00e5t\" width=\"600\" height=\"600\" \/><\/a><figcaption class=\"wp-caption-text\">cortenst\u00e5lpl\u00e5t<\/figcaption><\/figure>\n<p><!--more--><\/p>","protected":false},"excerpt":{"rendered":"<p>3mm v\u00e4derbest\u00e4ndig st\u00e5lpl\u00e5t \u00e4r ett slags st\u00e5lpl\u00e5tmaterial med utm\u00e4rkt v\u00e4derbest\u00e4ndighet, som ofta anv\u00e4nds inom bygg- och konstruktionsteknik.<\/p>","protected":false},"featured_media":855,"comment_status":"open","ping_status":"closed","template":"","meta":{"_eb_attr":"","_monsterinsights_skip_tracking":false,"_monsterinsights_sitenote_active":false,"_monsterinsights_sitenote_note":"","_monsterinsights_sitenote_category":0,"_uf_show_specific_survey":0,"_uf_disable_surveys":false},"product_brand":[],"product_cat":[21],"product_tag":[],"class_list":{"0":"post-854","1":"product","2":"type-product","3":"status-publish","4":"has-post-thumbnail","6":"product_cat-weather-resistant-steel-plate","8":"first","9":"instock","10":"shipping-taxable","11":"product-type-simple"},"_links":{"self":[{"href":"https:\/\/keweicorten.com\/sv\/wp-json\/wp\/v2\/product\/854"}],"collection":[{"href":"https:\/\/keweicorten.com\/sv\/wp-json\/wp\/v2\/product"}],"about":[{"href":"https:\/\/keweicorten.com\/sv\/wp-json\/wp\/v2\/types\/product"}],"replies":[{"embeddable":true,"href":"https:\/\/keweicorten.com\/sv\/wp-json\/wp\/v2\/comments?post=854"}],"version-history":[{"count":0,"href":"https:\/\/keweicorten.com\/sv\/wp-json\/wp\/v2\/product\/854\/revisions"}],"wp:featuredmedia":[{"embeddable":true,"href":"https:\/\/keweicorten.com\/sv\/wp-json\/wp\/v2\/media\/855"}],"wp:attachment":[{"href":"https:\/\/keweicorten.com\/sv\/wp-json\/wp\/v2\/media?parent=854"}],"wp:term":[{"taxonomy":"product_brand","embeddable":true,"href":"https:\/\/keweicorten.com\/sv\/wp-json\/wp\/v2\/product_brand?post=854"},{"taxonomy":"product_cat","embeddable":true,"href":"https:\/\/keweicorten.com\/sv\/wp-json\/wp\/v2\/product_cat?post=854"},{"taxonomy":"product_tag","embeddable":true,"href":"https:\/\/keweicorten.com\/sv\/wp-json\/wp\/v2\/product_tag?post=854"}],"curies":[{"name":"wp","href":"https:\/\/api.w.org\/{rel}","templated":true}]}}