{"id":978,"date":"2024-09-10T01:58:48","date_gmt":"2024-09-10T01:58:48","guid":{"rendered":"https:\/\/keweicorten.com\/?post_type=product&#038;p=978"},"modified":"2025-01-15T06:28:30","modified_gmt":"2025-01-15T06:28:30","slug":"modern-utomhusfontan","status":"publish","type":"product","link":"https:\/\/keweicorten.com\/sv\/modern-utomhusfontan\/","title":{"rendered":"modern utomhusfont\u00e4n"},"content":{"rendered":"<p>Corten modern utomhusfont\u00e4n kan h\u00e5llas i b\u00e4sta skick och f\u00f6rl\u00e4nga sin livsl\u00e4ngd \u00e4ven under olika klimatf\u00f6rh\u00e5llanden. Regelbundet underh\u00e5ll och sk\u00f6tsel \u00e4r nyckeln till att s\u00e4kerst\u00e4lla font\u00e4nens l\u00e5ngsiktiga sk\u00f6nhet och funktion.<\/p>\n<p>Cortenst\u00e5l \u00e4r ett legerat st\u00e5l som \u00e4r speciellt utformat f\u00f6r anv\u00e4ndning i utomhusmilj\u00f6er och som har en unik estetik och v\u00e4derbest\u00e4ndighet tack vare det rostskikt som bildas av naturlig oxidation p\u00e5 ytan. \u00c4ven om Corten-st\u00e5l fungerar bra i m\u00e5nga klimat \u00e4r regelbunden sk\u00f6tsel och underh\u00e5ll fortfarande viktigt f\u00f6r att s\u00e4kerst\u00e4lla dess optimala skick och f\u00f6rl\u00e4nga dess livsl\u00e4ngd. H\u00e4r f\u00f6ljer n\u00e5gra tips f\u00f6r sk\u00f6tsel och underh\u00e5ll:<\/p>\n<table class=\"table\" border=\"1\" cellspacing=\"1\" cellpadding=\"1\">\n<tbody>\n<tr>\n<td colspan=\"2\" rowspan=\"1\">\n<div class=\"magic-18\"><strong>Specifikationer<\/strong><\/div>\n<\/td>\n<\/tr>\n<tr>\n<td colspan=\"1\" rowspan=\"1\">\n<div class=\"magic-21\">F\u00f6rem\u00e5l<\/div>\n<\/td>\n<td colspan=\"1\" rowspan=\"1\">\n<div class=\"magic-22\">Anpassad tr\u00e4dg\u00e5rdsvattenfont\u00e4n Tr\u00e4dg\u00e5rdsornament Vattenfall Design Utomhus Corten Steel Water Feature<\/div>\n<\/td>\n<\/tr>\n<tr>\n<td colspan=\"1\" rowspan=\"1\">\n<div class=\"magic-21\">Varum\u00e4rke<\/div>\n<\/td>\n<td colspan=\"1\" rowspan=\"1\">\n<div class=\"magic-22\">SHKW Tr\u00e4dg\u00e5rd<\/div>\n<\/td>\n<\/tr>\n<tr>\n<td colspan=\"1\" rowspan=\"1\">\n<div class=\"magic-21\">Modell nr.<\/div>\n<\/td>\n<td colspan=\"1\" rowspan=\"1\">\n<div class=\"magic-22\">SHKW-WF-088<\/div>\n<\/td>\n<\/tr>\n<tr>\n<td colspan=\"1\" rowspan=\"1\">\n<div class=\"magic-21\">Material<\/div>\n<\/td>\n<td colspan=\"1\" rowspan=\"1\">\n<div class=\"magic-22\">Cortenst\u00e5l\/v\u00e4dringsst\u00e5l<\/div>\n<\/td>\n<\/tr>\n<tr>\n<td colspan=\"1\" rowspan=\"1\">\n<div class=\"magic-21\">Yta<\/div>\n<\/td>\n<td colspan=\"1\" rowspan=\"1\">\n<div class=\"magic-22\">F\u00f6rrostade\/f\u00f6rv\u00e4drade, kan anpassas<\/div>\n<\/td>\n<\/tr>\n<tr>\n<td colspan=\"1\" rowspan=\"1\">\n<div class=\"magic-21\">F\u00f6rpackning<\/div>\n<\/td>\n<td colspan=\"1\" rowspan=\"1\">\n<div class=\"magic-22\">Insida: slitstarkt skumplastpapper; utsida: tr\u00e4pall<\/div>\n<\/td>\n<\/tr>\n<tr>\n<td colspan=\"1\" rowspan=\"1\">\n<div class=\"magic-21\">Anpassad service<\/div>\n<\/td>\n<td colspan=\"1\" rowspan=\"1\">\n<div class=\"magic-22\">M\u00f6nster, storlek och ytbehandling; ODM &amp; OEM tillg\u00e4ngliga<\/div>\n<\/td>\n<\/tr>\n<\/tbody>\n<\/table>\n<h3 class=\"kche-t101-title\">Produktcenter<\/h3>\n<div class=\"kche-t101-list\">\n<div class=\"kche-t101-item\">\n<div class=\"kche-t101-item-img\"><img fetchpriority=\"high\" decoding=\"async\" class=\"alignnone\" title=\"vattenspel\" src=\"https:\/\/www.keweistove.com\/uploads\/39684\/products\/2024060415451943cde.jpg?size=750x0\" alt=\"vattenspel\" width=\"750\" height=\"750\" \/><\/div>\n<div class=\"kche-t101-item-info\">\n<p class=\"kche-t101-item-tit\">Font\u00e4n med vattenfall<\/p>\n<div class=\"kche-t101-item-des\">\n<p>En vattenspegel i tr\u00e4dg\u00e5rden ger en ny dimension till ditt utomhusutrymme.<\/p>\n<\/div>\n<div class=\"kche-t101-item-btn\"><a href=\"https:\/\/keweicorten.com\/sv\/kontakta-oss\/\" target=\"_blank\" rel=\"noopener\">L\u00e4s mer<\/a><\/div>\n<\/div>\n<\/div>\n<div class=\"kche-t101-item\">\n<div class=\"kche-t101-item-img\"><img decoding=\"async\" class=\"alignnone\" title=\"vattenrid\u00e5\" src=\"https:\/\/www.keweistove.com\/uploads\/39684\/products\/20240604154552036b0.jpg?size=750x0\" alt=\"vattenrid\u00e5\" width=\"750\" height=\"750\" \/><\/div>\n<div class=\"kche-t101-item-info\">\n<p class=\"kche-t101-item-tit\"><strong>Vatten<\/strong>\u00a0Tabell<\/p>\n<div class=\"kche-t101-item-des\">\n<p>Att f\u00f6ra in vatten i tr\u00e4dg\u00e5rden kan ha en m\u00e4ngd f\u00f6rdelar, bland annat att uppmuntra djurlivet och fr\u00e4mja avkoppling.<\/p>\n<\/div>\n<div class=\"kche-t101-item-btn\"><a href=\"https:\/\/keweicorten.com\/sv\/kontakta-oss\/\" target=\"_blank\" rel=\"noopener\">L\u00e4s mer<\/a><\/div>\n<\/div>\n<\/div>\n<div class=\"kche-t101-item\">\n<div class=\"kche-t101-item-img\"><img decoding=\"async\" class=\"alignnone\" title=\"corten vattenspel\" src=\"https:\/\/www.keweistove.com\/uploads\/39684\/products\/20240604154619904a2.jpg?size=750x0\" alt=\"corten vattenspel\" width=\"750\" height=\"750\" \/><\/div>\n<div class=\"kche-t101-item-info\">\n<p class=\"kche-t101-item-tit\"><strong>Vatten<\/strong>\u00a0<strong>Funktioner<\/strong><\/p>\n<div class=\"kche-t101-item-des\">\n<p>SHKW-CORTEN erbjuder ett brett utbud av vattenspel f\u00f6r att passa din tr\u00e4dg\u00e5rd.<\/p>\n<\/div>\n<div class=\"kche-t101-item-btn\"><a href=\"https:\/\/www.keweistove.com\/water-features\/\" target=\"_blank\" rel=\"noopener nofollow\">L\u00e4s mer<\/a><\/div>\n<\/div>\n<\/div>\n<div class=\"kche-t101-item\">\n<div class=\"kche-t101-item-img\"><img loading=\"lazy\" decoding=\"async\" class=\"alignnone\" title=\"vattenfall\" src=\"https:\/\/www.keweistove.com\/uploads\/39684\/products\/202406041546545b72d.jpg?size=750x0\" alt=\"vattenfall\" width=\"750\" height=\"750\" \/><\/div>\n<div class=\"kche-t101-item-info\">\n<p class=\"kche-t101-item-tit\">Regnrid\u00e5<\/p>\n<div class=\"kche-t101-item-des\">\n<h3>Vi kan designa den detaljerade CAD-ritningen enligt dina krav, kan anpassas med olika m\u00f6nster.<\/h3>\n<\/div>\n<div class=\"kche-t101-item-btn\">L\u00e4s mer<\/div>\n<\/div>\n<\/div>\n<\/div>\n<h3>Modern font\u00e4n f\u00f6r utomhusbruk Underh\u00e5ll och underh\u00e5llstips<\/h3>\n<ul>\n<li>Kontrollera regelbundet<\/li>\n<li>H\u00e5ll den ren<\/li>\n<li>Ta hand om smuts och alger<\/li>\n<li>Vinterskydd<\/li>\n<li>F\u00f6rhindrar v\u00e4tskeansamling<\/li>\n<li>Applicera skyddsskikt regelbundet<\/li>\n<li>Undvik direktkontakt med kemikalier<\/li>\n<li>Uppr\u00e4tth\u00e5lla vattenkvaliteten<\/li>\n<\/ul>\n<h3>Olika stilar av Corten moderna utomhusfont\u00e4ner introduceras:<\/h3>\n<ol>\n<li>Industriell stil<\/li>\n<li>Modern minimalism<\/li>\n<li>Naturlig stil<\/li>\n<li>Modern konststil<\/li>\n<li>Kombinera traditionell och modern stil<\/li>\n<li>Sportig stil<\/li>\n<li>Milj\u00f6v\u00e4nlig stil<\/li>\n<\/ol>","protected":false},"excerpt":{"rendered":"<p>G\u00f6r den moderna utomhusfont\u00e4nen till h\u00f6jdpunkten i din tr\u00e4dg\u00e5rd och njut av lugnet och sk\u00f6nheten i vattenfl\u00f6det. Utforska olika designer f\u00f6r att skapa det perfekta utomhusutrymmet.<\/p>","protected":false},"featured_media":979,"comment_status":"open","ping_status":"closed","template":"","meta":{"_eb_attr":"","_monsterinsights_skip_tracking":false,"_monsterinsights_sitenote_active":false,"_monsterinsights_sitenote_note":"","_monsterinsights_sitenote_category":0,"_uf_show_specific_survey":0,"_uf_disable_surveys":false},"product_brand":[],"product_cat":[56],"product_tag":[],"class_list":{"0":"post-978","1":"product","2":"type-product","3":"status-publish","4":"has-post-thumbnail","6":"product_cat-water-feature","8":"first","9":"instock","10":"shipping-taxable","11":"product-type-simple"},"_links":{"self":[{"href":"https:\/\/keweicorten.com\/sv\/wp-json\/wp\/v2\/product\/978"}],"collection":[{"href":"https:\/\/keweicorten.com\/sv\/wp-json\/wp\/v2\/product"}],"about":[{"href":"https:\/\/keweicorten.com\/sv\/wp-json\/wp\/v2\/types\/product"}],"replies":[{"embeddable":true,"href":"https:\/\/keweicorten.com\/sv\/wp-json\/wp\/v2\/comments?post=978"}],"version-history":[{"count":1,"href":"https:\/\/keweicorten.com\/sv\/wp-json\/wp\/v2\/product\/978\/revisions"}],"predecessor-version":[{"id":984,"href":"https:\/\/keweicorten.com\/sv\/wp-json\/wp\/v2\/product\/978\/revisions\/984"}],"wp:featuredmedia":[{"embeddable":true,"href":"https:\/\/keweicorten.com\/sv\/wp-json\/wp\/v2\/media\/979"}],"wp:attachment":[{"href":"https:\/\/keweicorten.com\/sv\/wp-json\/wp\/v2\/media?parent=978"}],"wp:term":[{"taxonomy":"product_brand","embeddable":true,"href":"https:\/\/keweicorten.com\/sv\/wp-json\/wp\/v2\/product_brand?post=978"},{"taxonomy":"product_cat","embeddable":true,"href":"https:\/\/keweicorten.com\/sv\/wp-json\/wp\/v2\/product_cat?post=978"},{"taxonomy":"product_tag","embeddable":true,"href":"https:\/\/keweicorten.com\/sv\/wp-json\/wp\/v2\/product_tag?post=978"}],"curies":[{"name":"wp","href":"https:\/\/api.w.org\/{rel}","templated":true}]}}